{"id":2146,"date":"2023-04-01T21:20:16","date_gmt":"2023-04-01T21:20:16","guid":{"rendered":"https:\/\/srses.org\/?page_id=2146"},"modified":"2023-11-26T00:02:36","modified_gmt":"2023-11-25T23:02:36","slug":"prehospitalno-zbrinjavanje-i-trijaza","status":"publish","type":"page","link":"https:\/\/srses.org\/?page_id=2146","title":{"rendered":"Prehospitalno zbrinjavanje i trija\u017ea"},"content":{"rendered":"\t\t<div data-elementor-type=\"wp-page\" data-elementor-id=\"2146\" class=\"elementor elementor-2146\">\n\t\t\t\t<div class=\"elementor-element elementor-element-1a8a53b e-flex e-con-boxed e-con e-parent\" data-id=\"1a8a53b\" data-element_type=\"container\" data-e-type=\"container\">\n\t\t\t\t\t<div class=\"e-con-inner\">\n\t\t<div class=\"elementor-element elementor-element-8caff89 e-con-full e-flex e-con e-parent\" data-id=\"8caff89\" data-element_type=\"container\" data-e-type=\"container\">\n\t\t\t\t<div class=\"elementor-element elementor-element-28ba041 elementor-widget elementor-widget-text-editor\" data-id=\"28ba041\" data-element_type=\"widget\" data-e-type=\"widget\" data-widget_type=\"text-editor.default\">\n\t\t\t\t<div class=\"elementor-widget-container\">\n\t\t\t\t\t\t\t\t\t<p>Prehospitalno zbrinjavanje (PHZ) i trija\u017ea su osnovne komponente hitne medicinske pomoc\u0301i (HMP) koje poma\u017eu da pacijenti dobiju odgovarajuc\u0301i nivo zdravstvene nege na vreme.<\/p>\n<p>Prehospitalno zbrinjavanje se odnosi na medicinski tretman koji se pru\u017ea pacijentima na mestu poziva, pre nego \u0161to stignu u bolnicu ili drugu medicinsku ustanovu, nakon \u010dega sledi hitan transport pacijenta do ustanove u kojoj ce dobiti slede\u0107i, kompleksniji nivo le\u010denja.<\/p>\t\t\t\t\t\t\t\t<\/div>\n\t\t\t\t<\/div>\n\t\t\t\t<\/div>\n\t\t<div class=\"elementor-element elementor-element-8e32e43 e-con-full e-flex e-con e-parent\" data-id=\"8e32e43\" data-element_type=\"container\" data-e-type=\"container\">\n\t\t\t\t<div class=\"elementor-element elementor-element-f38f9aa elementor-widget elementor-widget-image\" data-id=\"f38f9aa\" data-element_type=\"widget\" data-e-type=\"widget\" data-widget_type=\"image.default\">\n\t\t\t\t<div class=\"elementor-widget-container\">\n\t\t\t\t\t\t\t\t\t\t\t\t\t\t\t<img fetchpriority=\"high\" decoding=\"async\" width=\"1024\" height=\"768\" src=\"https:\/\/srses.org\/wp-content\/uploads\/2023\/04\/trijaza-20230308_142707-1024x768.jpg\" class=\"attachment-large size-large wp-image-2315\" alt=\"\" srcset=\"https:\/\/srses.org\/wp-content\/uploads\/2023\/04\/trijaza-20230308_142707-1024x768.jpg 1024w, https:\/\/srses.org\/wp-content\/uploads\/2023\/04\/trijaza-20230308_142707-300x225.jpg 300w, https:\/\/srses.org\/wp-content\/uploads\/2023\/04\/trijaza-20230308_142707-768x576.jpg 768w, https:\/\/srses.org\/wp-content\/uploads\/2023\/04\/trijaza-20230308_142707-1000x750.jpg 1000w, https:\/\/srses.org\/wp-content\/uploads\/2023\/04\/trijaza-20230308_142707-230x173.jpg 230w, https:\/\/srses.org\/wp-content\/uploads\/2023\/04\/trijaza-20230308_142707-350x263.jpg 350w, https:\/\/srses.org\/wp-content\/uploads\/2023\/04\/trijaza-20230308_142707-480x360.jpg 480w, https:\/\/srses.org\/wp-content\/uploads\/2023\/04\/trijaza-20230308_142707.jpg 1216w\" sizes=\"(max-width: 1024px) 100vw, 1024px\" \/>\t\t\t\t\t\t\t\t\t\t\t\t\t\t\t<\/div>\n\t\t\t\t<\/div>\n\t\t\t\t<\/div>\n\t\t\t\t\t<\/div>\n\t\t\t\t<\/div>\n\t\t\t\t<section class=\"elementor-section elementor-top-section elementor-element elementor-element-36c371c9 elementor-section-boxed elementor-section-height-default elementor-section-height-default\" data-id=\"36c371c9\" data-element_type=\"section\" data-e-type=\"section\">\n\t\t\t\t\t\t<div class=\"elementor-container elementor-column-gap-default\">\n\t\t\t\t\t<div class=\"elementor-column elementor-col-100 elementor-top-column elementor-element elementor-element-32dab8ab\" data-id=\"32dab8ab\" data-element_type=\"column\" data-e-type=\"column\">\n\t\t\t<div class=\"elementor-widget-wrap elementor-element-populated\">\n\t\t\t\t\t\t<div class=\"elementor-element elementor-element-40b0681f elementor-widget elementor-widget-text-editor\" data-id=\"40b0681f\" data-element_type=\"widget\" data-e-type=\"widget\" data-widget_type=\"text-editor.default\">\n\t\t\t\t<div class=\"elementor-widget-container\">\n\t\t\t\t\t\t\t\t\t\n<p>Prehospitalno zbrinjavanje uklju\u010duje osnovnu prvu pomoc\u0301 i niz procedura, kao \u0161to je obrada rana, ali i postupke za spa\u0161avanje \u017eivota, kao \u0161to su endotrahealna intubacija i urgentna terapija \u0161oka primenom intravenskih medikamenata i te\u010dnosti. Prehospitalnu negu pru\u017eaju specijalno obu\u010deni zdravstveni radnici HMP koji su opremljeni savremenom medicinskom opremom i rade prema standardim protokolima kao \u0161to je ATLS (Advanced Trauma Life Support) napredni koncept spa\u0161avanja \u017eivota koji je predlo\u017eila American College of Surgeons Commitee on Trauma. ATLS u celini podrazumeva \u0161iroki koncept zbrinjavanja u dva nivoa, prehospitalno i hospitalno (Slika 1).<\/p>\n<p><span style=\"color: #0000ff;\"><em>Referenca: van Maarseveen OEC, Ham WHW, van de Ven NLM, Saris TFF, Leenen LPH. Effects of the application of a checklist during trauma resuscitations on ATLS adherence, team performance, and patient-related outcomes: a systematic review.\u00a0Eur J Trauma Emerg Surg.\u00a02020 Feb;46(1):65-72.\u00a0<\/em><\/span><\/p>\n\t\t\t\t\t\t\t\t<\/div>\n\t\t\t\t<\/div>\n\t\t\t\t\t<\/div>\n\t\t<\/div>\n\t\t\t\t\t<\/div>\n\t\t<\/section>\n\t\t<div class=\"elementor-element elementor-element-29aa5aa e-flex e-con-boxed e-con e-parent\" data-id=\"29aa5aa\" data-element_type=\"container\" data-e-type=\"container\">\n\t\t\t\t\t<div class=\"e-con-inner\">\n\t\t\t\t<div class=\"elementor-element elementor-element-6a60e06 elementor-widget elementor-widget-image\" data-id=\"6a60e06\" data-element_type=\"widget\" data-e-type=\"widget\" data-widget_type=\"image.default\">\n\t\t\t\t<div class=\"elementor-widget-container\">\n\t\t\t\t\t\t\t\t\t\t\t\t\t\t\t<img decoding=\"async\" width=\"1024\" height=\"644\" src=\"https:\/\/srses.org\/wp-content\/uploads\/2023\/04\/ATLS-1024x644.jpg\" class=\"attachment-large size-large wp-image-2417\" alt=\"\" srcset=\"https:\/\/srses.org\/wp-content\/uploads\/2023\/04\/ATLS-1024x644.jpg 1024w, https:\/\/srses.org\/wp-content\/uploads\/2023\/04\/ATLS-300x189.jpg 300w, https:\/\/srses.org\/wp-content\/uploads\/2023\/04\/ATLS-768x483.jpg 768w, https:\/\/srses.org\/wp-content\/uploads\/2023\/04\/ATLS-1000x629.jpg 1000w, https:\/\/srses.org\/wp-content\/uploads\/2023\/04\/ATLS-230x145.jpg 230w, https:\/\/srses.org\/wp-content\/uploads\/2023\/04\/ATLS-350x220.jpg 350w, https:\/\/srses.org\/wp-content\/uploads\/2023\/04\/ATLS-480x302.jpg 480w, https:\/\/srses.org\/wp-content\/uploads\/2023\/04\/ATLS.jpg 1330w\" sizes=\"(max-width: 1024px) 100vw, 1024px\" \/>\t\t\t\t\t\t\t\t\t\t\t\t\t\t\t<\/div>\n\t\t\t\t<\/div>\n\t\t\t\t\t<\/div>\n\t\t\t\t<\/div>\n\t\t<div class=\"elementor-element elementor-element-184a721 e-flex e-con-boxed e-con e-parent\" data-id=\"184a721\" data-element_type=\"container\" data-e-type=\"container\">\n\t\t\t\t\t<div class=\"e-con-inner\">\n\t\t\t\t<div class=\"elementor-element elementor-element-817af7b elementor-widget elementor-widget-text-editor\" data-id=\"817af7b\" data-element_type=\"widget\" data-e-type=\"widget\" data-widget_type=\"text-editor.default\">\n\t\t\t\t<div class=\"elementor-widget-container\">\n\t\t\t\t\t\t\t\t\t<p style=\"text-align: center;\"><em>Slika 1. \u0160ematski prikaz koncepta ATLS<\/em><\/p>\t\t\t\t\t\t\t\t<\/div>\n\t\t\t\t<\/div>\n\t\t\t\t\t<\/div>\n\t\t\t\t<\/div>\n\t\t<div class=\"elementor-element elementor-element-32635be e-flex e-con-boxed e-con e-parent\" data-id=\"32635be\" data-element_type=\"container\" data-e-type=\"container\">\n\t\t\t\t\t<div class=\"e-con-inner\">\n\t\t\t\t<div class=\"elementor-element elementor-element-34ba009 elementor-widget elementor-widget-text-editor\" data-id=\"34ba009\" data-element_type=\"widget\" data-e-type=\"widget\" data-widget_type=\"text-editor.default\">\n\t\t\t\t<div class=\"elementor-widget-container\">\n\t\t\t\t\t\t\t\t\t<p>Trija\u017ea pacijenata je proces \u201csortiranja\u201d pacijenata na osnovu te\u017eine njihovog zdravstvenog stanja i verovatnoc\u0301e da c\u0301e im biti potrebna hitna medicinska pomoc\u0301 vi\u0161eg nivoa. Trija\u017eu obavljaju zdravstveni radnici koji su obu\u010deni za kori\u0161c\u0301enje standardizovanih trija\u017enih protokola. Cilj trija\u017ee je da se osigura da pacijenti dobiju odgovarajuc\u0301i nivo nege na osnovu hitnosti.<br \/>U hitnim stanjima trija\u017ea obi\u010dno uklju\u010duje procenu stanja pacijenata na osnovu skupa ta\u010dno utvr\u0111enih kriterijuma, kao \u0161to su procena vitalnih parametra, stepen te\u017eine povreda, postojanje spolj\u0161njeg krvarenja, znaci unutra\u0161njeg kravarenja. Pacijenti kod kojih se skorovanjem proceni da su u kriti\u010dnom stanju moraju biti prevezeni najbli\u017eu zdravstvenu ustanovu koja ih mo\u017ee zbrinuti, na primer Urgentni centar ili drugu specijalizovanu medicinsku ustanovu, dok se oni sa lak\u0161im povredama ili bolestima mogu le\u010diti u op\u0161toj bolnici ili ambulatno.<br \/>Prehospitalna nega i trija\u017ea su klju\u010dne komponente hitne medicinske pomoc\u0301i koje pru\u017eajuc\u0301i ranu i neposrednu pomo\u0107, medicinski intervenciju i odgovarajuc\u0301u trija\u017eu, te mogu pomoc\u0301i u pobolj\u0161anju ishoda, pre\u017eivljavanju kriti\u010dnih pacijenata i smanjenju rizika od komplikacija ili dugotrajnih invaliditeta.<\/p>\t\t\t\t\t\t\t\t<\/div>\n\t\t\t\t<\/div>\n\t\t\t\t\t<\/div>\n\t\t\t\t<\/div>\n\t\t\t\t<\/div>\n\t\t","protected":false},"excerpt":{"rendered":"<p>Prehospitalno zbrinjavanje (PHZ) i trija\u017ea su osnovne komponente hitne medicinske pomoc\u0301i (HMP) koje poma\u017eu da pacijenti dobiju odgovarajuc\u0301i nivo zdravstvene nege na [&hellip;]<\/p>\n","protected":false},"author":2,"featured_media":0,"parent":0,"menu_order":0,"comment_status":"closed","ping_status":"closed","template":"","meta":{"footnotes":""},"class_list":["post-2146","page","type-page","status-publish","hentry"],"yoast_head":"<!-- This site is optimized with the Yoast SEO plugin v27.6 - https:\/\/yoast.com\/product\/yoast-seo-wordpress\/ -->\n<title>SSES - Prehospitalno zbrinjavanje i trija\u017ea<\/title>\n<meta name=\"description\" content=\"Prehospitalno zbrinjavanje i trija\u017ea su osnovne komponente hitne pomoc\u0301i koje poma\u017eu da pacijenti dobiju odgovarajuc\u0301i nivo nege na vreme.\" \/>\n<meta name=\"robots\" content=\"index, follow, max-snippet:-1, max-image-preview:large, max-video-preview:-1\" \/>\n<link rel=\"canonical\" href=\"https:\/\/srses.org\/?page_id=2146\" \/>\n<meta property=\"og:locale\" content=\"en_US\" \/>\n<meta property=\"og:type\" content=\"article\" \/>\n<meta property=\"og:title\" content=\"SSES - Prehospitalno zbrinjavanje i trija\u017ea\" \/>\n<meta property=\"og:description\" content=\"Prehospitalno zbrinjavanje i trija\u017ea su osnovne komponente hitne pomoc\u0301i koje poma\u017eu da pacijenti dobiju odgovarajuc\u0301i nivo nege na vreme.\" \/>\n<meta property=\"og:url\" content=\"https:\/\/srses.org\/?page_id=2146\" \/>\n<meta property=\"og:site_name\" content=\"SSES\" \/>\n<meta property=\"article:publisher\" content=\"https:\/\/www.facebook.com\/srbses\" \/>\n<meta property=\"article:modified_time\" content=\"2023-11-25T23:02:36+00:00\" \/>\n<meta property=\"og:image\" content=\"https:\/\/srses.org\/wp-content\/uploads\/2023\/04\/trijaza-20230308_142707-1024x768.jpg\" \/>\n<meta name=\"twitter:card\" content=\"summary_large_image\" \/>\n<meta name=\"twitter:label1\" content=\"Est. reading time\" \/>\n\t<meta name=\"twitter:data1\" content=\"3 minutes\" \/>\n<script type=\"application\/ld+json\" class=\"yoast-schema-graph\">{\"@context\":\"https:\\\/\\\/schema.org\",\"@graph\":[{\"@type\":\"WebPage\",\"@id\":\"https:\\\/\\\/srses.org\\\/?page_id=2146\",\"url\":\"https:\\\/\\\/srses.org\\\/?page_id=2146\",\"name\":\"SSES - Prehospitalno zbrinjavanje i trija\u017ea\",\"isPartOf\":{\"@id\":\"https:\\\/\\\/srses.org\\\/#website\"},\"primaryImageOfPage\":{\"@id\":\"https:\\\/\\\/srses.org\\\/?page_id=2146#primaryimage\"},\"image\":{\"@id\":\"https:\\\/\\\/srses.org\\\/?page_id=2146#primaryimage\"},\"thumbnailUrl\":\"https:\\\/\\\/srses.org\\\/wp-content\\\/uploads\\\/2023\\\/04\\\/trijaza-20230308_142707-1024x768.jpg\",\"datePublished\":\"2023-04-01T21:20:16+00:00\",\"dateModified\":\"2023-11-25T23:02:36+00:00\",\"description\":\"Prehospitalno zbrinjavanje i trija\u017ea su osnovne komponente hitne pomoc\u0301i koje poma\u017eu da pacijenti dobiju odgovarajuc\u0301i nivo nege na vreme.\",\"breadcrumb\":{\"@id\":\"https:\\\/\\\/srses.org\\\/?page_id=2146#breadcrumb\"},\"inLanguage\":\"en-US\",\"potentialAction\":[{\"@type\":\"ReadAction\",\"target\":[\"https:\\\/\\\/srses.org\\\/?page_id=2146\"]}]},{\"@type\":\"ImageObject\",\"inLanguage\":\"en-US\",\"@id\":\"https:\\\/\\\/srses.org\\\/?page_id=2146#primaryimage\",\"url\":\"https:\\\/\\\/srses.org\\\/wp-content\\\/uploads\\\/2023\\\/04\\\/trijaza-20230308_142707.jpg\",\"contentUrl\":\"https:\\\/\\\/srses.org\\\/wp-content\\\/uploads\\\/2023\\\/04\\\/trijaza-20230308_142707.jpg\",\"width\":1216,\"height\":912},{\"@type\":\"BreadcrumbList\",\"@id\":\"https:\\\/\\\/srses.org\\\/?page_id=2146#breadcrumb\",\"itemListElement\":[{\"@type\":\"ListItem\",\"position\":1,\"name\":\"Home\",\"item\":\"https:\\\/\\\/srses.org\\\/\"},{\"@type\":\"ListItem\",\"position\":2,\"name\":\"Prehospitalno zbrinjavanje i trija\u017ea\"}]},{\"@type\":\"WebSite\",\"@id\":\"https:\\\/\\\/srses.org\\\/#website\",\"url\":\"https:\\\/\\\/srses.org\\\/\",\"name\":\"SSES\",\"description\":\"Serbian Society of Emergency Surgery\",\"publisher\":{\"@id\":\"https:\\\/\\\/srses.org\\\/#organization\"},\"potentialAction\":[{\"@type\":\"SearchAction\",\"target\":{\"@type\":\"EntryPoint\",\"urlTemplate\":\"https:\\\/\\\/srses.org\\\/?s={search_term_string}\"},\"query-input\":{\"@type\":\"PropertyValueSpecification\",\"valueRequired\":true,\"valueName\":\"search_term_string\"}}],\"inLanguage\":\"en-US\"},{\"@type\":\"Organization\",\"@id\":\"https:\\\/\\\/srses.org\\\/#organization\",\"name\":\"SSES\",\"alternateName\":\"Serbian Society of Emergency Surgery\",\"url\":\"https:\\\/\\\/srses.org\\\/\",\"logo\":{\"@type\":\"ImageObject\",\"inLanguage\":\"en-US\",\"@id\":\"https:\\\/\\\/srses.org\\\/#\\\/schema\\\/logo\\\/image\\\/\",\"url\":\"https:\\\/\\\/srses.org\\\/wp-content\\\/uploads\\\/2023\\\/01\\\/crveni.png\",\"contentUrl\":\"https:\\\/\\\/srses.org\\\/wp-content\\\/uploads\\\/2023\\\/01\\\/crveni.png\",\"width\":724,\"height\":328,\"caption\":\"SSES\"},\"image\":{\"@id\":\"https:\\\/\\\/srses.org\\\/#\\\/schema\\\/logo\\\/image\\\/\"},\"sameAs\":[\"https:\\\/\\\/www.facebook.com\\\/srbses\"]}]}<\/script>\n<!-- \/ Yoast SEO plugin. -->","yoast_head_json":{"title":"SSES - Prehospitalno zbrinjavanje i trija\u017ea","description":"Prehospitalno zbrinjavanje i trija\u017ea su osnovne komponente hitne pomoc\u0301i koje poma\u017eu da pacijenti dobiju odgovarajuc\u0301i nivo nege na vreme.","robots":{"index":"index","follow":"follow","max-snippet":"max-snippet:-1","max-image-preview":"max-image-preview:large","max-video-preview":"max-video-preview:-1"},"canonical":"https:\/\/srses.org\/?page_id=2146","og_locale":"en_US","og_type":"article","og_title":"SSES - Prehospitalno zbrinjavanje i trija\u017ea","og_description":"Prehospitalno zbrinjavanje i trija\u017ea su osnovne komponente hitne pomoc\u0301i koje poma\u017eu da pacijenti dobiju odgovarajuc\u0301i nivo nege na vreme.","og_url":"https:\/\/srses.org\/?page_id=2146","og_site_name":"SSES","article_publisher":"https:\/\/www.facebook.com\/srbses","article_modified_time":"2023-11-25T23:02:36+00:00","og_image":[{"url":"https:\/\/srses.org\/wp-content\/uploads\/2023\/04\/trijaza-20230308_142707-1024x768.jpg","type":"","width":"","height":""}],"twitter_card":"summary_large_image","twitter_misc":{"Est. reading time":"3 minutes"},"schema":{"@context":"https:\/\/schema.org","@graph":[{"@type":"WebPage","@id":"https:\/\/srses.org\/?page_id=2146","url":"https:\/\/srses.org\/?page_id=2146","name":"SSES - Prehospitalno zbrinjavanje i trija\u017ea","isPartOf":{"@id":"https:\/\/srses.org\/#website"},"primaryImageOfPage":{"@id":"https:\/\/srses.org\/?page_id=2146#primaryimage"},"image":{"@id":"https:\/\/srses.org\/?page_id=2146#primaryimage"},"thumbnailUrl":"https:\/\/srses.org\/wp-content\/uploads\/2023\/04\/trijaza-20230308_142707-1024x768.jpg","datePublished":"2023-04-01T21:20:16+00:00","dateModified":"2023-11-25T23:02:36+00:00","description":"Prehospitalno zbrinjavanje i trija\u017ea su osnovne komponente hitne pomoc\u0301i koje poma\u017eu da pacijenti dobiju odgovarajuc\u0301i nivo nege na vreme.","breadcrumb":{"@id":"https:\/\/srses.org\/?page_id=2146#breadcrumb"},"inLanguage":"en-US","potentialAction":[{"@type":"ReadAction","target":["https:\/\/srses.org\/?page_id=2146"]}]},{"@type":"ImageObject","inLanguage":"en-US","@id":"https:\/\/srses.org\/?page_id=2146#primaryimage","url":"https:\/\/srses.org\/wp-content\/uploads\/2023\/04\/trijaza-20230308_142707.jpg","contentUrl":"https:\/\/srses.org\/wp-content\/uploads\/2023\/04\/trijaza-20230308_142707.jpg","width":1216,"height":912},{"@type":"BreadcrumbList","@id":"https:\/\/srses.org\/?page_id=2146#breadcrumb","itemListElement":[{"@type":"ListItem","position":1,"name":"Home","item":"https:\/\/srses.org\/"},{"@type":"ListItem","position":2,"name":"Prehospitalno zbrinjavanje i trija\u017ea"}]},{"@type":"WebSite","@id":"https:\/\/srses.org\/#website","url":"https:\/\/srses.org\/","name":"SSES","description":"Serbian Society of Emergency Surgery","publisher":{"@id":"https:\/\/srses.org\/#organization"},"potentialAction":[{"@type":"SearchAction","target":{"@type":"EntryPoint","urlTemplate":"https:\/\/srses.org\/?s={search_term_string}"},"query-input":{"@type":"PropertyValueSpecification","valueRequired":true,"valueName":"search_term_string"}}],"inLanguage":"en-US"},{"@type":"Organization","@id":"https:\/\/srses.org\/#organization","name":"SSES","alternateName":"Serbian Society of Emergency Surgery","url":"https:\/\/srses.org\/","logo":{"@type":"ImageObject","inLanguage":"en-US","@id":"https:\/\/srses.org\/#\/schema\/logo\/image\/","url":"https:\/\/srses.org\/wp-content\/uploads\/2023\/01\/crveni.png","contentUrl":"https:\/\/srses.org\/wp-content\/uploads\/2023\/01\/crveni.png","width":724,"height":328,"caption":"SSES"},"image":{"@id":"https:\/\/srses.org\/#\/schema\/logo\/image\/"},"sameAs":["https:\/\/www.facebook.com\/srbses"]}]}},"_links":{"self":[{"href":"https:\/\/srses.org\/index.php?rest_route=\/wp\/v2\/pages\/2146","targetHints":{"allow":["GET"]}}],"collection":[{"href":"https:\/\/srses.org\/index.php?rest_route=\/wp\/v2\/pages"}],"about":[{"href":"https:\/\/srses.org\/index.php?rest_route=\/wp\/v2\/types\/page"}],"author":[{"embeddable":true,"href":"https:\/\/srses.org\/index.php?rest_route=\/wp\/v2\/users\/2"}],"replies":[{"embeddable":true,"href":"https:\/\/srses.org\/index.php?rest_route=%2Fwp%2Fv2%2Fcomments&post=2146"}],"version-history":[{"count":15,"href":"https:\/\/srses.org\/index.php?rest_route=\/wp\/v2\/pages\/2146\/revisions"}],"predecessor-version":[{"id":2420,"href":"https:\/\/srses.org\/index.php?rest_route=\/wp\/v2\/pages\/2146\/revisions\/2420"}],"wp:attachment":[{"href":"https:\/\/srses.org\/index.php?rest_route=%2Fwp%2Fv2%2Fmedia&parent=2146"}],"curies":[{"name":"wp","href":"https:\/\/api.w.org\/{rel}","templated":true}]}}