{"id":2158,"date":"2023-04-01T21:23:42","date_gmt":"2023-04-01T21:23:42","guid":{"rendered":"https:\/\/srses.org\/?page_id=2158"},"modified":"2023-11-25T23:56:40","modified_gmt":"2023-11-25T22:56:40","slug":"netraumatska-urgentna-hirurgija","status":"publish","type":"page","link":"https:\/\/srses.org\/?page_id=2158","title":{"rendered":"Netraumatska urgentna hirurgija"},"content":{"rendered":"\t\t<div data-elementor-type=\"wp-page\" data-elementor-id=\"2158\" class=\"elementor elementor-2158\">\n\t\t\t\t\t\t<section class=\"elementor-section elementor-top-section elementor-element elementor-element-25e231d1 elementor-section-boxed elementor-section-height-default elementor-section-height-default\" data-id=\"25e231d1\" data-element_type=\"section\" data-e-type=\"section\">\n\t\t\t\t\t\t<div class=\"elementor-container elementor-column-gap-default\">\n\t\t\t\t\t<div class=\"elementor-column elementor-col-100 elementor-top-column elementor-element elementor-element-5baded1f\" data-id=\"5baded1f\" data-element_type=\"column\" data-e-type=\"column\">\n\t\t\t<div class=\"elementor-widget-wrap elementor-element-populated\">\n\t\t\t\t\t\t<div class=\"elementor-element elementor-element-636ed69d elementor-widget elementor-widget-text-editor\" data-id=\"636ed69d\" data-element_type=\"widget\" data-e-type=\"widget\" data-widget_type=\"text-editor.default\">\n\t\t\t\t<div class=\"elementor-widget-container\">\n\t\t\t\t\t\t\t\t\t\n<p>Netraumatska urgenta hirurgija se odnosi na urgentne hirur\u0161ke procedure koje se hitno realizuju u cilju le\u010denja urgentnih stanja koja nisu uzrokovana traumom. Ove procedure su neophodne za re\u0161avanje akutnih stanja opasnih po \u017eivot, hirur\u0161kih komplikacija hroni\u010dnih bolesti ili za spre\u010davanje razvoja ozbiljnih komplikacija. Neki primeri netraumatskih urgentnih abdominalnih operacija uklju\u010duju:<\/p>\n\n<ul>\n<li>Hitnu hirur\u0161ku kontrolu infekcije kod sindroma peritonitisa<\/li>\n<li>Hirur\u0161ko le\u010denje akutne mehani\u010dke crevne opstrukcije<\/li>\n<li>Urgentnu hirur\u0161ku hemostazu zbog akutnog gastrointestinalnog krvarenja<\/li>\n<li>Hitne hirur\u0161ke procedure u slu\u010daju intraabdominalne hipertenzije<\/li>\n<\/ul>\n\t\t\t\t\t\t\t\t<\/div>\n\t\t\t\t<\/div>\n\t\t\t\t\t<\/div>\n\t\t<\/div>\n\t\t\t\t\t<\/div>\n\t\t<\/section>\n\t\t<div class=\"elementor-element elementor-element-7c7215f e-flex e-con-boxed e-con e-parent\" data-id=\"7c7215f\" data-element_type=\"container\" data-e-type=\"container\">\n\t\t\t\t\t<div class=\"e-con-inner\">\n\t\t\t\t<div class=\"elementor-element elementor-element-2876eda elementor-widget elementor-widget-image\" data-id=\"2876eda\" data-element_type=\"widget\" data-e-type=\"widget\" data-widget_type=\"image.default\">\n\t\t\t\t<div class=\"elementor-widget-container\">\n\t\t\t\t\t\t\t\t\t\t\t\t\t\t\t<img fetchpriority=\"high\" decoding=\"async\" width=\"910\" height=\"1024\" src=\"https:\/\/srses.org\/wp-content\/uploads\/2023\/04\/netraumatska-3-2-910x1024.jpg\" class=\"attachment-large size-large wp-image-2348\" alt=\"\" srcset=\"https:\/\/srses.org\/wp-content\/uploads\/2023\/04\/netraumatska-3-2-910x1024.jpg 910w, https:\/\/srses.org\/wp-content\/uploads\/2023\/04\/netraumatska-3-2-267x300.jpg 267w, https:\/\/srses.org\/wp-content\/uploads\/2023\/04\/netraumatska-3-2-768x864.jpg 768w, https:\/\/srses.org\/wp-content\/uploads\/2023\/04\/netraumatska-3-2-1000x1125.jpg 1000w, https:\/\/srses.org\/wp-content\/uploads\/2023\/04\/netraumatska-3-2-230x259.jpg 230w, https:\/\/srses.org\/wp-content\/uploads\/2023\/04\/netraumatska-3-2-350x394.jpg 350w, https:\/\/srses.org\/wp-content\/uploads\/2023\/04\/netraumatska-3-2-480x540.jpg 480w, https:\/\/srses.org\/wp-content\/uploads\/2023\/04\/netraumatska-3-2.jpg 1199w\" sizes=\"(max-width: 910px) 100vw, 910px\" \/>\t\t\t\t\t\t\t\t\t\t\t\t\t\t\t<\/div>\n\t\t\t\t<\/div>\n\t\t\t\t\t<\/div>\n\t\t\t\t<\/div>\n\t\t<div class=\"elementor-element elementor-element-f5d224d e-flex e-con-boxed e-con e-parent\" data-id=\"f5d224d\" data-element_type=\"container\" data-e-type=\"container\">\n\t\t\t\t\t<div class=\"e-con-inner\">\n\t\t\t\t<div class=\"elementor-element elementor-element-5c78b78 elementor-widget elementor-widget-text-editor\" data-id=\"5c78b78\" data-element_type=\"widget\" data-e-type=\"widget\" data-widget_type=\"text-editor.default\">\n\t\t\t\t<div class=\"elementor-widget-container\">\n\t\t\t\t\t\t\t\t\t<p>Netraumatska urgentna hirurgija zahteva tim iskusnih zdravstvenih radnika, uklju\u010dujuc\u0301i hirurge, anesteziologe, medicinske sestre i drugo pomoc\u0301no osoblje, koji su edukovani da brzo i efikasno reaguju. Izvo\u0111enjem ovih procedura brzo i efikasno, pobolj\u0161ava se ishod le\u010denja pacijenata i spre\u010davaju ozbiljne komplikacije.<\/p>\t\t\t\t\t\t\t\t<\/div>\n\t\t\t\t<\/div>\n\t\t\t\t\t<\/div>\n\t\t\t\t<\/div>\n\t\t<div class=\"elementor-element elementor-element-4f58869 e-flex e-con-boxed e-con e-parent\" data-id=\"4f58869\" data-element_type=\"container\" data-e-type=\"container\">\n\t\t\t\t\t<div class=\"e-con-inner\">\n\t\t\t\t<div class=\"elementor-element elementor-element-3eb15b3 elementor-widget elementor-widget-image\" data-id=\"3eb15b3\" data-element_type=\"widget\" data-e-type=\"widget\" data-widget_type=\"image.default\">\n\t\t\t\t<div class=\"elementor-widget-container\">\n\t\t\t\t\t\t\t\t\t\t\t\t\t\t\t<img decoding=\"async\" width=\"1024\" height=\"768\" src=\"https:\/\/srses.org\/wp-content\/uploads\/2023\/04\/IMG_20230119_113901-1024x768.jpg\" class=\"attachment-large size-large wp-image-2425\" alt=\"\" srcset=\"https:\/\/srses.org\/wp-content\/uploads\/2023\/04\/IMG_20230119_113901-1024x768.jpg 1024w, https:\/\/srses.org\/wp-content\/uploads\/2023\/04\/IMG_20230119_113901-300x225.jpg 300w, https:\/\/srses.org\/wp-content\/uploads\/2023\/04\/IMG_20230119_113901-768x576.jpg 768w, https:\/\/srses.org\/wp-content\/uploads\/2023\/04\/IMG_20230119_113901-1536x1152.jpg 1536w, https:\/\/srses.org\/wp-content\/uploads\/2023\/04\/IMG_20230119_113901-2048x1536.jpg 2048w, https:\/\/srses.org\/wp-content\/uploads\/2023\/04\/IMG_20230119_113901-1000x750.jpg 1000w, https:\/\/srses.org\/wp-content\/uploads\/2023\/04\/IMG_20230119_113901-230x173.jpg 230w, https:\/\/srses.org\/wp-content\/uploads\/2023\/04\/IMG_20230119_113901-350x263.jpg 350w, https:\/\/srses.org\/wp-content\/uploads\/2023\/04\/IMG_20230119_113901-480x360.jpg 480w\" sizes=\"(max-width: 1024px) 100vw, 1024px\" \/>\t\t\t\t\t\t\t\t\t\t\t\t\t\t\t<\/div>\n\t\t\t\t<\/div>\n\t\t\t\t\t<\/div>\n\t\t\t\t<\/div>\n\t\t\t\t<\/div>\n\t\t","protected":false},"excerpt":{"rendered":"<p>Netraumatska urgenta hirurgija se odnosi na urgentne hirur\u0161ke procedure koje se hitno realizuju u cilju le\u010denja urgentnih stanja koja nisu uzrokovana traumom. [&hellip;]<\/p>\n","protected":false},"author":2,"featured_media":0,"parent":0,"menu_order":0,"comment_status":"closed","ping_status":"closed","template":"","meta":{"footnotes":""},"class_list":["post-2158","page","type-page","status-publish","hentry"],"yoast_head":"<!-- This site is optimized with the Yoast SEO plugin v27.6 - https:\/\/yoast.com\/product\/yoast-seo-wordpress\/ -->\n<title>SSES - Netraumatska urgentna hirurgija<\/title>\n<meta name=\"description\" content=\"Hirur\u0161ke procedure koje se hitno realizuju za le\u010denje zdravstvenih stanja koja nisu povezana sa traumatskom povredom.\" \/>\n<meta name=\"robots\" content=\"index, follow, max-snippet:-1, max-image-preview:large, max-video-preview:-1\" \/>\n<link rel=\"canonical\" href=\"https:\/\/srses.org\/?page_id=2158\" \/>\n<meta property=\"og:locale\" content=\"en_US\" \/>\n<meta property=\"og:type\" content=\"article\" \/>\n<meta property=\"og:title\" content=\"SSES - Netraumatska urgentna hirurgija\" \/>\n<meta property=\"og:description\" content=\"Hirur\u0161ke procedure koje se hitno realizuju za le\u010denje zdravstvenih stanja koja nisu povezana sa traumatskom povredom.\" \/>\n<meta property=\"og:url\" content=\"https:\/\/srses.org\/?page_id=2158\" \/>\n<meta property=\"og:site_name\" content=\"SSES\" \/>\n<meta property=\"article:publisher\" content=\"https:\/\/www.facebook.com\/srbses\" \/>\n<meta property=\"article:modified_time\" content=\"2023-11-25T22:56:40+00:00\" \/>\n<meta property=\"og:image\" content=\"https:\/\/srses.org\/wp-content\/uploads\/2023\/04\/netraumatska-3-2-910x1024.jpg\" \/>\n<meta name=\"twitter:card\" content=\"summary_large_image\" \/>\n<meta name=\"twitter:label1\" content=\"Est. reading time\" \/>\n\t<meta name=\"twitter:data1\" content=\"1 minute\" \/>\n<script type=\"application\/ld+json\" class=\"yoast-schema-graph\">{\"@context\":\"https:\\\/\\\/schema.org\",\"@graph\":[{\"@type\":\"WebPage\",\"@id\":\"https:\\\/\\\/srses.org\\\/?page_id=2158\",\"url\":\"https:\\\/\\\/srses.org\\\/?page_id=2158\",\"name\":\"SSES - Netraumatska urgentna hirurgija\",\"isPartOf\":{\"@id\":\"https:\\\/\\\/srses.org\\\/#website\"},\"primaryImageOfPage\":{\"@id\":\"https:\\\/\\\/srses.org\\\/?page_id=2158#primaryimage\"},\"image\":{\"@id\":\"https:\\\/\\\/srses.org\\\/?page_id=2158#primaryimage\"},\"thumbnailUrl\":\"https:\\\/\\\/srses.org\\\/wp-content\\\/uploads\\\/2023\\\/04\\\/netraumatska-3-2-910x1024.jpg\",\"datePublished\":\"2023-04-01T21:23:42+00:00\",\"dateModified\":\"2023-11-25T22:56:40+00:00\",\"description\":\"Hirur\u0161ke procedure koje se hitno realizuju za le\u010denje zdravstvenih stanja koja nisu povezana sa traumatskom povredom.\",\"breadcrumb\":{\"@id\":\"https:\\\/\\\/srses.org\\\/?page_id=2158#breadcrumb\"},\"inLanguage\":\"en-US\",\"potentialAction\":[{\"@type\":\"ReadAction\",\"target\":[\"https:\\\/\\\/srses.org\\\/?page_id=2158\"]}]},{\"@type\":\"ImageObject\",\"inLanguage\":\"en-US\",\"@id\":\"https:\\\/\\\/srses.org\\\/?page_id=2158#primaryimage\",\"url\":\"https:\\\/\\\/srses.org\\\/wp-content\\\/uploads\\\/2023\\\/04\\\/netraumatska-3-2.jpg\",\"contentUrl\":\"https:\\\/\\\/srses.org\\\/wp-content\\\/uploads\\\/2023\\\/04\\\/netraumatska-3-2.jpg\",\"width\":1199,\"height\":1349},{\"@type\":\"BreadcrumbList\",\"@id\":\"https:\\\/\\\/srses.org\\\/?page_id=2158#breadcrumb\",\"itemListElement\":[{\"@type\":\"ListItem\",\"position\":1,\"name\":\"Home\",\"item\":\"https:\\\/\\\/srses.org\\\/\"},{\"@type\":\"ListItem\",\"position\":2,\"name\":\"Netraumatska urgentna hirurgija\"}]},{\"@type\":\"WebSite\",\"@id\":\"https:\\\/\\\/srses.org\\\/#website\",\"url\":\"https:\\\/\\\/srses.org\\\/\",\"name\":\"SSES\",\"description\":\"Serbian Society of Emergency Surgery\",\"publisher\":{\"@id\":\"https:\\\/\\\/srses.org\\\/#organization\"},\"potentialAction\":[{\"@type\":\"SearchAction\",\"target\":{\"@type\":\"EntryPoint\",\"urlTemplate\":\"https:\\\/\\\/srses.org\\\/?s={search_term_string}\"},\"query-input\":{\"@type\":\"PropertyValueSpecification\",\"valueRequired\":true,\"valueName\":\"search_term_string\"}}],\"inLanguage\":\"en-US\"},{\"@type\":\"Organization\",\"@id\":\"https:\\\/\\\/srses.org\\\/#organization\",\"name\":\"SSES\",\"alternateName\":\"Serbian Society of Emergency Surgery\",\"url\":\"https:\\\/\\\/srses.org\\\/\",\"logo\":{\"@type\":\"ImageObject\",\"inLanguage\":\"en-US\",\"@id\":\"https:\\\/\\\/srses.org\\\/#\\\/schema\\\/logo\\\/image\\\/\",\"url\":\"https:\\\/\\\/srses.org\\\/wp-content\\\/uploads\\\/2023\\\/01\\\/crveni.png\",\"contentUrl\":\"https:\\\/\\\/srses.org\\\/wp-content\\\/uploads\\\/2023\\\/01\\\/crveni.png\",\"width\":724,\"height\":328,\"caption\":\"SSES\"},\"image\":{\"@id\":\"https:\\\/\\\/srses.org\\\/#\\\/schema\\\/logo\\\/image\\\/\"},\"sameAs\":[\"https:\\\/\\\/www.facebook.com\\\/srbses\"]}]}<\/script>\n<!-- \/ Yoast SEO plugin. -->","yoast_head_json":{"title":"SSES - Netraumatska urgentna hirurgija","description":"Hirur\u0161ke procedure koje se hitno realizuju za le\u010denje zdravstvenih stanja koja nisu povezana sa traumatskom povredom.","robots":{"index":"index","follow":"follow","max-snippet":"max-snippet:-1","max-image-preview":"max-image-preview:large","max-video-preview":"max-video-preview:-1"},"canonical":"https:\/\/srses.org\/?page_id=2158","og_locale":"en_US","og_type":"article","og_title":"SSES - Netraumatska urgentna hirurgija","og_description":"Hirur\u0161ke procedure koje se hitno realizuju za le\u010denje zdravstvenih stanja koja nisu povezana sa traumatskom povredom.","og_url":"https:\/\/srses.org\/?page_id=2158","og_site_name":"SSES","article_publisher":"https:\/\/www.facebook.com\/srbses","article_modified_time":"2023-11-25T22:56:40+00:00","og_image":[{"url":"https:\/\/srses.org\/wp-content\/uploads\/2023\/04\/netraumatska-3-2-910x1024.jpg","type":"","width":"","height":""}],"twitter_card":"summary_large_image","twitter_misc":{"Est. reading time":"1 minute"},"schema":{"@context":"https:\/\/schema.org","@graph":[{"@type":"WebPage","@id":"https:\/\/srses.org\/?page_id=2158","url":"https:\/\/srses.org\/?page_id=2158","name":"SSES - Netraumatska urgentna hirurgija","isPartOf":{"@id":"https:\/\/srses.org\/#website"},"primaryImageOfPage":{"@id":"https:\/\/srses.org\/?page_id=2158#primaryimage"},"image":{"@id":"https:\/\/srses.org\/?page_id=2158#primaryimage"},"thumbnailUrl":"https:\/\/srses.org\/wp-content\/uploads\/2023\/04\/netraumatska-3-2-910x1024.jpg","datePublished":"2023-04-01T21:23:42+00:00","dateModified":"2023-11-25T22:56:40+00:00","description":"Hirur\u0161ke procedure koje se hitno realizuju za le\u010denje zdravstvenih stanja koja nisu povezana sa traumatskom povredom.","breadcrumb":{"@id":"https:\/\/srses.org\/?page_id=2158#breadcrumb"},"inLanguage":"en-US","potentialAction":[{"@type":"ReadAction","target":["https:\/\/srses.org\/?page_id=2158"]}]},{"@type":"ImageObject","inLanguage":"en-US","@id":"https:\/\/srses.org\/?page_id=2158#primaryimage","url":"https:\/\/srses.org\/wp-content\/uploads\/2023\/04\/netraumatska-3-2.jpg","contentUrl":"https:\/\/srses.org\/wp-content\/uploads\/2023\/04\/netraumatska-3-2.jpg","width":1199,"height":1349},{"@type":"BreadcrumbList","@id":"https:\/\/srses.org\/?page_id=2158#breadcrumb","itemListElement":[{"@type":"ListItem","position":1,"name":"Home","item":"https:\/\/srses.org\/"},{"@type":"ListItem","position":2,"name":"Netraumatska urgentna hirurgija"}]},{"@type":"WebSite","@id":"https:\/\/srses.org\/#website","url":"https:\/\/srses.org\/","name":"SSES","description":"Serbian Society of Emergency Surgery","publisher":{"@id":"https:\/\/srses.org\/#organization"},"potentialAction":[{"@type":"SearchAction","target":{"@type":"EntryPoint","urlTemplate":"https:\/\/srses.org\/?s={search_term_string}"},"query-input":{"@type":"PropertyValueSpecification","valueRequired":true,"valueName":"search_term_string"}}],"inLanguage":"en-US"},{"@type":"Organization","@id":"https:\/\/srses.org\/#organization","name":"SSES","alternateName":"Serbian Society of Emergency Surgery","url":"https:\/\/srses.org\/","logo":{"@type":"ImageObject","inLanguage":"en-US","@id":"https:\/\/srses.org\/#\/schema\/logo\/image\/","url":"https:\/\/srses.org\/wp-content\/uploads\/2023\/01\/crveni.png","contentUrl":"https:\/\/srses.org\/wp-content\/uploads\/2023\/01\/crveni.png","width":724,"height":328,"caption":"SSES"},"image":{"@id":"https:\/\/srses.org\/#\/schema\/logo\/image\/"},"sameAs":["https:\/\/www.facebook.com\/srbses"]}]}},"_links":{"self":[{"href":"https:\/\/srses.org\/index.php?rest_route=\/wp\/v2\/pages\/2158","targetHints":{"allow":["GET"]}}],"collection":[{"href":"https:\/\/srses.org\/index.php?rest_route=\/wp\/v2\/pages"}],"about":[{"href":"https:\/\/srses.org\/index.php?rest_route=\/wp\/v2\/types\/page"}],"author":[{"embeddable":true,"href":"https:\/\/srses.org\/index.php?rest_route=\/wp\/v2\/users\/2"}],"replies":[{"embeddable":true,"href":"https:\/\/srses.org\/index.php?rest_route=%2Fwp%2Fv2%2Fcomments&post=2158"}],"version-history":[{"count":20,"href":"https:\/\/srses.org\/index.php?rest_route=\/wp\/v2\/pages\/2158\/revisions"}],"predecessor-version":[{"id":2428,"href":"https:\/\/srses.org\/index.php?rest_route=\/wp\/v2\/pages\/2158\/revisions\/2428"}],"wp:attachment":[{"href":"https:\/\/srses.org\/index.php?rest_route=%2Fwp%2Fv2%2Fmedia&parent=2158"}],"curies":[{"name":"wp","href":"https:\/\/api.w.org\/{rel}","templated":true}]}}