{"id":2170,"date":"2023-04-01T21:26:09","date_gmt":"2023-04-01T21:26:09","guid":{"rendered":"https:\/\/srses.org\/?page_id=2170"},"modified":"2023-11-25T23:44:13","modified_gmt":"2023-11-25T22:44:13","slug":"hirurske-infekcije-i-sepsa","status":"publish","type":"page","link":"https:\/\/srses.org\/?page_id=2170","title":{"rendered":"Hirur\u0161ke infekcije i sepsa"},"content":{"rendered":"\t\t<div data-elementor-type=\"wp-page\" data-elementor-id=\"2170\" class=\"elementor elementor-2170\">\n\t\t\t\t\t\t<section class=\"elementor-section elementor-top-section elementor-element elementor-element-49258fce elementor-section-boxed elementor-section-height-default elementor-section-height-default\" data-id=\"49258fce\" data-element_type=\"section\" data-e-type=\"section\">\n\t\t\t\t\t\t<div class=\"elementor-container elementor-column-gap-default\">\n\t\t\t\t\t<div class=\"elementor-column elementor-col-100 elementor-top-column elementor-element elementor-element-2c471738\" data-id=\"2c471738\" data-element_type=\"column\" data-e-type=\"column\">\n\t\t\t<div class=\"elementor-widget-wrap elementor-element-populated\">\n\t\t\t\t\t\t<div class=\"elementor-element elementor-element-5072613 elementor-widget elementor-widget-text-editor\" data-id=\"5072613\" data-element_type=\"widget\" data-e-type=\"widget\" data-widget_type=\"text-editor.default\">\n\t\t\t\t<div class=\"elementor-widget-container\">\n\t\t\t\t\t\t\t\t\t\n<p>Hirur\u0161ke infekcije i abdominalna sepsa su ozbiljna medicinska stanja koja zahtevaju multidisciplinarno le\u010denje. Infekcije mogu nastati kao bolni\u010dke , koje predstavljaju poseban entitet kako epidemiolo\u0161ki, tako i terapijski. Infekcije u hirurgiji se mogu razviti zbog prodora patogenih virulentnih bakterijskih, gljivi\u010dnih ili virusnih patogena, koji ulaze kroz mesto hirur\u0161kog rada tokom ili posle operacije, ili kasnije nastaju na mestu hirur\u0161kog rada. Abdominalna sepsa je posledica perforacije \u0161upljeg organa u trbuhu, u sklopu sindroma akutnog abdomena, ili nastaje zbog hirur\u0161kih komplikacija u trbuhu, \u0161to dovodi do sistemskog inflamatornog odgovora. Lokalni znaci hirur\u0161kih infekcija u mekim tkivima ko\u017ee, potkoze, i mi\u0161i\u0107nih lo\u017ea su crvenilo, otok, bol, sekrecija u rani, a u slu\u010daju progresije i sistemskog odgovara znaci su temperature, groznica i promena op\u0161teg stanja i laboratorijskih parametra. Simptomi i znaci sepse su znaci sistemskog odgovora na infekciju, koji je kompleksan i de\u0161ava se kroz nekoliko faza, uklju\u010duju\u0107i i nastanak septi\u010dnog \u0161oka. <br \/>Posebna oblast interesovanja je le\u010denje infekcija uzrokovanih multirezistentnim mikrorganizmima. Pravilno uzimanje uzoraka za mikrobiolo\u0161ku analizu je klju\u010dno za odabir efikasnih lekova i podrazumeva ponavljano uzorkovanje: bris rane, hemokultura, urinokultura, bris iz trbuha, likvor, pleuralna te\u010dnost. Le\u010denje hirur\u0161kih infekcija i abdominalne sepse uklju\u010duje anga\u017eovanje hirurga, anesteziologa, epidemiologa, mikrobiologa, infektologa. Terapiju \u010dini skup slo\u017eenih procedura i podrazumeva reanimaciju, hitnu kontrolu infekcije invazivnim i neinvazivnim tehnikama, hirur\u0161ko ulanjanje fokusa infekcije, drena\u017ene procedure, tehnike interventne radiologije, medikamentnu terapiju, terapiju kiseonikom-baro komora. <br \/>Spre\u010davanje nastanka hirur\u0161kih infekcija uklju\u010duje \u010ditav niz epidemiolo\u0161kih mera i postupaka, kojima je u osnovi princip asepse i antisepse:<br \/>Preoperativna priprema: priprema ko\u017ee antisepti\u010dkim rastvorima, profilakti\u010dka upotreba antibiotika i druge mere za smanjenje rizika od infekcije.<br \/>Pravilna hirur\u0161ka tehnika: odr\u017eavanje sterilnog operativnog polja, kori\u0161c\u0301enje odgovarajuc\u0301ih hirur\u0161kih instrumenata i minimiziranje traume tkiva.<br \/>Postoperativna nega: intezivno prac\u0301enje pacijenata, uo\u010diti odmah znake infekcije i sepse, adekvatna obrada rana, toaleta katetera, pru\u017eanje odgovarajuc\u0301e nege i brzo re\u0161avanje svih komplikacija.<br \/>Mere kontrole infekcije: uklju\u010duju pravilnu higijenu ruku, upotrebu li\u010dne za\u0161titne opreme i \u010di\u0161c\u0301enje okoline kako bi se smanjio rizik od preno\u0161enja infekcije.<br \/>Hirur\u0161ke infekcije i sepsa su ozbiljna stanja koje se mogu javiti i nakon operacije. Preduzimanjem odgovarajuc\u0301ih preventivnih mera i pru\u017eanjem blagovremenog i efikasnog le\u010denja, mo\u017ee se smanjiti u\u010destalost i te\u017eina ovih komplikacija i pobolj\u0161ati ishod le\u010denja.<\/p>\n\t\t\t\t\t\t\t\t<\/div>\n\t\t\t\t<\/div>\n\t\t\t\t\t<\/div>\n\t\t<\/div>\n\t\t\t\t\t<\/div>\n\t\t<\/section>\n\t\t\t\t<\/div>\n\t\t","protected":false},"excerpt":{"rendered":"<p>Hirur\u0161ke infekcije i abdominalna sepsa su ozbiljna medicinska stanja koja zahtevaju multidisciplinarno le\u010denje. Infekcije mogu nastati kao bolni\u010dke , koje predstavljaju poseban [&hellip;]<\/p>\n","protected":false},"author":2,"featured_media":0,"parent":0,"menu_order":0,"comment_status":"closed","ping_status":"closed","template":"","meta":{"footnotes":""},"class_list":["post-2170","page","type-page","status-publish","hentry"],"yoast_head":"<!-- This site is optimized with the Yoast SEO plugin v27.6 - https:\/\/yoast.com\/product\/yoast-seo-wordpress\/ -->\n<title>SSES - Hirur\u0161ke infekcije i sepsa<\/title>\n<meta name=\"description\" content=\"Hirur\u0161ke infekcije i sepsa su ozbiljna medicinska stanja koja se mogu javiti tokom i nakon hirur\u0161kih zahvata.\" \/>\n<meta name=\"robots\" content=\"index, follow, max-snippet:-1, max-image-preview:large, max-video-preview:-1\" \/>\n<link rel=\"canonical\" href=\"https:\/\/srses.org\/?page_id=2170\" \/>\n<meta property=\"og:locale\" content=\"en_US\" \/>\n<meta property=\"og:type\" content=\"article\" \/>\n<meta property=\"og:title\" content=\"SSES - Hirur\u0161ke infekcije i sepsa\" \/>\n<meta property=\"og:description\" content=\"Hirur\u0161ke infekcije i sepsa su ozbiljna medicinska stanja koja se mogu javiti tokom i nakon hirur\u0161kih zahvata.\" \/>\n<meta property=\"og:url\" content=\"https:\/\/srses.org\/?page_id=2170\" \/>\n<meta property=\"og:site_name\" content=\"SSES\" \/>\n<meta property=\"article:publisher\" content=\"https:\/\/www.facebook.com\/srbses\" \/>\n<meta property=\"article:modified_time\" content=\"2023-11-25T22:44:13+00:00\" \/>\n<meta name=\"twitter:card\" content=\"summary_large_image\" \/>\n<meta name=\"twitter:label1\" content=\"Est. reading time\" \/>\n\t<meta name=\"twitter:data1\" content=\"2 minutes\" \/>\n<script type=\"application\/ld+json\" class=\"yoast-schema-graph\">{\"@context\":\"https:\\\/\\\/schema.org\",\"@graph\":[{\"@type\":\"WebPage\",\"@id\":\"https:\\\/\\\/srses.org\\\/?page_id=2170\",\"url\":\"https:\\\/\\\/srses.org\\\/?page_id=2170\",\"name\":\"SSES - Hirur\u0161ke infekcije i sepsa\",\"isPartOf\":{\"@id\":\"https:\\\/\\\/srses.org\\\/#website\"},\"datePublished\":\"2023-04-01T21:26:09+00:00\",\"dateModified\":\"2023-11-25T22:44:13+00:00\",\"description\":\"Hirur\u0161ke infekcije i sepsa su ozbiljna medicinska stanja koja se mogu javiti tokom i nakon hirur\u0161kih zahvata.\",\"breadcrumb\":{\"@id\":\"https:\\\/\\\/srses.org\\\/?page_id=2170#breadcrumb\"},\"inLanguage\":\"en-US\",\"potentialAction\":[{\"@type\":\"ReadAction\",\"target\":[\"https:\\\/\\\/srses.org\\\/?page_id=2170\"]}]},{\"@type\":\"BreadcrumbList\",\"@id\":\"https:\\\/\\\/srses.org\\\/?page_id=2170#breadcrumb\",\"itemListElement\":[{\"@type\":\"ListItem\",\"position\":1,\"name\":\"Home\",\"item\":\"https:\\\/\\\/srses.org\\\/\"},{\"@type\":\"ListItem\",\"position\":2,\"name\":\"Hirur\u0161ke infekcije i sepsa\"}]},{\"@type\":\"WebSite\",\"@id\":\"https:\\\/\\\/srses.org\\\/#website\",\"url\":\"https:\\\/\\\/srses.org\\\/\",\"name\":\"SSES\",\"description\":\"Serbian Society of Emergency Surgery\",\"publisher\":{\"@id\":\"https:\\\/\\\/srses.org\\\/#organization\"},\"potentialAction\":[{\"@type\":\"SearchAction\",\"target\":{\"@type\":\"EntryPoint\",\"urlTemplate\":\"https:\\\/\\\/srses.org\\\/?s={search_term_string}\"},\"query-input\":{\"@type\":\"PropertyValueSpecification\",\"valueRequired\":true,\"valueName\":\"search_term_string\"}}],\"inLanguage\":\"en-US\"},{\"@type\":\"Organization\",\"@id\":\"https:\\\/\\\/srses.org\\\/#organization\",\"name\":\"SSES\",\"alternateName\":\"Serbian Society of Emergency Surgery\",\"url\":\"https:\\\/\\\/srses.org\\\/\",\"logo\":{\"@type\":\"ImageObject\",\"inLanguage\":\"en-US\",\"@id\":\"https:\\\/\\\/srses.org\\\/#\\\/schema\\\/logo\\\/image\\\/\",\"url\":\"https:\\\/\\\/srses.org\\\/wp-content\\\/uploads\\\/2023\\\/01\\\/crveni.png\",\"contentUrl\":\"https:\\\/\\\/srses.org\\\/wp-content\\\/uploads\\\/2023\\\/01\\\/crveni.png\",\"width\":724,\"height\":328,\"caption\":\"SSES\"},\"image\":{\"@id\":\"https:\\\/\\\/srses.org\\\/#\\\/schema\\\/logo\\\/image\\\/\"},\"sameAs\":[\"https:\\\/\\\/www.facebook.com\\\/srbses\"]}]}<\/script>\n<!-- \/ Yoast SEO plugin. -->","yoast_head_json":{"title":"SSES - Hirur\u0161ke infekcije i sepsa","description":"Hirur\u0161ke infekcije i sepsa su ozbiljna medicinska stanja koja se mogu javiti tokom i nakon hirur\u0161kih zahvata.","robots":{"index":"index","follow":"follow","max-snippet":"max-snippet:-1","max-image-preview":"max-image-preview:large","max-video-preview":"max-video-preview:-1"},"canonical":"https:\/\/srses.org\/?page_id=2170","og_locale":"en_US","og_type":"article","og_title":"SSES - Hirur\u0161ke infekcije i sepsa","og_description":"Hirur\u0161ke infekcije i sepsa su ozbiljna medicinska stanja koja se mogu javiti tokom i nakon hirur\u0161kih zahvata.","og_url":"https:\/\/srses.org\/?page_id=2170","og_site_name":"SSES","article_publisher":"https:\/\/www.facebook.com\/srbses","article_modified_time":"2023-11-25T22:44:13+00:00","twitter_card":"summary_large_image","twitter_misc":{"Est. reading time":"2 minutes"},"schema":{"@context":"https:\/\/schema.org","@graph":[{"@type":"WebPage","@id":"https:\/\/srses.org\/?page_id=2170","url":"https:\/\/srses.org\/?page_id=2170","name":"SSES - Hirur\u0161ke infekcije i sepsa","isPartOf":{"@id":"https:\/\/srses.org\/#website"},"datePublished":"2023-04-01T21:26:09+00:00","dateModified":"2023-11-25T22:44:13+00:00","description":"Hirur\u0161ke infekcije i sepsa su ozbiljna medicinska stanja koja se mogu javiti tokom i nakon hirur\u0161kih zahvata.","breadcrumb":{"@id":"https:\/\/srses.org\/?page_id=2170#breadcrumb"},"inLanguage":"en-US","potentialAction":[{"@type":"ReadAction","target":["https:\/\/srses.org\/?page_id=2170"]}]},{"@type":"BreadcrumbList","@id":"https:\/\/srses.org\/?page_id=2170#breadcrumb","itemListElement":[{"@type":"ListItem","position":1,"name":"Home","item":"https:\/\/srses.org\/"},{"@type":"ListItem","position":2,"name":"Hirur\u0161ke infekcije i sepsa"}]},{"@type":"WebSite","@id":"https:\/\/srses.org\/#website","url":"https:\/\/srses.org\/","name":"SSES","description":"Serbian Society of Emergency Surgery","publisher":{"@id":"https:\/\/srses.org\/#organization"},"potentialAction":[{"@type":"SearchAction","target":{"@type":"EntryPoint","urlTemplate":"https:\/\/srses.org\/?s={search_term_string}"},"query-input":{"@type":"PropertyValueSpecification","valueRequired":true,"valueName":"search_term_string"}}],"inLanguage":"en-US"},{"@type":"Organization","@id":"https:\/\/srses.org\/#organization","name":"SSES","alternateName":"Serbian Society of Emergency Surgery","url":"https:\/\/srses.org\/","logo":{"@type":"ImageObject","inLanguage":"en-US","@id":"https:\/\/srses.org\/#\/schema\/logo\/image\/","url":"https:\/\/srses.org\/wp-content\/uploads\/2023\/01\/crveni.png","contentUrl":"https:\/\/srses.org\/wp-content\/uploads\/2023\/01\/crveni.png","width":724,"height":328,"caption":"SSES"},"image":{"@id":"https:\/\/srses.org\/#\/schema\/logo\/image\/"},"sameAs":["https:\/\/www.facebook.com\/srbses"]}]}},"_links":{"self":[{"href":"https:\/\/srses.org\/index.php?rest_route=\/wp\/v2\/pages\/2170","targetHints":{"allow":["GET"]}}],"collection":[{"href":"https:\/\/srses.org\/index.php?rest_route=\/wp\/v2\/pages"}],"about":[{"href":"https:\/\/srses.org\/index.php?rest_route=\/wp\/v2\/types\/page"}],"author":[{"embeddable":true,"href":"https:\/\/srses.org\/index.php?rest_route=\/wp\/v2\/users\/2"}],"replies":[{"embeddable":true,"href":"https:\/\/srses.org\/index.php?rest_route=%2Fwp%2Fv2%2Fcomments&post=2170"}],"version-history":[{"count":11,"href":"https:\/\/srses.org\/index.php?rest_route=\/wp\/v2\/pages\/2170\/revisions"}],"predecessor-version":[{"id":2409,"href":"https:\/\/srses.org\/index.php?rest_route=\/wp\/v2\/pages\/2170\/revisions\/2409"}],"wp:attachment":[{"href":"https:\/\/srses.org\/index.php?rest_route=%2Fwp%2Fv2%2Fmedia&parent=2170"}],"curies":[{"name":"wp","href":"https:\/\/api.w.org\/{rel}","templated":true}]}}