{"id":2176,"date":"2023-04-01T21:27:58","date_gmt":"2023-04-01T21:27:58","guid":{"rendered":"https:\/\/srses.org\/?page_id=2176"},"modified":"2023-11-26T00:17:21","modified_gmt":"2023-11-25T23:17:21","slug":"vestacka-inteligencija-u-uh","status":"publish","type":"page","link":"https:\/\/srses.org\/?page_id=2176","title":{"rendered":"Ve\u0161ta\u010dka inteligencija u UH"},"content":{"rendered":"\t\t<div data-elementor-type=\"wp-page\" data-elementor-id=\"2176\" class=\"elementor elementor-2176\">\n\t\t\t\t<div class=\"elementor-element elementor-element-cb04484 e-flex e-con-boxed e-con e-parent\" data-id=\"cb04484\" data-element_type=\"container\" data-e-type=\"container\">\n\t\t\t\t\t<div class=\"e-con-inner\">\n\t\t\t\t<div class=\"elementor-element elementor-element-743da0f elementor-widget elementor-widget-text-editor\" data-id=\"743da0f\" data-element_type=\"widget\" data-e-type=\"widget\" data-widget_type=\"text-editor.default\">\n\t\t\t\t<div class=\"elementor-widget-container\">\n\t\t\t\t\t\t\t\t\t<p>Ve\u0161ta\u010dka inteligencija (VI) se sve vi\u0161e koristi u razli\u010ditim oblastima medicine, uklju\u010dujuc\u0301i hirurgiju. VI ima potencijal da pobolj\u0161a ishod le\u010denje kroz efikasnije le\u010denje pacijenata, bolju zdravstvenu za\u0161titu i smanjivanje tro\u0161kova.<br \/>Jedan od na\u010dina na koji se VI koristi u hitnoj hirurgiji je prediktivno modeliranje. VI algoritmi mogu analizirati velike koli\u010dine podataka o pacijentima i identifikovati faktore rizika koji mogu dovesti do postoperativnih komplikacija. Identifikovanjem pacijenata sa visokim rizikom, lekari mogu preduzeti proaktivne korake da spre\u010de komplikacije, kao \u0161to je intenzivnije prac\u0301enje ili prilago\u0111avanje planova le\u010denja.<br \/>VI se tako\u0111e mo\u017ee koristiti za pomoc\u0301 pri dono\u0161enju hirur\u0161kih odluka. Na primer, ve\u0161ta\u010dka inteligencija mo\u017ee pomoc\u0301i hirurzima da planiraju hirur\u0161ke procedure generisanjem 3D slika pacijentove anatomije, identifikujuc\u0301i potencijalne komplikacije i simulirajuc\u0301i hirur\u0161ke procedure. Ovo mo\u017ee pomoc\u0301i hirurzima da planiraju preciznije hirur\u0161ke pristupe i smanje rizik od komplikacija.<br \/>Pored toga, VI mo\u017ee pomoc\u0301i u dono\u0161enju odluka u realnom vremenu tokom hitnih hirur\u0161kih procedura. Na primer, VI mo\u017ee pomoc\u0301i u prac\u0301enju vitalnih znakova, upozoriti zdravstvene radnike na potencijalne komplikacije i pru\u017eiti smernice o opcijama le\u010denja.<br \/>VI se tako\u0111e mo\u017ee koristiti za optimizaciju resursa. Analizom podataka o pacijentima, VI algoritmi mogu pomoc\u0301i zdravstvenim radnicima da daju prioritet pacijentima na osnovu te\u017eine klini\u010dke slike i da u skladu s tim raspodele resurse kao \u0161to su osoblje, oprema i lekovi.<br \/>VI ima potencijal da transformi\u0161e urgentnu hirurgiju pobolj\u0161anjem ishoda le\u010denja, povec\u0301anjem efikasnosti i smanjenjem tro\u0161kova. Kako tehnologija ve\u0161ta\u010dke inteligencije nastavlja da napreduje, verovatno c\u0301emo videti jo\u0161 vi\u0161e primena VI u urgentnoj hirurgiji i drugim oblastima medicine u godinama koje dolaze.<\/p>\t\t\t\t\t\t\t\t<\/div>\n\t\t\t\t<\/div>\n\t\t\t\t\t<\/div>\n\t\t\t\t<\/div>\n\t\t\t\t<section class=\"elementor-section elementor-top-section elementor-element elementor-element-24979935 elementor-section-boxed elementor-section-height-default elementor-section-height-default\" data-id=\"24979935\" data-element_type=\"section\" data-e-type=\"section\">\n\t\t\t\t\t\t<div class=\"elementor-container elementor-column-gap-default\">\n\t\t\t\t\t<div class=\"elementor-column elementor-col-100 elementor-top-column elementor-element elementor-element-1349a97c\" data-id=\"1349a97c\" data-element_type=\"column\" data-e-type=\"column\">\n\t\t\t<div class=\"elementor-widget-wrap elementor-element-populated\">\n\t\t\t\t\t\t<div class=\"elementor-element elementor-element-22fddb29 animated-slow elementor-invisible elementor-widget elementor-widget-text-editor\" data-id=\"22fddb29\" data-element_type=\"widget\" data-e-type=\"widget\" data-settings=\"{&quot;_animation&quot;:&quot;fadeInUp&quot;}\" data-widget_type=\"text-editor.default\">\n\t\t\t\t<div class=\"elementor-widget-container\">\n\t\t\t\t\t\t\t\t\t\n<p><span style=\"color: #0000ff;\"><em>Artificial intelligence in Emergency and trauma Surgery (ARIES) project:<\/em><\/span><\/p>\n<ul>\n<li><span style=\"color: #0000ff;\"><em>37% of surgeons minimally invasive surgery (MIS) accounts for more than half of their activity;<\/em><\/span><\/li>\n<li><span style=\"color: #0000ff;\"><em>74% of responders performed MIS for both elective and emergency procedures;<\/em><\/span><\/li>\n<li><span style=\"color: #0000ff;\"><em>90% of emergency surgeons do not perform robotic surgery;<\/em><\/span><\/li>\n<li><span style=\"color: #0000ff;\"><em>75% of emergency surgeons are not trained in robotic surgery;<\/em><\/span><\/li>\n<li><span style=\"color: #0000ff;\"><em>63% of emergency surgeons do not have robotic surgery platforms in their institution;<\/em><\/span><\/li>\n<li><span style=\"color: #0000ff;\"><em>55% of emergency surgeons have 3D vision experience;<\/em><\/span><\/li>\n<li><span style=\"color: #0000ff;\"><em>54% of emergency surgeons use 3D vision tools only for elective surgical procedures.<\/em><\/span><\/li>\n<\/ul>\n<p><span style=\"color: #0000ff;\"><em>Referenca: De Simone B, Abu-Zidan FM, Gumbs AA, Chouillard E, Di Saverio S, Sartelli M, Coccolini F, Ansaloni L, Collins T, Kluger Y, Moore EE, Litvin A, Leppaniemi A, Mascagni P, Milone L, Piccoli M, Abu-Hilal M, Sugrue M, Biffl WL, Catena F. Knowledge, attitude, and practice of artificial intelligence in emergency and trauma surgery, the ARIES project: an international web-based survey. World J Emerg Surg. 2022;17(1):10. https:\/\/ doi. org\/ 10. 1186\/ s13017- 022- 00413-3.<\/em><\/span><\/p>\n\t\t\t\t\t\t\t\t<\/div>\n\t\t\t\t<\/div>\n\t\t\t\t\t<\/div>\n\t\t<\/div>\n\t\t\t\t\t<\/div>\n\t\t<\/section>\n\t\t\t\t<\/div>\n\t\t","protected":false},"excerpt":{"rendered":"<p>Ve\u0161ta\u010dka inteligencija (VI) se sve vi\u0161e koristi u razli\u010ditim oblastima medicine, uklju\u010dujuc\u0301i hirurgiju. VI ima potencijal da pobolj\u0161a ishod le\u010denje kroz efikasnije [&hellip;]<\/p>\n","protected":false},"author":2,"featured_media":0,"parent":0,"menu_order":0,"comment_status":"closed","ping_status":"closed","template":"","meta":{"footnotes":""},"class_list":["post-2176","page","type-page","status-publish","hentry"],"yoast_head":"<!-- This site is optimized with the Yoast SEO plugin v27.6 - https:\/\/yoast.com\/product\/yoast-seo-wordpress\/ -->\n<title>SSES - Ve\u0161ta\u010dka inteligencija u UH<\/title>\n<meta name=\"description\" content=\"VI ima potencijal da pobolj\u0161a ishode pacijenata, pobolj\u0161a efikasnost pru\u017eanja zdravstvene za\u0161tite i smanji tro\u0161kove.\" \/>\n<meta name=\"robots\" content=\"index, follow, max-snippet:-1, max-image-preview:large, max-video-preview:-1\" \/>\n<link rel=\"canonical\" href=\"https:\/\/srses.org\/?page_id=2176\" \/>\n<meta property=\"og:locale\" content=\"en_US\" \/>\n<meta property=\"og:type\" content=\"article\" \/>\n<meta property=\"og:title\" content=\"SSES - Ve\u0161ta\u010dka inteligencija u UH\" \/>\n<meta property=\"og:description\" content=\"VI ima potencijal da pobolj\u0161a ishode pacijenata, pobolj\u0161a efikasnost pru\u017eanja zdravstvene za\u0161tite i smanji tro\u0161kove.\" \/>\n<meta property=\"og:url\" content=\"https:\/\/srses.org\/?page_id=2176\" \/>\n<meta property=\"og:site_name\" content=\"SSES\" \/>\n<meta property=\"article:publisher\" content=\"https:\/\/www.facebook.com\/srbses\" \/>\n<meta property=\"article:modified_time\" content=\"2023-11-25T23:17:21+00:00\" \/>\n<meta name=\"twitter:card\" content=\"summary_large_image\" \/>\n<meta name=\"twitter:label1\" content=\"Est. reading time\" \/>\n\t<meta name=\"twitter:data1\" content=\"2 minutes\" \/>\n<script type=\"application\/ld+json\" class=\"yoast-schema-graph\">{\"@context\":\"https:\\\/\\\/schema.org\",\"@graph\":[{\"@type\":\"WebPage\",\"@id\":\"https:\\\/\\\/srses.org\\\/?page_id=2176\",\"url\":\"https:\\\/\\\/srses.org\\\/?page_id=2176\",\"name\":\"SSES - Ve\u0161ta\u010dka inteligencija u UH\",\"isPartOf\":{\"@id\":\"https:\\\/\\\/srses.org\\\/#website\"},\"datePublished\":\"2023-04-01T21:27:58+00:00\",\"dateModified\":\"2023-11-25T23:17:21+00:00\",\"description\":\"VI ima potencijal da pobolj\u0161a ishode pacijenata, pobolj\u0161a efikasnost pru\u017eanja zdravstvene za\u0161tite i smanji tro\u0161kove.\",\"breadcrumb\":{\"@id\":\"https:\\\/\\\/srses.org\\\/?page_id=2176#breadcrumb\"},\"inLanguage\":\"en-US\",\"potentialAction\":[{\"@type\":\"ReadAction\",\"target\":[\"https:\\\/\\\/srses.org\\\/?page_id=2176\"]}]},{\"@type\":\"BreadcrumbList\",\"@id\":\"https:\\\/\\\/srses.org\\\/?page_id=2176#breadcrumb\",\"itemListElement\":[{\"@type\":\"ListItem\",\"position\":1,\"name\":\"Home\",\"item\":\"https:\\\/\\\/srses.org\\\/\"},{\"@type\":\"ListItem\",\"position\":2,\"name\":\"Ve\u0161ta\u010dka inteligencija u UH\"}]},{\"@type\":\"WebSite\",\"@id\":\"https:\\\/\\\/srses.org\\\/#website\",\"url\":\"https:\\\/\\\/srses.org\\\/\",\"name\":\"SSES\",\"description\":\"Serbian Society of Emergency Surgery\",\"publisher\":{\"@id\":\"https:\\\/\\\/srses.org\\\/#organization\"},\"potentialAction\":[{\"@type\":\"SearchAction\",\"target\":{\"@type\":\"EntryPoint\",\"urlTemplate\":\"https:\\\/\\\/srses.org\\\/?s={search_term_string}\"},\"query-input\":{\"@type\":\"PropertyValueSpecification\",\"valueRequired\":true,\"valueName\":\"search_term_string\"}}],\"inLanguage\":\"en-US\"},{\"@type\":\"Organization\",\"@id\":\"https:\\\/\\\/srses.org\\\/#organization\",\"name\":\"SSES\",\"alternateName\":\"Serbian Society of Emergency Surgery\",\"url\":\"https:\\\/\\\/srses.org\\\/\",\"logo\":{\"@type\":\"ImageObject\",\"inLanguage\":\"en-US\",\"@id\":\"https:\\\/\\\/srses.org\\\/#\\\/schema\\\/logo\\\/image\\\/\",\"url\":\"https:\\\/\\\/srses.org\\\/wp-content\\\/uploads\\\/2023\\\/01\\\/crveni.png\",\"contentUrl\":\"https:\\\/\\\/srses.org\\\/wp-content\\\/uploads\\\/2023\\\/01\\\/crveni.png\",\"width\":724,\"height\":328,\"caption\":\"SSES\"},\"image\":{\"@id\":\"https:\\\/\\\/srses.org\\\/#\\\/schema\\\/logo\\\/image\\\/\"},\"sameAs\":[\"https:\\\/\\\/www.facebook.com\\\/srbses\"]}]}<\/script>\n<!-- \/ Yoast SEO plugin. -->","yoast_head_json":{"title":"SSES - Ve\u0161ta\u010dka inteligencija u UH","description":"VI ima potencijal da pobolj\u0161a ishode pacijenata, pobolj\u0161a efikasnost pru\u017eanja zdravstvene za\u0161tite i smanji tro\u0161kove.","robots":{"index":"index","follow":"follow","max-snippet":"max-snippet:-1","max-image-preview":"max-image-preview:large","max-video-preview":"max-video-preview:-1"},"canonical":"https:\/\/srses.org\/?page_id=2176","og_locale":"en_US","og_type":"article","og_title":"SSES - Ve\u0161ta\u010dka inteligencija u UH","og_description":"VI ima potencijal da pobolj\u0161a ishode pacijenata, pobolj\u0161a efikasnost pru\u017eanja zdravstvene za\u0161tite i smanji tro\u0161kove.","og_url":"https:\/\/srses.org\/?page_id=2176","og_site_name":"SSES","article_publisher":"https:\/\/www.facebook.com\/srbses","article_modified_time":"2023-11-25T23:17:21+00:00","twitter_card":"summary_large_image","twitter_misc":{"Est. reading time":"2 minutes"},"schema":{"@context":"https:\/\/schema.org","@graph":[{"@type":"WebPage","@id":"https:\/\/srses.org\/?page_id=2176","url":"https:\/\/srses.org\/?page_id=2176","name":"SSES - Ve\u0161ta\u010dka inteligencija u UH","isPartOf":{"@id":"https:\/\/srses.org\/#website"},"datePublished":"2023-04-01T21:27:58+00:00","dateModified":"2023-11-25T23:17:21+00:00","description":"VI ima potencijal da pobolj\u0161a ishode pacijenata, pobolj\u0161a efikasnost pru\u017eanja zdravstvene za\u0161tite i smanji tro\u0161kove.","breadcrumb":{"@id":"https:\/\/srses.org\/?page_id=2176#breadcrumb"},"inLanguage":"en-US","potentialAction":[{"@type":"ReadAction","target":["https:\/\/srses.org\/?page_id=2176"]}]},{"@type":"BreadcrumbList","@id":"https:\/\/srses.org\/?page_id=2176#breadcrumb","itemListElement":[{"@type":"ListItem","position":1,"name":"Home","item":"https:\/\/srses.org\/"},{"@type":"ListItem","position":2,"name":"Ve\u0161ta\u010dka inteligencija u UH"}]},{"@type":"WebSite","@id":"https:\/\/srses.org\/#website","url":"https:\/\/srses.org\/","name":"SSES","description":"Serbian Society of Emergency Surgery","publisher":{"@id":"https:\/\/srses.org\/#organization"},"potentialAction":[{"@type":"SearchAction","target":{"@type":"EntryPoint","urlTemplate":"https:\/\/srses.org\/?s={search_term_string}"},"query-input":{"@type":"PropertyValueSpecification","valueRequired":true,"valueName":"search_term_string"}}],"inLanguage":"en-US"},{"@type":"Organization","@id":"https:\/\/srses.org\/#organization","name":"SSES","alternateName":"Serbian Society of Emergency Surgery","url":"https:\/\/srses.org\/","logo":{"@type":"ImageObject","inLanguage":"en-US","@id":"https:\/\/srses.org\/#\/schema\/logo\/image\/","url":"https:\/\/srses.org\/wp-content\/uploads\/2023\/01\/crveni.png","contentUrl":"https:\/\/srses.org\/wp-content\/uploads\/2023\/01\/crveni.png","width":724,"height":328,"caption":"SSES"},"image":{"@id":"https:\/\/srses.org\/#\/schema\/logo\/image\/"},"sameAs":["https:\/\/www.facebook.com\/srbses"]}]}},"_links":{"self":[{"href":"https:\/\/srses.org\/index.php?rest_route=\/wp\/v2\/pages\/2176","targetHints":{"allow":["GET"]}}],"collection":[{"href":"https:\/\/srses.org\/index.php?rest_route=\/wp\/v2\/pages"}],"about":[{"href":"https:\/\/srses.org\/index.php?rest_route=\/wp\/v2\/types\/page"}],"author":[{"embeddable":true,"href":"https:\/\/srses.org\/index.php?rest_route=\/wp\/v2\/users\/2"}],"replies":[{"embeddable":true,"href":"https:\/\/srses.org\/index.php?rest_route=%2Fwp%2Fv2%2Fcomments&post=2176"}],"version-history":[{"count":5,"href":"https:\/\/srses.org\/index.php?rest_route=\/wp\/v2\/pages\/2176\/revisions"}],"predecessor-version":[{"id":2416,"href":"https:\/\/srses.org\/index.php?rest_route=\/wp\/v2\/pages\/2176\/revisions\/2416"}],"wp:attachment":[{"href":"https:\/\/srses.org\/index.php?rest_route=%2Fwp%2Fv2%2Fmedia&parent=2176"}],"curies":[{"name":"wp","href":"https:\/\/api.w.org\/{rel}","templated":true}]}}