{"id":2194,"date":"2023-04-01T21:31:32","date_gmt":"2023-04-01T21:31:32","guid":{"rendered":"https:\/\/srses.org\/?page_id=2194"},"modified":"2023-11-25T23:56:10","modified_gmt":"2023-11-25T22:56:10","slug":"nega-pacijenata","status":"publish","type":"page","link":"https:\/\/srses.org\/?page_id=2194","title":{"rendered":"Nega pacijenata"},"content":{"rendered":"\t\t<div data-elementor-type=\"wp-page\" data-elementor-id=\"2194\" class=\"elementor elementor-2194\">\n\t\t\t\t<div class=\"elementor-element elementor-element-ffa8fa4 e-flex e-con-boxed e-con e-parent\" data-id=\"ffa8fa4\" data-element_type=\"container\" data-e-type=\"container\">\n\t\t\t\t\t<div class=\"e-con-inner\">\n\t\t\t\t<div class=\"elementor-element elementor-element-75066bd elementor-widget elementor-widget-text-editor\" data-id=\"75066bd\" data-element_type=\"widget\" data-e-type=\"widget\" data-widget_type=\"text-editor.default\">\n\t\t\t\t<div class=\"elementor-widget-container\">\n\t\t\t\t\t\t\t\t\t<p>Hirur\u0161ki pacijenti zahtevaju brzu i efikasnu negu kako bi se komplikacije svele na minimum i pobolj\u0161ao ishod. Briga o hitnim hirur\u0161kim pacijentima uklju\u010duje multidisciplinarni pristup, i timski rad hirurga, anesteziologa, svih drugih specijalista po potrebi i medicinskih sestara .<br \/>Evo nekoliko klju\u010dnih aspekata hirur\u0161e nege za hitne hirur\u0161ke pacijente:<\/p><p><strong>Preoperativna priprema<\/strong>: Pre operacije, pacijentima mogu biti potrebne intervencije za optimizaciju njihovog zdravstvenog statusa, kao \u0161to su lekovi za ubla\u017eavanje bolova, antibiotici za spre\u010davanje infekcije, intervencije plasiranja CVK, urinarnog katetera, NGS.<\/p>\t\t\t\t\t\t\t\t<\/div>\n\t\t\t\t<\/div>\n\t\t\t\t\t<\/div>\n\t\t\t\t<\/div>\n\t\t<div class=\"elementor-element elementor-element-3eadbd9 e-flex e-con-boxed e-con e-parent\" data-id=\"3eadbd9\" data-element_type=\"container\" data-e-type=\"container\">\n\t\t\t\t\t<div class=\"e-con-inner\">\n\t\t\t\t<div class=\"elementor-element elementor-element-72d7d04 elementor-widget__width-initial elementor-widget elementor-widget-image\" data-id=\"72d7d04\" data-element_type=\"widget\" data-e-type=\"widget\" data-widget_type=\"image.default\">\n\t\t\t\t<div class=\"elementor-widget-container\">\n\t\t\t\t\t\t\t\t\t\t\t\t\t\t\t<img fetchpriority=\"high\" decoding=\"async\" width=\"842\" height=\"630\" src=\"https:\/\/srses.org\/wp-content\/uploads\/2023\/04\/cvk.jpg\" class=\"attachment-large size-large wp-image-2437\" alt=\"\" srcset=\"https:\/\/srses.org\/wp-content\/uploads\/2023\/04\/cvk.jpg 842w, https:\/\/srses.org\/wp-content\/uploads\/2023\/04\/cvk-300x224.jpg 300w, https:\/\/srses.org\/wp-content\/uploads\/2023\/04\/cvk-768x575.jpg 768w, https:\/\/srses.org\/wp-content\/uploads\/2023\/04\/cvk-230x172.jpg 230w, https:\/\/srses.org\/wp-content\/uploads\/2023\/04\/cvk-350x262.jpg 350w, https:\/\/srses.org\/wp-content\/uploads\/2023\/04\/cvk-480x359.jpg 480w\" sizes=\"(max-width: 842px) 100vw, 842px\" \/>\t\t\t\t\t\t\t\t\t\t\t\t\t\t\t<\/div>\n\t\t\t\t<\/div>\n\t\t\t\t\t<\/div>\n\t\t\t\t<\/div>\n\t\t<div class=\"elementor-element elementor-element-1a2c773 e-flex e-con-boxed e-con e-parent\" data-id=\"1a2c773\" data-element_type=\"container\" data-e-type=\"container\">\n\t\t\t\t\t<div class=\"e-con-inner\">\n\t\t\t\t<div class=\"elementor-element elementor-element-9475a04 elementor-widget elementor-widget-text-editor\" data-id=\"9475a04\" data-element_type=\"widget\" data-e-type=\"widget\" data-widget_type=\"text-editor.default\">\n\t\t\t\t<div class=\"elementor-widget-container\">\n\t\t\t\t\t\t\t\t\t<p><strong>Anestezija<\/strong>: Anesteziolozi igraju klju\u010dnu ulogu u nezi i le\u010denju pacijenata sa hitnim hirur\u0161kim stanjem, obezbe\u0111ujuc\u0301i vitalne funkcije i bezbednu i efikasnu anesteziju tokom hirur\u0161ke procedure.<\/p><p><strong>Hirur\u0161ka tehnika<\/strong>: Hirurzi koriste odgovarajuc\u0301e tehnike kako bi minimizirali traumu tkiva, gubitak krvi i rizik od komplikacija.<\/p><p><strong>Postoperativna nega<\/strong>: Nakon operacije, pacijentima je potrebno pa\u017eljivo prac\u0301enje i kupiranje bola, antibiotksa terapija,antikoagulantna terapija, balansirana nadokanada te\u010dnosti i elektrolita. Obavezna je adekvatna nega operativne rane, stoma, katetera, nega ko\u017ee, spre\u010davanje dekubitusa, ishrana i aktivacija.<\/p>\t\t\t\t\t\t\t\t<\/div>\n\t\t\t\t<\/div>\n\t\t\t\t\t<\/div>\n\t\t\t\t<\/div>\n\t\t<div class=\"elementor-element elementor-element-1feb031 e-flex e-con-boxed e-con e-parent\" data-id=\"1feb031\" data-element_type=\"container\" data-e-type=\"container\">\n\t\t\t\t\t<div class=\"e-con-inner\">\n\t\t\t\t<div class=\"elementor-element elementor-element-a1a7b91 elementor-widget__width-initial elementor-widget elementor-widget-image\" data-id=\"a1a7b91\" data-element_type=\"widget\" data-e-type=\"widget\" data-widget_type=\"image.default\">\n\t\t\t\t<div class=\"elementor-widget-container\">\n\t\t\t\t\t\t\t\t\t\t\t\t\t\t\t<img decoding=\"async\" width=\"1024\" height=\"915\" src=\"https:\/\/srses.org\/wp-content\/uploads\/2023\/04\/stoma-1024x915.jpg\" class=\"attachment-large size-large wp-image-2438\" alt=\"\" srcset=\"https:\/\/srses.org\/wp-content\/uploads\/2023\/04\/stoma-1024x915.jpg 1024w, https:\/\/srses.org\/wp-content\/uploads\/2023\/04\/stoma-300x268.jpg 300w, https:\/\/srses.org\/wp-content\/uploads\/2023\/04\/stoma-768x686.jpg 768w, https:\/\/srses.org\/wp-content\/uploads\/2023\/04\/stoma-1000x893.jpg 1000w, https:\/\/srses.org\/wp-content\/uploads\/2023\/04\/stoma-230x205.jpg 230w, https:\/\/srses.org\/wp-content\/uploads\/2023\/04\/stoma-350x313.jpg 350w, https:\/\/srses.org\/wp-content\/uploads\/2023\/04\/stoma-480x429.jpg 480w, https:\/\/srses.org\/wp-content\/uploads\/2023\/04\/stoma.jpg 1200w\" sizes=\"(max-width: 1024px) 100vw, 1024px\" \/>\t\t\t\t\t\t\t\t\t\t\t\t\t\t\t<\/div>\n\t\t\t\t<\/div>\n\t\t\t\t\t<\/div>\n\t\t\t\t<\/div>\n\t\t<div class=\"elementor-element elementor-element-a52e902 e-flex e-con-boxed e-con e-parent\" data-id=\"a52e902\" data-element_type=\"container\" data-e-type=\"container\">\n\t\t\t\t\t<div class=\"e-con-inner\">\n\t\t\t\t<div class=\"elementor-element elementor-element-22e0cba elementor-widget elementor-widget-text-editor\" data-id=\"22e0cba\" data-element_type=\"widget\" data-e-type=\"widget\" data-widget_type=\"text-editor.default\">\n\t\t\t\t<div class=\"elementor-widget-container\">\n\t\t\t\t\t\t\t\t\t<p><strong>Rehabilitacija i oporavak<\/strong>: Nakon operacije, pacijentima mo\u017ee biti potrebna rehabilitacija da bi povratili snagu i funkciju. Ovo uklju\u010duje fizikalnu terapiju, radnu terapiju ili druge intervencije.<\/p><p>Tokom zbrinjavanja hitnih hirur\u0161kih pacijenata, komunikacija i saradnja unutar zdravstvenog tima su od klju\u010dne va\u017enosti, \u010dime se mo\u017ee osigurati da pacijenti dobiju koordinisanu, visokokvalitetnu negu koja zadovoljava njihove individualne potrebe i preferencije.<\/p>\t\t\t\t\t\t\t\t<\/div>\n\t\t\t\t<\/div>\n\t\t\t\t\t<\/div>\n\t\t\t\t<\/div>\n\t\t<div class=\"elementor-element elementor-element-860506b e-flex e-con-boxed e-con e-parent\" data-id=\"860506b\" data-element_type=\"container\" data-e-type=\"container\">\n\t\t\t\t\t<div class=\"e-con-inner\">\n\t\t\t\t<div class=\"elementor-element elementor-element-fce5adb elementor-widget elementor-widget-heading\" data-id=\"fce5adb\" data-element_type=\"widget\" data-e-type=\"widget\" data-widget_type=\"heading.default\">\n\t\t\t\t<div class=\"elementor-widget-container\">\n\t\t\t\t\t<h2 class=\"elementor-heading-title elementor-size-default\">Intenzivna nega<\/h2>\t\t\t\t<\/div>\n\t\t\t\t<\/div>\n\t\t\t\t\t<\/div>\n\t\t\t\t<\/div>\n\t\t<div class=\"elementor-element elementor-element-86eed1b e-flex e-con-boxed e-con e-parent\" data-id=\"86eed1b\" data-element_type=\"container\" data-e-type=\"container\">\n\t\t\t\t\t<div class=\"e-con-inner\">\n\t\t\t\t<div class=\"elementor-element elementor-element-2329ffb elementor-widget elementor-widget-text-editor\" data-id=\"2329ffb\" data-element_type=\"widget\" data-e-type=\"widget\" data-widget_type=\"text-editor.default\">\n\t\t\t\t<div class=\"elementor-widget-container\">\n\t\t\t\t\t\t\t\t\t<p>Intenzivna nega, tako\u0111e poznata kao kriti\u010dna nega, je specijalizovana oblast medicine koja se fokusira na negu kriti\u010dno bolesnih\/povre\u0111enih pacijenata kojima je potrebno pa\u017eljivo prac\u0301enje i podr\u0161ku funkcija njihovih vitalnih funcija 24\/7. Intenzivna nega se pru\u017ea u specijalizovanoj jedinici poznatoj kao Jedinica intenzivne nege (Intensive Care Unit, ICU) ili jedinica kriti\u010dne nege (CCU).<\/p>\t\t\t\t\t\t\t\t<\/div>\n\t\t\t\t<\/div>\n\t\t\t\t\t<\/div>\n\t\t\t\t<\/div>\n\t\t<div class=\"elementor-element elementor-element-238a0aa e-flex e-con-boxed e-con e-parent\" data-id=\"238a0aa\" data-element_type=\"container\" data-e-type=\"container\">\n\t\t\t\t\t<div class=\"e-con-inner\">\n\t\t\t\t<div class=\"elementor-element elementor-element-a836a09 elementor-widget elementor-widget-image\" data-id=\"a836a09\" data-element_type=\"widget\" data-e-type=\"widget\" data-widget_type=\"image.default\">\n\t\t\t\t<div class=\"elementor-widget-container\">\n\t\t\t\t\t\t\t\t\t\t\t\t\t\t\t<img decoding=\"async\" width=\"969\" height=\"727\" src=\"https:\/\/srses.org\/wp-content\/uploads\/2023\/04\/icu.jpg\" class=\"attachment-large size-large wp-image-2439\" alt=\"\" srcset=\"https:\/\/srses.org\/wp-content\/uploads\/2023\/04\/icu.jpg 969w, https:\/\/srses.org\/wp-content\/uploads\/2023\/04\/icu-300x225.jpg 300w, https:\/\/srses.org\/wp-content\/uploads\/2023\/04\/icu-768x576.jpg 768w, https:\/\/srses.org\/wp-content\/uploads\/2023\/04\/icu-230x173.jpg 230w, https:\/\/srses.org\/wp-content\/uploads\/2023\/04\/icu-350x263.jpg 350w, https:\/\/srses.org\/wp-content\/uploads\/2023\/04\/icu-480x360.jpg 480w\" sizes=\"(max-width: 969px) 100vw, 969px\" \/>\t\t\t\t\t\t\t\t\t\t\t\t\t\t\t<\/div>\n\t\t\t\t<\/div>\n\t\t\t\t\t<\/div>\n\t\t\t\t<\/div>\n\t\t<div class=\"elementor-element elementor-element-d4f975a e-flex e-con-boxed e-con e-parent\" data-id=\"d4f975a\" data-element_type=\"container\" data-e-type=\"container\">\n\t\t\t\t\t<div class=\"e-con-inner\">\n\t\t\t\t<div class=\"elementor-element elementor-element-5d66d6f elementor-widget elementor-widget-text-editor\" data-id=\"5d66d6f\" data-element_type=\"widget\" data-e-type=\"widget\" data-widget_type=\"text-editor.default\">\n\t\t\t\t<div class=\"elementor-widget-container\">\n\t\t\t\t\t\t\t\t\t<p>Pacijenti u intenzivnoj nezi zahtevaju visok nivo medicinske nege i medicinske stru\u010dnosti, kao i naprednu opremu za prac\u0301enje parametra i odr\u017eavanje \u017eivota. Evo nekoliko klju\u010dnih aspekata intenzivne nege:<\/p><p><strong>Multidisciplinarni tim<\/strong>: O pacijentima na intenzivnoj nezi brine tim zdravstvenih radnika, uklju\u010dujuc\u0301i anesteziologe intenziviste (lekare sa specijalizovanom obukom za rad u ICU), hirurge, sve specijalnosti po potrerbi, medicinske sestre, respiratorne terapeute, farmaceute i druge.<\/p><p><strong>Napredno prac\u0301enje<\/strong>: Pacijenti na intenzivnoj nezi zahtevaju intezivno prac\u0301enje njihovih vitalnih funkcija 24\/7, uklju\u010dujuc\u0301i krvni pritisak, broj otkucaja srca, frekvencu disanja, zasic\u0301enost kiseonikom, satnu diurezu i druge parametre. Napredna oprema za prac\u0301enje, kao \u0161to je invazivni hemodinamski monitoring ili kontinuirana elektroencefalografija (EEG), mo\u017ee se koristiti za pa\u017eljivo prac\u0301enje.<\/p><p><strong>Oprema za odr\u017eavanje \u017eivota<\/strong>: Pacijentima na intenzivnoj nezi mo\u017ee biti potrebna mehani\u010dka ventilacija, kao i hemodijaliza, vazopresori ili druge mere i lekovi za odr\u017eavanje \u017eivota kako bi se podr\u017eale njihove funkcije vitalnih organa.<\/p><p><strong>Pa\u017eljivo posmatranje i intervencije<\/strong>: Pacijenti na intenzivnoj nezi zahtevaju pa\u017eljivo posmatranje i \u010deste intervencije kako bi se spre\u010dile komplikacije, kao \u0161to su infekcija, sepsa ili otkazivanje organa. Ovo mo\u017ee uklju\u010divati davanje lekova,stalno pode\u0161avanje re\u017eima mehani\u010dke ventilacije ili izvo\u0111enje invazivnih procedura kao \u0161to je torakalna drena\u017ea, pleuralna punkcija, abdominalna punkcija, traheostomija, perkutana endoskopska gastrostomija (PEG). Potrebna je nega ko\u017ee, odr\u017eavanje higijene asepse i antisepse katetera, spre\u010davanje DVT, spre\u010davanje dekubitusa i posebna ishrana.<\/p><p><strong>Podr\u0161ka porodice<\/strong>: \u010clanovima porodice pacijenata na intenzivnoj nezi potrebna je podr\u0161ka i edukacija da bi razumeli stanje pacijenta, prognozu i plan le\u010denja. Osoblje intenzivne nege mo\u017ee da pru\u017ei adekvatne informacije, emocionalnu podr\u0161ku i resurse kako bi pomoglo porodicama da se izbore sa stresom zbog hospitalizacije njihovih najblizih u ICU.<\/p><p>Intenzivna nega je slo\u017eena i zahtevna oblast medicine koja zahteva visok nivo znanja, ve\u0161tina i stru\u010dnosti. Timovi intenzivne nege zajedno rade kako bi pru\u017eili najbolju moguc\u0301u negu kriti\u010dno bolesnim pacijentima, sa ciljem ozdravljenja i spre\u010davanja dugoro\u010dnih komplikacija.<\/p>\t\t\t\t\t\t\t\t<\/div>\n\t\t\t\t<\/div>\n\t\t\t\t\t<\/div>\n\t\t\t\t<\/div>\n\t\t\t\t<\/div>\n\t\t","protected":false},"excerpt":{"rendered":"<p>Hirur\u0161ki pacijenti zahtevaju brzu i efikasnu negu kako bi se komplikacije svele na minimum i pobolj\u0161ao ishod. Briga o hitnim hirur\u0161kim pacijentima [&hellip;]<\/p>\n","protected":false},"author":2,"featured_media":0,"parent":0,"menu_order":0,"comment_status":"closed","ping_status":"closed","template":"","meta":{"footnotes":""},"class_list":["post-2194","page","type-page","status-publish","hentry"],"yoast_head":"<!-- This site is optimized with the Yoast SEO plugin v27.6 - https:\/\/yoast.com\/product\/yoast-seo-wordpress\/ -->\n<title>SSES - Nega pacijenata<\/title>\n<meta name=\"description\" content=\"Briga o hitnim hirur\u0161kim pacijentima uklju\u010duje multidisciplinarni pristup, uz doprinose hirurga, anesteziologa i medicinskih sestara.\" \/>\n<meta name=\"robots\" content=\"index, follow, max-snippet:-1, max-image-preview:large, max-video-preview:-1\" \/>\n<link rel=\"canonical\" href=\"https:\/\/srses.org\/?page_id=2194\" \/>\n<meta property=\"og:locale\" content=\"en_US\" \/>\n<meta property=\"og:type\" content=\"article\" \/>\n<meta property=\"og:title\" content=\"SSES - Nega pacijenata\" \/>\n<meta property=\"og:description\" content=\"Briga o hitnim hirur\u0161kim pacijentima uklju\u010duje multidisciplinarni pristup, uz doprinose hirurga, anesteziologa i medicinskih sestara.\" \/>\n<meta property=\"og:url\" content=\"https:\/\/srses.org\/?page_id=2194\" \/>\n<meta property=\"og:site_name\" content=\"SSES\" \/>\n<meta property=\"article:publisher\" content=\"https:\/\/www.facebook.com\/srbses\" \/>\n<meta property=\"article:modified_time\" content=\"2023-11-25T22:56:10+00:00\" \/>\n<meta property=\"og:image\" content=\"https:\/\/srses.org\/wp-content\/uploads\/2023\/04\/cvk.jpg\" \/>\n<meta name=\"twitter:card\" content=\"summary_large_image\" \/>\n<meta name=\"twitter:label1\" content=\"Est. reading time\" \/>\n\t<meta name=\"twitter:data1\" content=\"4 minutes\" \/>\n<script type=\"application\/ld+json\" class=\"yoast-schema-graph\">{\"@context\":\"https:\\\/\\\/schema.org\",\"@graph\":[{\"@type\":\"WebPage\",\"@id\":\"https:\\\/\\\/srses.org\\\/?page_id=2194\",\"url\":\"https:\\\/\\\/srses.org\\\/?page_id=2194\",\"name\":\"SSES - Nega pacijenata\",\"isPartOf\":{\"@id\":\"https:\\\/\\\/srses.org\\\/#website\"},\"primaryImageOfPage\":{\"@id\":\"https:\\\/\\\/srses.org\\\/?page_id=2194#primaryimage\"},\"image\":{\"@id\":\"https:\\\/\\\/srses.org\\\/?page_id=2194#primaryimage\"},\"thumbnailUrl\":\"https:\\\/\\\/srses.org\\\/wp-content\\\/uploads\\\/2023\\\/04\\\/cvk.jpg\",\"datePublished\":\"2023-04-01T21:31:32+00:00\",\"dateModified\":\"2023-11-25T22:56:10+00:00\",\"description\":\"Briga o hitnim hirur\u0161kim pacijentima uklju\u010duje multidisciplinarni pristup, uz doprinose hirurga, anesteziologa i medicinskih sestara.\",\"breadcrumb\":{\"@id\":\"https:\\\/\\\/srses.org\\\/?page_id=2194#breadcrumb\"},\"inLanguage\":\"en-US\",\"potentialAction\":[{\"@type\":\"ReadAction\",\"target\":[\"https:\\\/\\\/srses.org\\\/?page_id=2194\"]}]},{\"@type\":\"ImageObject\",\"inLanguage\":\"en-US\",\"@id\":\"https:\\\/\\\/srses.org\\\/?page_id=2194#primaryimage\",\"url\":\"https:\\\/\\\/srses.org\\\/wp-content\\\/uploads\\\/2023\\\/04\\\/cvk.jpg\",\"contentUrl\":\"https:\\\/\\\/srses.org\\\/wp-content\\\/uploads\\\/2023\\\/04\\\/cvk.jpg\",\"width\":842,\"height\":630},{\"@type\":\"BreadcrumbList\",\"@id\":\"https:\\\/\\\/srses.org\\\/?page_id=2194#breadcrumb\",\"itemListElement\":[{\"@type\":\"ListItem\",\"position\":1,\"name\":\"Home\",\"item\":\"https:\\\/\\\/srses.org\\\/\"},{\"@type\":\"ListItem\",\"position\":2,\"name\":\"Nega pacijenata\"}]},{\"@type\":\"WebSite\",\"@id\":\"https:\\\/\\\/srses.org\\\/#website\",\"url\":\"https:\\\/\\\/srses.org\\\/\",\"name\":\"SSES\",\"description\":\"Serbian Society of Emergency Surgery\",\"publisher\":{\"@id\":\"https:\\\/\\\/srses.org\\\/#organization\"},\"potentialAction\":[{\"@type\":\"SearchAction\",\"target\":{\"@type\":\"EntryPoint\",\"urlTemplate\":\"https:\\\/\\\/srses.org\\\/?s={search_term_string}\"},\"query-input\":{\"@type\":\"PropertyValueSpecification\",\"valueRequired\":true,\"valueName\":\"search_term_string\"}}],\"inLanguage\":\"en-US\"},{\"@type\":\"Organization\",\"@id\":\"https:\\\/\\\/srses.org\\\/#organization\",\"name\":\"SSES\",\"alternateName\":\"Serbian Society of Emergency Surgery\",\"url\":\"https:\\\/\\\/srses.org\\\/\",\"logo\":{\"@type\":\"ImageObject\",\"inLanguage\":\"en-US\",\"@id\":\"https:\\\/\\\/srses.org\\\/#\\\/schema\\\/logo\\\/image\\\/\",\"url\":\"https:\\\/\\\/srses.org\\\/wp-content\\\/uploads\\\/2023\\\/01\\\/crveni.png\",\"contentUrl\":\"https:\\\/\\\/srses.org\\\/wp-content\\\/uploads\\\/2023\\\/01\\\/crveni.png\",\"width\":724,\"height\":328,\"caption\":\"SSES\"},\"image\":{\"@id\":\"https:\\\/\\\/srses.org\\\/#\\\/schema\\\/logo\\\/image\\\/\"},\"sameAs\":[\"https:\\\/\\\/www.facebook.com\\\/srbses\"]}]}<\/script>\n<!-- \/ Yoast SEO plugin. -->","yoast_head_json":{"title":"SSES - Nega pacijenata","description":"Briga o hitnim hirur\u0161kim pacijentima uklju\u010duje multidisciplinarni pristup, uz doprinose hirurga, anesteziologa i medicinskih sestara.","robots":{"index":"index","follow":"follow","max-snippet":"max-snippet:-1","max-image-preview":"max-image-preview:large","max-video-preview":"max-video-preview:-1"},"canonical":"https:\/\/srses.org\/?page_id=2194","og_locale":"en_US","og_type":"article","og_title":"SSES - Nega pacijenata","og_description":"Briga o hitnim hirur\u0161kim pacijentima uklju\u010duje multidisciplinarni pristup, uz doprinose hirurga, anesteziologa i medicinskih sestara.","og_url":"https:\/\/srses.org\/?page_id=2194","og_site_name":"SSES","article_publisher":"https:\/\/www.facebook.com\/srbses","article_modified_time":"2023-11-25T22:56:10+00:00","og_image":[{"url":"https:\/\/srses.org\/wp-content\/uploads\/2023\/04\/cvk.jpg","type":"","width":"","height":""}],"twitter_card":"summary_large_image","twitter_misc":{"Est. reading time":"4 minutes"},"schema":{"@context":"https:\/\/schema.org","@graph":[{"@type":"WebPage","@id":"https:\/\/srses.org\/?page_id=2194","url":"https:\/\/srses.org\/?page_id=2194","name":"SSES - Nega pacijenata","isPartOf":{"@id":"https:\/\/srses.org\/#website"},"primaryImageOfPage":{"@id":"https:\/\/srses.org\/?page_id=2194#primaryimage"},"image":{"@id":"https:\/\/srses.org\/?page_id=2194#primaryimage"},"thumbnailUrl":"https:\/\/srses.org\/wp-content\/uploads\/2023\/04\/cvk.jpg","datePublished":"2023-04-01T21:31:32+00:00","dateModified":"2023-11-25T22:56:10+00:00","description":"Briga o hitnim hirur\u0161kim pacijentima uklju\u010duje multidisciplinarni pristup, uz doprinose hirurga, anesteziologa i medicinskih sestara.","breadcrumb":{"@id":"https:\/\/srses.org\/?page_id=2194#breadcrumb"},"inLanguage":"en-US","potentialAction":[{"@type":"ReadAction","target":["https:\/\/srses.org\/?page_id=2194"]}]},{"@type":"ImageObject","inLanguage":"en-US","@id":"https:\/\/srses.org\/?page_id=2194#primaryimage","url":"https:\/\/srses.org\/wp-content\/uploads\/2023\/04\/cvk.jpg","contentUrl":"https:\/\/srses.org\/wp-content\/uploads\/2023\/04\/cvk.jpg","width":842,"height":630},{"@type":"BreadcrumbList","@id":"https:\/\/srses.org\/?page_id=2194#breadcrumb","itemListElement":[{"@type":"ListItem","position":1,"name":"Home","item":"https:\/\/srses.org\/"},{"@type":"ListItem","position":2,"name":"Nega pacijenata"}]},{"@type":"WebSite","@id":"https:\/\/srses.org\/#website","url":"https:\/\/srses.org\/","name":"SSES","description":"Serbian Society of Emergency Surgery","publisher":{"@id":"https:\/\/srses.org\/#organization"},"potentialAction":[{"@type":"SearchAction","target":{"@type":"EntryPoint","urlTemplate":"https:\/\/srses.org\/?s={search_term_string}"},"query-input":{"@type":"PropertyValueSpecification","valueRequired":true,"valueName":"search_term_string"}}],"inLanguage":"en-US"},{"@type":"Organization","@id":"https:\/\/srses.org\/#organization","name":"SSES","alternateName":"Serbian Society of Emergency Surgery","url":"https:\/\/srses.org\/","logo":{"@type":"ImageObject","inLanguage":"en-US","@id":"https:\/\/srses.org\/#\/schema\/logo\/image\/","url":"https:\/\/srses.org\/wp-content\/uploads\/2023\/01\/crveni.png","contentUrl":"https:\/\/srses.org\/wp-content\/uploads\/2023\/01\/crveni.png","width":724,"height":328,"caption":"SSES"},"image":{"@id":"https:\/\/srses.org\/#\/schema\/logo\/image\/"},"sameAs":["https:\/\/www.facebook.com\/srbses"]}]}},"_links":{"self":[{"href":"https:\/\/srses.org\/index.php?rest_route=\/wp\/v2\/pages\/2194","targetHints":{"allow":["GET"]}}],"collection":[{"href":"https:\/\/srses.org\/index.php?rest_route=\/wp\/v2\/pages"}],"about":[{"href":"https:\/\/srses.org\/index.php?rest_route=\/wp\/v2\/types\/page"}],"author":[{"embeddable":true,"href":"https:\/\/srses.org\/index.php?rest_route=\/wp\/v2\/users\/2"}],"replies":[{"embeddable":true,"href":"https:\/\/srses.org\/index.php?rest_route=%2Fwp%2Fv2%2Fcomments&post=2194"}],"version-history":[{"count":11,"href":"https:\/\/srses.org\/index.php?rest_route=\/wp\/v2\/pages\/2194\/revisions"}],"predecessor-version":[{"id":2442,"href":"https:\/\/srses.org\/index.php?rest_route=\/wp\/v2\/pages\/2194\/revisions\/2442"}],"wp:attachment":[{"href":"https:\/\/srses.org\/index.php?rest_route=%2Fwp%2Fv2%2Fmedia&parent=2194"}],"curies":[{"name":"wp","href":"https:\/\/api.w.org\/{rel}","templated":true}]}}