{"id":2227,"date":"2023-04-01T22:28:43","date_gmt":"2023-04-01T22:28:43","guid":{"rendered":"https:\/\/srses.org\/?page_id=2227"},"modified":"2023-11-26T00:10:35","modified_gmt":"2023-11-25T23:10:35","slug":"sistem-urgentne-hirurgije","status":"publish","type":"page","link":"https:\/\/srses.org\/?page_id=2227","title":{"rendered":"Sistem urgentne hirurgije"},"content":{"rendered":"\t\t<div data-elementor-type=\"wp-page\" data-elementor-id=\"2227\" class=\"elementor elementor-2227\">\n\t\t\t\t<div class=\"elementor-element elementor-element-3407240 e-flex e-con-boxed e-con e-parent\" data-id=\"3407240\" data-element_type=\"container\" data-e-type=\"container\">\n\t\t\t\t\t<div class=\"e-con-inner\">\n\t\t<div class=\"elementor-element elementor-element-0220a50 e-con-full e-flex e-con e-parent\" data-id=\"0220a50\" data-element_type=\"container\" data-e-type=\"container\">\n\t\t\t\t<div class=\"elementor-element elementor-element-d6e5a88 elementor-widget elementor-widget-text-editor\" data-id=\"d6e5a88\" data-element_type=\"widget\" data-e-type=\"widget\" data-widget_type=\"text-editor.default\">\n\t\t\t\t<div class=\"elementor-widget-container\">\n\t\t\t\t\t\t\t\t\t<p>Urgentna hirurgija je klju\u010dna medicinska oblast koja je neophodna za spasavanje \u017eivota i le\u010denje te\u0161kih povreda. Sistem hitne hirurgije obi\u010dno uklju\u010duje niz zdravstvenih radnika, hirurge, anesteziologe, medicinske sestre i drugo pomoc\u0301no osoblje.<\/p><p>Prvi korak u stvaranju efikasnog sistema urgentne hirurgije je da se osigura adekvatna infrastruktura za podr\u0161ku hitnim procedurama.<\/p>\t\t\t\t\t\t\t\t<\/div>\n\t\t\t\t<\/div>\n\t\t\t\t<\/div>\n\t\t<div class=\"elementor-element elementor-element-b451410 e-con-full e-flex e-con e-parent\" data-id=\"b451410\" data-element_type=\"container\" data-e-type=\"container\">\n\t\t\t\t<div class=\"elementor-element elementor-element-312963a elementor-widget elementor-widget-image\" data-id=\"312963a\" data-element_type=\"widget\" data-e-type=\"widget\" data-widget_type=\"image.default\">\n\t\t\t\t<div class=\"elementor-widget-container\">\n\t\t\t\t\t\t\t\t\t\t\t\t\t\t\t<img fetchpriority=\"high\" decoding=\"async\" width=\"1024\" height=\"768\" src=\"https:\/\/srses.org\/wp-content\/uploads\/2023\/04\/sistem-20230308_142744-1024x768.jpg\" class=\"attachment-large size-large wp-image-2308\" alt=\"\" srcset=\"https:\/\/srses.org\/wp-content\/uploads\/2023\/04\/sistem-20230308_142744-1024x768.jpg 1024w, https:\/\/srses.org\/wp-content\/uploads\/2023\/04\/sistem-20230308_142744-300x225.jpg 300w, https:\/\/srses.org\/wp-content\/uploads\/2023\/04\/sistem-20230308_142744-768x576.jpg 768w, https:\/\/srses.org\/wp-content\/uploads\/2023\/04\/sistem-20230308_142744-1000x750.jpg 1000w, https:\/\/srses.org\/wp-content\/uploads\/2023\/04\/sistem-20230308_142744-230x173.jpg 230w, https:\/\/srses.org\/wp-content\/uploads\/2023\/04\/sistem-20230308_142744-350x263.jpg 350w, https:\/\/srses.org\/wp-content\/uploads\/2023\/04\/sistem-20230308_142744-480x360.jpg 480w, https:\/\/srses.org\/wp-content\/uploads\/2023\/04\/sistem-20230308_142744.jpg 1292w\" sizes=\"(max-width: 1024px) 100vw, 1024px\" \/>\t\t\t\t\t\t\t\t\t\t\t\t\t\t\t<\/div>\n\t\t\t\t<\/div>\n\t\t\t\t<\/div>\n\t\t\t\t\t<\/div>\n\t\t\t\t<\/div>\n\t\t<div class=\"elementor-element elementor-element-732bbad e-flex e-con-boxed e-con e-parent\" data-id=\"732bbad\" data-element_type=\"container\" data-e-type=\"container\">\n\t\t\t\t\t<div class=\"e-con-inner\">\n\t\t\t\t<div class=\"elementor-element elementor-element-3d61ee3 elementor-widget elementor-widget-text-editor\" data-id=\"3d61ee3\" data-element_type=\"widget\" data-e-type=\"widget\" data-widget_type=\"text-editor.default\">\n\t\t\t\t<div class=\"elementor-widget-container\">\n\t\t\t\t\t\t\t\t\t<p>Ovo uklju\u010duje dobro opremljene operacione sale, najsavremeniju medicinsku opremu i pouzdano snabdevanje lekovima i hirur\u0161kom opremom.<\/p><p>Jo\u0161 jedan va\u017ean aspekt sistema urgentne hirurgije je da edukovani medicinski stru\u010dnjaci budu spremni da reaguju u svakom trenutku. To zna\u010di da kvalifikovani hirurzi i anesteziolozi budu na raspolaganju 24\/7, kao i medicinske sestre i pomoc\u0301no osoblje koje je obu\u010deno da poma\u017ee u hitnim procedurama.<\/p><p>Efikasna komunikacija je tako\u0111e kriti\u010dna u sistemu urgentne hirurgije. Ovo uklju\u010duje jasne protokole za obave\u0161tavanje medicinskog osoblja o hitnim slu\u010dajevima, kao i obezbe\u0111ivanje da svi \u010dlanovi hirur\u0161kog tima budu upoznati sa medicinskom istorijom pacijenta, alergijama i drugim va\u017enim informacijama.<\/p><p>Pored ovih klju\u010dnih komponenti, sistem urgentne hirurgije treba da ima uspostavljene procese osiguranja kvaliteta i prac\u0301enja kako bi se osiguralo da se sve hitne procedure izvode po najvi\u0161im moguc\u0301im standardima. Ovo zna\u010di da se redovno vr\u0161i kontrola uspeha le\u010denja pacijenata, kao i stalna obuka i edukacija medicinskog osoblja kako bi se osiguralo da su u toku sa najnovijim hirur\u0161kim tehnikama i najboljom praksom.<\/p><p>Efikasan sistem urgentne hirurgije zahteva koordinisane i kolaborativne napore svih \u010dlanova zdravstvenog tima, kao i posvec\u0301enost stalnom pobolj\u0161anju kvaliteta i bezbednosti pacijenata.<\/p><p>Ova sekcija je posvec\u0301ena permanentnoj analizi trenutnog stanja sistema urgentne hirurgije u Srbiji i predlaganju mera za unapre\u0111enje sistema na osnovu najboljih praksi.<\/p>\t\t\t\t\t\t\t\t<\/div>\n\t\t\t\t<\/div>\n\t\t\t\t\t<\/div>\n\t\t\t\t<\/div>\n\t\t\t\t<\/div>\n\t\t","protected":false},"excerpt":{"rendered":"<p>Urgentna hirurgija je klju\u010dna medicinska oblast koja je neophodna za spasavanje \u017eivota i le\u010denje te\u0161kih povreda. Sistem hitne hirurgije obi\u010dno uklju\u010duje niz [&hellip;]<\/p>\n","protected":false},"author":2,"featured_media":0,"parent":0,"menu_order":0,"comment_status":"closed","ping_status":"closed","template":"","meta":{"footnotes":""},"class_list":["post-2227","page","type-page","status-publish","hentry"],"yoast_head":"<!-- This site is optimized with the Yoast SEO plugin v27.6 - https:\/\/yoast.com\/product\/yoast-seo-wordpress\/ -->\n<title>SSES - Sistem urgentne hirurgije<\/title>\n<meta name=\"robots\" content=\"index, follow, max-snippet:-1, max-image-preview:large, max-video-preview:-1\" \/>\n<link rel=\"canonical\" href=\"https:\/\/srses.org\/?page_id=2227\" \/>\n<meta property=\"og:locale\" content=\"en_US\" \/>\n<meta property=\"og:type\" content=\"article\" \/>\n<meta property=\"og:title\" content=\"SSES - Sistem urgentne hirurgije\" \/>\n<meta property=\"og:description\" content=\"Urgentna hirurgija je klju\u010dna medicinska oblast koja je neophodna za spasavanje \u017eivota i le\u010denje te\u0161kih povreda. Sistem hitne hirurgije obi\u010dno uklju\u010duje niz [&hellip;]\" \/>\n<meta property=\"og:url\" content=\"https:\/\/srses.org\/?page_id=2227\" \/>\n<meta property=\"og:site_name\" content=\"SSES\" \/>\n<meta property=\"article:publisher\" content=\"https:\/\/www.facebook.com\/srbses\" \/>\n<meta property=\"article:modified_time\" content=\"2023-11-25T23:10:35+00:00\" \/>\n<meta property=\"og:image\" content=\"https:\/\/srses.org\/wp-content\/uploads\/2023\/04\/sistem-20230308_142744-1024x768.jpg\" \/>\n<meta name=\"twitter:card\" content=\"summary_large_image\" \/>\n<meta name=\"twitter:label1\" content=\"Est. reading time\" \/>\n\t<meta name=\"twitter:data1\" content=\"2 minutes\" \/>\n<script type=\"application\/ld+json\" class=\"yoast-schema-graph\">{\"@context\":\"https:\\\/\\\/schema.org\",\"@graph\":[{\"@type\":\"WebPage\",\"@id\":\"https:\\\/\\\/srses.org\\\/?page_id=2227\",\"url\":\"https:\\\/\\\/srses.org\\\/?page_id=2227\",\"name\":\"SSES - Sistem urgentne hirurgije\",\"isPartOf\":{\"@id\":\"https:\\\/\\\/srses.org\\\/#website\"},\"primaryImageOfPage\":{\"@id\":\"https:\\\/\\\/srses.org\\\/?page_id=2227#primaryimage\"},\"image\":{\"@id\":\"https:\\\/\\\/srses.org\\\/?page_id=2227#primaryimage\"},\"thumbnailUrl\":\"https:\\\/\\\/srses.org\\\/wp-content\\\/uploads\\\/2023\\\/04\\\/sistem-20230308_142744-1024x768.jpg\",\"datePublished\":\"2023-04-01T22:28:43+00:00\",\"dateModified\":\"2023-11-25T23:10:35+00:00\",\"breadcrumb\":{\"@id\":\"https:\\\/\\\/srses.org\\\/?page_id=2227#breadcrumb\"},\"inLanguage\":\"en-US\",\"potentialAction\":[{\"@type\":\"ReadAction\",\"target\":[\"https:\\\/\\\/srses.org\\\/?page_id=2227\"]}]},{\"@type\":\"ImageObject\",\"inLanguage\":\"en-US\",\"@id\":\"https:\\\/\\\/srses.org\\\/?page_id=2227#primaryimage\",\"url\":\"https:\\\/\\\/srses.org\\\/wp-content\\\/uploads\\\/2023\\\/04\\\/sistem-20230308_142744.jpg\",\"contentUrl\":\"https:\\\/\\\/srses.org\\\/wp-content\\\/uploads\\\/2023\\\/04\\\/sistem-20230308_142744.jpg\",\"width\":1292,\"height\":969},{\"@type\":\"BreadcrumbList\",\"@id\":\"https:\\\/\\\/srses.org\\\/?page_id=2227#breadcrumb\",\"itemListElement\":[{\"@type\":\"ListItem\",\"position\":1,\"name\":\"Home\",\"item\":\"https:\\\/\\\/srses.org\\\/\"},{\"@type\":\"ListItem\",\"position\":2,\"name\":\"Sistem urgentne hirurgije\"}]},{\"@type\":\"WebSite\",\"@id\":\"https:\\\/\\\/srses.org\\\/#website\",\"url\":\"https:\\\/\\\/srses.org\\\/\",\"name\":\"SSES\",\"description\":\"Serbian Society of Emergency Surgery\",\"publisher\":{\"@id\":\"https:\\\/\\\/srses.org\\\/#organization\"},\"potentialAction\":[{\"@type\":\"SearchAction\",\"target\":{\"@type\":\"EntryPoint\",\"urlTemplate\":\"https:\\\/\\\/srses.org\\\/?s={search_term_string}\"},\"query-input\":{\"@type\":\"PropertyValueSpecification\",\"valueRequired\":true,\"valueName\":\"search_term_string\"}}],\"inLanguage\":\"en-US\"},{\"@type\":\"Organization\",\"@id\":\"https:\\\/\\\/srses.org\\\/#organization\",\"name\":\"SSES\",\"alternateName\":\"Serbian Society of Emergency Surgery\",\"url\":\"https:\\\/\\\/srses.org\\\/\",\"logo\":{\"@type\":\"ImageObject\",\"inLanguage\":\"en-US\",\"@id\":\"https:\\\/\\\/srses.org\\\/#\\\/schema\\\/logo\\\/image\\\/\",\"url\":\"https:\\\/\\\/srses.org\\\/wp-content\\\/uploads\\\/2023\\\/01\\\/crveni.png\",\"contentUrl\":\"https:\\\/\\\/srses.org\\\/wp-content\\\/uploads\\\/2023\\\/01\\\/crveni.png\",\"width\":724,\"height\":328,\"caption\":\"SSES\"},\"image\":{\"@id\":\"https:\\\/\\\/srses.org\\\/#\\\/schema\\\/logo\\\/image\\\/\"},\"sameAs\":[\"https:\\\/\\\/www.facebook.com\\\/srbses\"]}]}<\/script>\n<!-- \/ Yoast SEO plugin. -->","yoast_head_json":{"title":"SSES - Sistem urgentne hirurgije","robots":{"index":"index","follow":"follow","max-snippet":"max-snippet:-1","max-image-preview":"max-image-preview:large","max-video-preview":"max-video-preview:-1"},"canonical":"https:\/\/srses.org\/?page_id=2227","og_locale":"en_US","og_type":"article","og_title":"SSES - Sistem urgentne hirurgije","og_description":"Urgentna hirurgija je klju\u010dna medicinska oblast koja je neophodna za spasavanje \u017eivota i le\u010denje te\u0161kih povreda. Sistem hitne hirurgije obi\u010dno uklju\u010duje niz [&hellip;]","og_url":"https:\/\/srses.org\/?page_id=2227","og_site_name":"SSES","article_publisher":"https:\/\/www.facebook.com\/srbses","article_modified_time":"2023-11-25T23:10:35+00:00","og_image":[{"url":"https:\/\/srses.org\/wp-content\/uploads\/2023\/04\/sistem-20230308_142744-1024x768.jpg","type":"","width":"","height":""}],"twitter_card":"summary_large_image","twitter_misc":{"Est. reading time":"2 minutes"},"schema":{"@context":"https:\/\/schema.org","@graph":[{"@type":"WebPage","@id":"https:\/\/srses.org\/?page_id=2227","url":"https:\/\/srses.org\/?page_id=2227","name":"SSES - Sistem urgentne hirurgije","isPartOf":{"@id":"https:\/\/srses.org\/#website"},"primaryImageOfPage":{"@id":"https:\/\/srses.org\/?page_id=2227#primaryimage"},"image":{"@id":"https:\/\/srses.org\/?page_id=2227#primaryimage"},"thumbnailUrl":"https:\/\/srses.org\/wp-content\/uploads\/2023\/04\/sistem-20230308_142744-1024x768.jpg","datePublished":"2023-04-01T22:28:43+00:00","dateModified":"2023-11-25T23:10:35+00:00","breadcrumb":{"@id":"https:\/\/srses.org\/?page_id=2227#breadcrumb"},"inLanguage":"en-US","potentialAction":[{"@type":"ReadAction","target":["https:\/\/srses.org\/?page_id=2227"]}]},{"@type":"ImageObject","inLanguage":"en-US","@id":"https:\/\/srses.org\/?page_id=2227#primaryimage","url":"https:\/\/srses.org\/wp-content\/uploads\/2023\/04\/sistem-20230308_142744.jpg","contentUrl":"https:\/\/srses.org\/wp-content\/uploads\/2023\/04\/sistem-20230308_142744.jpg","width":1292,"height":969},{"@type":"BreadcrumbList","@id":"https:\/\/srses.org\/?page_id=2227#breadcrumb","itemListElement":[{"@type":"ListItem","position":1,"name":"Home","item":"https:\/\/srses.org\/"},{"@type":"ListItem","position":2,"name":"Sistem urgentne hirurgije"}]},{"@type":"WebSite","@id":"https:\/\/srses.org\/#website","url":"https:\/\/srses.org\/","name":"SSES","description":"Serbian Society of Emergency Surgery","publisher":{"@id":"https:\/\/srses.org\/#organization"},"potentialAction":[{"@type":"SearchAction","target":{"@type":"EntryPoint","urlTemplate":"https:\/\/srses.org\/?s={search_term_string}"},"query-input":{"@type":"PropertyValueSpecification","valueRequired":true,"valueName":"search_term_string"}}],"inLanguage":"en-US"},{"@type":"Organization","@id":"https:\/\/srses.org\/#organization","name":"SSES","alternateName":"Serbian Society of Emergency Surgery","url":"https:\/\/srses.org\/","logo":{"@type":"ImageObject","inLanguage":"en-US","@id":"https:\/\/srses.org\/#\/schema\/logo\/image\/","url":"https:\/\/srses.org\/wp-content\/uploads\/2023\/01\/crveni.png","contentUrl":"https:\/\/srses.org\/wp-content\/uploads\/2023\/01\/crveni.png","width":724,"height":328,"caption":"SSES"},"image":{"@id":"https:\/\/srses.org\/#\/schema\/logo\/image\/"},"sameAs":["https:\/\/www.facebook.com\/srbses"]}]}},"_links":{"self":[{"href":"https:\/\/srses.org\/index.php?rest_route=\/wp\/v2\/pages\/2227","targetHints":{"allow":["GET"]}}],"collection":[{"href":"https:\/\/srses.org\/index.php?rest_route=\/wp\/v2\/pages"}],"about":[{"href":"https:\/\/srses.org\/index.php?rest_route=\/wp\/v2\/types\/page"}],"author":[{"embeddable":true,"href":"https:\/\/srses.org\/index.php?rest_route=\/wp\/v2\/users\/2"}],"replies":[{"embeddable":true,"href":"https:\/\/srses.org\/index.php?rest_route=%2Fwp%2Fv2%2Fcomments&post=2227"}],"version-history":[{"count":8,"href":"https:\/\/srses.org\/index.php?rest_route=\/wp\/v2\/pages\/2227\/revisions"}],"predecessor-version":[{"id":2314,"href":"https:\/\/srses.org\/index.php?rest_route=\/wp\/v2\/pages\/2227\/revisions\/2314"}],"wp:attachment":[{"href":"https:\/\/srses.org\/index.php?rest_route=%2Fwp%2Fv2%2Fmedia&parent=2227"}],"curies":[{"name":"wp","href":"https:\/\/api.w.org\/{rel}","templated":true}]}}