{"id":2711,"date":"2023-08-15T01:08:07","date_gmt":"2023-08-15T01:08:07","guid":{"rendered":"https:\/\/srses.org\/?page_id=2711"},"modified":"2025-04-07T14:39:56","modified_gmt":"2025-04-07T13:39:56","slug":"prijava-za-kurseve","status":"publish","type":"page","link":"https:\/\/srses.org\/?page_id=2711","title":{"rendered":"Prijava za kurseve"},"content":{"rendered":"\n<p>Po\u0161tovane kolege,<\/p>\n\n\n\n<p>Sva mesta za kurs su popunjena i dalja registracija polaznika nije mogu\u0107a.<\/p>\n\n\n\n<p>Za registrovane u\u010desnike, uplatu za u\u010de\u0161\u0107e na kursu izvr\u0161iti <\/p>\n\n\n\n<p>za: <strong>Srpsko Udru\u017eenje Urgentne Hirurgije<\/strong><\/p>\n\n\n\n<p>svrha uplate: <strong>Kurs <strong>MINIMALNO INVAZIVNA URGENTNA HIRURGIJA<\/strong> 2025<\/strong><\/p>\n\n\n\n<p>na ra\u010dun: <strong>265330000000237162<\/strong><\/p>\n\n\n\n<p>poziv na broj: <strong>broj va\u0161e licence<\/strong><\/p>\n\n\n\n<div class=\"wp-block-buttons is-layout-flex wp-block-buttons-is-layout-flex\">\n<div class=\"wp-block-button has-custom-font-size has-small-font-size\"><a class=\"wp-block-button__link has-white-color has-vivid-cyan-blue-background-color has-text-color has-background has-link-color wp-element-button\" href=\"https:\/\/shop.srses.org\/\" style=\"border-radius:9px\" target=\"_blank\" rel=\"noreferrer noopener\">platite Online<\/a><\/div>\n<\/div>\n\n\n\n<div class=\"wp-block-columns is-layout-flex wp-container-core-columns-is-layout-28f84493 wp-block-columns-is-layout-flex\">\n<div class=\"wp-block-column is-layout-flow wp-block-column-is-layout-flow\">\n<figure class=\"wp-block-image aligncenter size-full is-resized\"><img fetchpriority=\"high\" decoding=\"async\" width=\"324\" height=\"325\" src=\"https:\/\/srses.org\/wp-content\/uploads\/2025\/03\/QR-KURS-LAPAROSKOPIJA-3000.png\" alt=\"\" class=\"wp-image-4933\" style=\"width:197px;height:auto\" srcset=\"https:\/\/srses.org\/wp-content\/uploads\/2025\/03\/QR-KURS-LAPAROSKOPIJA-3000.png 324w, https:\/\/srses.org\/wp-content\/uploads\/2025\/03\/QR-KURS-LAPAROSKOPIJA-3000-300x300.png 300w, https:\/\/srses.org\/wp-content\/uploads\/2025\/03\/QR-KURS-LAPAROSKOPIJA-3000-150x150.png 150w, https:\/\/srses.org\/wp-content\/uploads\/2025\/03\/QR-KURS-LAPAROSKOPIJA-3000-230x231.png 230w\" sizes=\"(max-width: 324px) 100vw, 324px\" \/><\/figure>\n\n\n\n<p class=\"has-text-align-center\">specijalizant \u010dlan SUUH 3000 din<\/p>\n<\/div>\n\n\n\n<div class=\"wp-block-column is-layout-flow wp-block-column-is-layout-flow\">\n<figure class=\"wp-block-image aligncenter size-full is-resized\"><img decoding=\"async\" width=\"330\" height=\"325\" src=\"https:\/\/srses.org\/wp-content\/uploads\/2025\/03\/QR-KURS-LAPAROSKOPIJA-4000.png\" alt=\"\" class=\"wp-image-4935\" style=\"width:199px;height:auto\" srcset=\"https:\/\/srses.org\/wp-content\/uploads\/2025\/03\/QR-KURS-LAPAROSKOPIJA-4000.png 330w, https:\/\/srses.org\/wp-content\/uploads\/2025\/03\/QR-KURS-LAPAROSKOPIJA-4000-300x295.png 300w, https:\/\/srses.org\/wp-content\/uploads\/2025\/03\/QR-KURS-LAPAROSKOPIJA-4000-230x227.png 230w\" sizes=\"(max-width: 330px) 100vw, 330px\" \/><\/figure>\n\n\n\n<p class=\"has-text-align-center\">specijalista \u010dlan SUUH 4000 din<\/p>\n<\/div>\n\n\n\n<div class=\"wp-block-column is-layout-flow wp-block-column-is-layout-flow\">\n<figure class=\"wp-block-image aligncenter size-full is-resized\"><img decoding=\"async\" width=\"329\" height=\"323\" src=\"https:\/\/srses.org\/wp-content\/uploads\/2025\/03\/QR-KURS-LAPAROSKOPIJA-6000.png\" alt=\"\" class=\"wp-image-4936\" style=\"width:199px;height:auto\" srcset=\"https:\/\/srses.org\/wp-content\/uploads\/2025\/03\/QR-KURS-LAPAROSKOPIJA-6000.png 329w, https:\/\/srses.org\/wp-content\/uploads\/2025\/03\/QR-KURS-LAPAROSKOPIJA-6000-300x295.png 300w, https:\/\/srses.org\/wp-content\/uploads\/2025\/03\/QR-KURS-LAPAROSKOPIJA-6000-230x226.png 230w\" sizes=\"(max-width: 329px) 100vw, 329px\" \/><\/figure>\n\n\n\n<p class=\"has-text-align-center\">nisam \u010dlan SUUH 6000 din<\/p>\n<\/div>\n<\/div>\n","protected":false},"excerpt":{"rendered":"<p>Po\u0161tovane kolege, Sva mesta za kurs su popunjena i dalja registracija polaznika nije mogu\u0107a. Za registrovane u\u010desnike, uplatu za u\u010de\u0161\u0107e na kursu [&hellip;]<\/p>\n","protected":false},"author":2,"featured_media":0,"parent":0,"menu_order":0,"comment_status":"closed","ping_status":"closed","template":"page-templates\/page_fullwidth.php","meta":{"footnotes":""},"class_list":["post-2711","page","type-page","status-publish","hentry"],"yoast_head":"<!-- This site is optimized with the Yoast SEO plugin v27.6 - https:\/\/yoast.com\/product\/yoast-seo-wordpress\/ -->\n<title>SSES - Prijava za kurseve<\/title>\n<meta name=\"robots\" content=\"index, follow, max-snippet:-1, max-image-preview:large, max-video-preview:-1\" \/>\n<link rel=\"canonical\" href=\"https:\/\/srses.org\/?page_id=2711\" \/>\n<meta property=\"og:locale\" content=\"en_US\" \/>\n<meta property=\"og:type\" content=\"article\" \/>\n<meta property=\"og:title\" content=\"SSES - Prijava za kurseve\" \/>\n<meta property=\"og:description\" content=\"Po\u0161tovane kolege, Sva mesta za kurs su popunjena i dalja registracija polaznika nije mogu\u0107a. Za registrovane u\u010desnike, uplatu za u\u010de\u0161\u0107e na kursu [&hellip;]\" \/>\n<meta property=\"og:url\" content=\"https:\/\/srses.org\/?page_id=2711\" \/>\n<meta property=\"og:site_name\" content=\"SSES\" \/>\n<meta property=\"article:publisher\" content=\"https:\/\/www.facebook.com\/srbses\" \/>\n<meta property=\"article:modified_time\" content=\"2025-04-07T13:39:56+00:00\" \/>\n<meta property=\"og:image\" content=\"https:\/\/srses.org\/wp-content\/uploads\/2025\/03\/QR-KURS-LAPAROSKOPIJA-3000.png\" \/>\n<meta name=\"twitter:card\" content=\"summary_large_image\" \/>\n<meta name=\"twitter:label1\" content=\"Est. reading time\" \/>\n\t<meta name=\"twitter:data1\" content=\"1 minute\" \/>\n<script type=\"application\/ld+json\" class=\"yoast-schema-graph\">{\"@context\":\"https:\\\/\\\/schema.org\",\"@graph\":[{\"@type\":\"WebPage\",\"@id\":\"https:\\\/\\\/srses.org\\\/?page_id=2711\",\"url\":\"https:\\\/\\\/srses.org\\\/?page_id=2711\",\"name\":\"SSES - Prijava za kurseve\",\"isPartOf\":{\"@id\":\"https:\\\/\\\/srses.org\\\/#website\"},\"primaryImageOfPage\":{\"@id\":\"https:\\\/\\\/srses.org\\\/?page_id=2711#primaryimage\"},\"image\":{\"@id\":\"https:\\\/\\\/srses.org\\\/?page_id=2711#primaryimage\"},\"thumbnailUrl\":\"https:\\\/\\\/srses.org\\\/wp-content\\\/uploads\\\/2025\\\/03\\\/QR-KURS-LAPAROSKOPIJA-3000.png\",\"datePublished\":\"2023-08-15T01:08:07+00:00\",\"dateModified\":\"2025-04-07T13:39:56+00:00\",\"breadcrumb\":{\"@id\":\"https:\\\/\\\/srses.org\\\/?page_id=2711#breadcrumb\"},\"inLanguage\":\"en-US\",\"potentialAction\":[{\"@type\":\"ReadAction\",\"target\":[\"https:\\\/\\\/srses.org\\\/?page_id=2711\"]}]},{\"@type\":\"ImageObject\",\"inLanguage\":\"en-US\",\"@id\":\"https:\\\/\\\/srses.org\\\/?page_id=2711#primaryimage\",\"url\":\"https:\\\/\\\/srses.org\\\/wp-content\\\/uploads\\\/2025\\\/03\\\/QR-KURS-LAPAROSKOPIJA-3000.png\",\"contentUrl\":\"https:\\\/\\\/srses.org\\\/wp-content\\\/uploads\\\/2025\\\/03\\\/QR-KURS-LAPAROSKOPIJA-3000.png\",\"width\":324,\"height\":325},{\"@type\":\"BreadcrumbList\",\"@id\":\"https:\\\/\\\/srses.org\\\/?page_id=2711#breadcrumb\",\"itemListElement\":[{\"@type\":\"ListItem\",\"position\":1,\"name\":\"Home\",\"item\":\"https:\\\/\\\/srses.org\\\/\"},{\"@type\":\"ListItem\",\"position\":2,\"name\":\"Prijava za kurseve\"}]},{\"@type\":\"WebSite\",\"@id\":\"https:\\\/\\\/srses.org\\\/#website\",\"url\":\"https:\\\/\\\/srses.org\\\/\",\"name\":\"SSES\",\"description\":\"Serbian Society of Emergency Surgery\",\"publisher\":{\"@id\":\"https:\\\/\\\/srses.org\\\/#organization\"},\"potentialAction\":[{\"@type\":\"SearchAction\",\"target\":{\"@type\":\"EntryPoint\",\"urlTemplate\":\"https:\\\/\\\/srses.org\\\/?s={search_term_string}\"},\"query-input\":{\"@type\":\"PropertyValueSpecification\",\"valueRequired\":true,\"valueName\":\"search_term_string\"}}],\"inLanguage\":\"en-US\"},{\"@type\":\"Organization\",\"@id\":\"https:\\\/\\\/srses.org\\\/#organization\",\"name\":\"SSES\",\"alternateName\":\"Serbian Society of Emergency Surgery\",\"url\":\"https:\\\/\\\/srses.org\\\/\",\"logo\":{\"@type\":\"ImageObject\",\"inLanguage\":\"en-US\",\"@id\":\"https:\\\/\\\/srses.org\\\/#\\\/schema\\\/logo\\\/image\\\/\",\"url\":\"https:\\\/\\\/srses.org\\\/wp-content\\\/uploads\\\/2023\\\/01\\\/crveni.png\",\"contentUrl\":\"https:\\\/\\\/srses.org\\\/wp-content\\\/uploads\\\/2023\\\/01\\\/crveni.png\",\"width\":724,\"height\":328,\"caption\":\"SSES\"},\"image\":{\"@id\":\"https:\\\/\\\/srses.org\\\/#\\\/schema\\\/logo\\\/image\\\/\"},\"sameAs\":[\"https:\\\/\\\/www.facebook.com\\\/srbses\"]}]}<\/script>\n<!-- \/ Yoast SEO plugin. -->","yoast_head_json":{"title":"SSES - Prijava za kurseve","robots":{"index":"index","follow":"follow","max-snippet":"max-snippet:-1","max-image-preview":"max-image-preview:large","max-video-preview":"max-video-preview:-1"},"canonical":"https:\/\/srses.org\/?page_id=2711","og_locale":"en_US","og_type":"article","og_title":"SSES - Prijava za kurseve","og_description":"Po\u0161tovane kolege, Sva mesta za kurs su popunjena i dalja registracija polaznika nije mogu\u0107a. Za registrovane u\u010desnike, uplatu za u\u010de\u0161\u0107e na kursu [&hellip;]","og_url":"https:\/\/srses.org\/?page_id=2711","og_site_name":"SSES","article_publisher":"https:\/\/www.facebook.com\/srbses","article_modified_time":"2025-04-07T13:39:56+00:00","og_image":[{"url":"https:\/\/srses.org\/wp-content\/uploads\/2025\/03\/QR-KURS-LAPAROSKOPIJA-3000.png","type":"","width":"","height":""}],"twitter_card":"summary_large_image","twitter_misc":{"Est. reading time":"1 minute"},"schema":{"@context":"https:\/\/schema.org","@graph":[{"@type":"WebPage","@id":"https:\/\/srses.org\/?page_id=2711","url":"https:\/\/srses.org\/?page_id=2711","name":"SSES - Prijava za kurseve","isPartOf":{"@id":"https:\/\/srses.org\/#website"},"primaryImageOfPage":{"@id":"https:\/\/srses.org\/?page_id=2711#primaryimage"},"image":{"@id":"https:\/\/srses.org\/?page_id=2711#primaryimage"},"thumbnailUrl":"https:\/\/srses.org\/wp-content\/uploads\/2025\/03\/QR-KURS-LAPAROSKOPIJA-3000.png","datePublished":"2023-08-15T01:08:07+00:00","dateModified":"2025-04-07T13:39:56+00:00","breadcrumb":{"@id":"https:\/\/srses.org\/?page_id=2711#breadcrumb"},"inLanguage":"en-US","potentialAction":[{"@type":"ReadAction","target":["https:\/\/srses.org\/?page_id=2711"]}]},{"@type":"ImageObject","inLanguage":"en-US","@id":"https:\/\/srses.org\/?page_id=2711#primaryimage","url":"https:\/\/srses.org\/wp-content\/uploads\/2025\/03\/QR-KURS-LAPAROSKOPIJA-3000.png","contentUrl":"https:\/\/srses.org\/wp-content\/uploads\/2025\/03\/QR-KURS-LAPAROSKOPIJA-3000.png","width":324,"height":325},{"@type":"BreadcrumbList","@id":"https:\/\/srses.org\/?page_id=2711#breadcrumb","itemListElement":[{"@type":"ListItem","position":1,"name":"Home","item":"https:\/\/srses.org\/"},{"@type":"ListItem","position":2,"name":"Prijava za kurseve"}]},{"@type":"WebSite","@id":"https:\/\/srses.org\/#website","url":"https:\/\/srses.org\/","name":"SSES","description":"Serbian Society of Emergency Surgery","publisher":{"@id":"https:\/\/srses.org\/#organization"},"potentialAction":[{"@type":"SearchAction","target":{"@type":"EntryPoint","urlTemplate":"https:\/\/srses.org\/?s={search_term_string}"},"query-input":{"@type":"PropertyValueSpecification","valueRequired":true,"valueName":"search_term_string"}}],"inLanguage":"en-US"},{"@type":"Organization","@id":"https:\/\/srses.org\/#organization","name":"SSES","alternateName":"Serbian Society of Emergency Surgery","url":"https:\/\/srses.org\/","logo":{"@type":"ImageObject","inLanguage":"en-US","@id":"https:\/\/srses.org\/#\/schema\/logo\/image\/","url":"https:\/\/srses.org\/wp-content\/uploads\/2023\/01\/crveni.png","contentUrl":"https:\/\/srses.org\/wp-content\/uploads\/2023\/01\/crveni.png","width":724,"height":328,"caption":"SSES"},"image":{"@id":"https:\/\/srses.org\/#\/schema\/logo\/image\/"},"sameAs":["https:\/\/www.facebook.com\/srbses"]}]}},"_links":{"self":[{"href":"https:\/\/srses.org\/index.php?rest_route=\/wp\/v2\/pages\/2711","targetHints":{"allow":["GET"]}}],"collection":[{"href":"https:\/\/srses.org\/index.php?rest_route=\/wp\/v2\/pages"}],"about":[{"href":"https:\/\/srses.org\/index.php?rest_route=\/wp\/v2\/types\/page"}],"author":[{"embeddable":true,"href":"https:\/\/srses.org\/index.php?rest_route=\/wp\/v2\/users\/2"}],"replies":[{"embeddable":true,"href":"https:\/\/srses.org\/index.php?rest_route=%2Fwp%2Fv2%2Fcomments&post=2711"}],"version-history":[{"count":20,"href":"https:\/\/srses.org\/index.php?rest_route=\/wp\/v2\/pages\/2711\/revisions"}],"predecessor-version":[{"id":5013,"href":"https:\/\/srses.org\/index.php?rest_route=\/wp\/v2\/pages\/2711\/revisions\/5013"}],"wp:attachment":[{"href":"https:\/\/srses.org\/index.php?rest_route=%2Fwp%2Fv2%2Fmedia&parent=2711"}],"curies":[{"name":"wp","href":"https:\/\/api.w.org\/{rel}","templated":true}]}}