{"id":2930,"date":"2023-10-23T13:35:52","date_gmt":"2023-10-23T12:35:52","guid":{"rendered":"https:\/\/srses.org\/?page_id=2930"},"modified":"2025-06-03T09:38:28","modified_gmt":"2025-06-03T08:38:28","slug":"webinar-hirurske-komplikacije-i-jatrogene-lezije","status":"publish","type":"page","link":"https:\/\/srses.org\/?page_id=2930","title":{"rendered":"Hirur\u0161ke komplikacije i jatrogene lezije"},"content":{"rendered":"\t\t<div data-elementor-type=\"wp-page\" data-elementor-id=\"2930\" class=\"elementor elementor-2930\">\n\t\t\t\t<div class=\"elementor-element elementor-element-e769c07 e-flex e-con-boxed e-con e-parent\" data-id=\"e769c07\" data-element_type=\"container\" data-e-type=\"container\">\n\t\t\t\t\t<div class=\"e-con-inner\">\n\t\t\t\t<div class=\"elementor-element elementor-element-5f15884 elementor-widget elementor-widget-html\" data-id=\"5f15884\" data-element_type=\"widget\" data-e-type=\"widget\" data-widget_type=\"html.default\">\n\t\t\t\t<div class=\"elementor-widget-container\">\n\t\t\t\t\t<div class=\u201dresponsive-embed-container embed-responsive-16by9\" align=\"center\"><iframe src=\"https:\/\/drive.google.com\/file\/d\/1MASUqdlXxsUVdrKMeDvngaYwj2p5z5Sp\/preview\" width=\"640\" height=\"360\" allow=\"autoplay\" allowfullscreen><\/iframe><\/div>\t\t\t\t<\/div>\n\t\t\t\t<\/div>\n\t\t\t\t\t<\/div>\n\t\t\t\t<\/div>\n\t\t<div class=\"elementor-element elementor-element-f240a72 e-flex e-con-boxed e-con e-parent\" data-id=\"f240a72\" data-element_type=\"container\" data-e-type=\"container\">\n\t\t\t\t\t<div class=\"e-con-inner\">\n\t\t\t\t<div class=\"elementor-element elementor-element-ca1db82 elementor-widget elementor-widget-html\" data-id=\"ca1db82\" data-element_type=\"widget\" data-e-type=\"widget\" data-widget_type=\"html.default\">\n\t\t\t\t<div class=\"elementor-widget-container\">\n\t\t\t\t\t<div class=\u201dresponsive-embed-container embed-responsive-16by9\" align=\"center\"><iframe src=\"https:\/\/drive.google.com\/file\/d\/19rJg2dqt9g9-5LDwed4VBk4jk2RFnlya\/preview\" width=\"640\" height=\"360\" allow=\"autoplay\" allowfullscreen><\/iframe><\/div>\t\t\t\t<\/div>\n\t\t\t\t<\/div>\n\t\t\t\t\t<\/div>\n\t\t\t\t<\/div>\n\t\t\t\t<\/div>\n\t\t","protected":false},"excerpt":{"rendered":"","protected":false},"author":2,"featured_media":0,"parent":0,"menu_order":0,"comment_status":"closed","ping_status":"closed","template":"","meta":{"footnotes":""},"class_list":["post-2930","page","type-page","status-publish","hentry"],"yoast_head":"<!-- This site is optimized with the Yoast SEO plugin v27.6 - https:\/\/yoast.com\/product\/yoast-seo-wordpress\/ -->\n<title>SSES - Hirur\u0161ke komplikacije i jatrogene lezije<\/title>\n<meta name=\"description\" content=\"Webinari sa kursa Hirur\u0161ke komplikacije i jatrogene lezije odr\u017eanog 11.10.2023 Univerzitetskom klini\u010dkom centru Srbije\" \/>\n<meta name=\"robots\" content=\"index, follow, max-snippet:-1, max-image-preview:large, max-video-preview:-1\" \/>\n<link rel=\"canonical\" href=\"https:\/\/srses.org\/?page_id=2930\" \/>\n<meta property=\"og:locale\" content=\"en_US\" \/>\n<meta property=\"og:type\" content=\"article\" \/>\n<meta property=\"og:title\" content=\"Webinari sa kursa Hirur\u0161ke komplikacije i jatrogene lezije\" \/>\n<meta property=\"og:description\" content=\"Webinari sa kursa Hirur\u0161ke komplikacije i jatrogene lezije odr\u017eanog 11.10.2023 Univerzitetskom klini\u010dkom centru Srbije\" \/>\n<meta property=\"og:url\" content=\"https:\/\/srses.org\/?page_id=2930\" \/>\n<meta property=\"og:site_name\" content=\"SSES\" \/>\n<meta property=\"article:publisher\" content=\"https:\/\/www.facebook.com\/srbses\" \/>\n<meta property=\"article:modified_time\" content=\"2025-06-03T08:38:28+00:00\" \/>\n<meta property=\"og:image\" content=\"https:\/\/plum-snake-555807.hostingersite.com\/wp-content\/uploads\/2024\/01\/k1.png\" \/>\n\t<meta property=\"og:image:width\" content=\"1427\" \/>\n\t<meta property=\"og:image:height\" content=\"704\" \/>\n\t<meta property=\"og:image:type\" content=\"image\/png\" \/>\n<meta name=\"twitter:card\" content=\"summary_large_image\" \/>\n<script type=\"application\/ld+json\" class=\"yoast-schema-graph\">{\"@context\":\"https:\\\/\\\/schema.org\",\"@graph\":[{\"@type\":\"WebPage\",\"@id\":\"https:\\\/\\\/srses.org\\\/?page_id=2930\",\"url\":\"https:\\\/\\\/srses.org\\\/?page_id=2930\",\"name\":\"SSES - Hirur\u0161ke komplikacije i jatrogene lezije\",\"isPartOf\":{\"@id\":\"https:\\\/\\\/srses.org\\\/#website\"},\"datePublished\":\"2023-10-23T12:35:52+00:00\",\"dateModified\":\"2025-06-03T08:38:28+00:00\",\"description\":\"Webinari sa kursa Hirur\u0161ke komplikacije i jatrogene lezije odr\u017eanog 11.10.2023 Univerzitetskom klini\u010dkom centru Srbije\",\"breadcrumb\":{\"@id\":\"https:\\\/\\\/srses.org\\\/?page_id=2930#breadcrumb\"},\"inLanguage\":\"en-US\",\"potentialAction\":[{\"@type\":\"ReadAction\",\"target\":[\"https:\\\/\\\/srses.org\\\/?page_id=2930\"]}]},{\"@type\":\"BreadcrumbList\",\"@id\":\"https:\\\/\\\/srses.org\\\/?page_id=2930#breadcrumb\",\"itemListElement\":[{\"@type\":\"ListItem\",\"position\":1,\"name\":\"Home\",\"item\":\"https:\\\/\\\/srses.org\\\/\"},{\"@type\":\"ListItem\",\"position\":2,\"name\":\"Hirur\u0161ke komplikacije i jatrogene lezije\"}]},{\"@type\":\"WebSite\",\"@id\":\"https:\\\/\\\/srses.org\\\/#website\",\"url\":\"https:\\\/\\\/srses.org\\\/\",\"name\":\"SSES\",\"description\":\"Serbian Society of Emergency Surgery\",\"publisher\":{\"@id\":\"https:\\\/\\\/srses.org\\\/#organization\"},\"potentialAction\":[{\"@type\":\"SearchAction\",\"target\":{\"@type\":\"EntryPoint\",\"urlTemplate\":\"https:\\\/\\\/srses.org\\\/?s={search_term_string}\"},\"query-input\":{\"@type\":\"PropertyValueSpecification\",\"valueRequired\":true,\"valueName\":\"search_term_string\"}}],\"inLanguage\":\"en-US\"},{\"@type\":\"Organization\",\"@id\":\"https:\\\/\\\/srses.org\\\/#organization\",\"name\":\"SSES\",\"alternateName\":\"Serbian Society of Emergency Surgery\",\"url\":\"https:\\\/\\\/srses.org\\\/\",\"logo\":{\"@type\":\"ImageObject\",\"inLanguage\":\"en-US\",\"@id\":\"https:\\\/\\\/srses.org\\\/#\\\/schema\\\/logo\\\/image\\\/\",\"url\":\"https:\\\/\\\/srses.org\\\/wp-content\\\/uploads\\\/2023\\\/01\\\/crveni.png\",\"contentUrl\":\"https:\\\/\\\/srses.org\\\/wp-content\\\/uploads\\\/2023\\\/01\\\/crveni.png\",\"width\":724,\"height\":328,\"caption\":\"SSES\"},\"image\":{\"@id\":\"https:\\\/\\\/srses.org\\\/#\\\/schema\\\/logo\\\/image\\\/\"},\"sameAs\":[\"https:\\\/\\\/www.facebook.com\\\/srbses\"]}]}<\/script>\n<!-- \/ Yoast SEO plugin. -->","yoast_head_json":{"title":"SSES - Hirur\u0161ke komplikacije i jatrogene lezije","description":"Webinari sa kursa Hirur\u0161ke komplikacije i jatrogene lezije odr\u017eanog 11.10.2023 Univerzitetskom klini\u010dkom centru Srbije","robots":{"index":"index","follow":"follow","max-snippet":"max-snippet:-1","max-image-preview":"max-image-preview:large","max-video-preview":"max-video-preview:-1"},"canonical":"https:\/\/srses.org\/?page_id=2930","og_locale":"en_US","og_type":"article","og_title":"Webinari sa kursa Hirur\u0161ke komplikacije i jatrogene lezije","og_description":"Webinari sa kursa Hirur\u0161ke komplikacije i jatrogene lezije odr\u017eanog 11.10.2023 Univerzitetskom klini\u010dkom centru Srbije","og_url":"https:\/\/srses.org\/?page_id=2930","og_site_name":"SSES","article_publisher":"https:\/\/www.facebook.com\/srbses","article_modified_time":"2025-06-03T08:38:28+00:00","og_image":[{"width":1427,"height":704,"url":"https:\/\/plum-snake-555807.hostingersite.com\/wp-content\/uploads\/2024\/01\/k1.png","type":"image\/png"}],"twitter_card":"summary_large_image","schema":{"@context":"https:\/\/schema.org","@graph":[{"@type":"WebPage","@id":"https:\/\/srses.org\/?page_id=2930","url":"https:\/\/srses.org\/?page_id=2930","name":"SSES - Hirur\u0161ke komplikacije i jatrogene lezije","isPartOf":{"@id":"https:\/\/srses.org\/#website"},"datePublished":"2023-10-23T12:35:52+00:00","dateModified":"2025-06-03T08:38:28+00:00","description":"Webinari sa kursa Hirur\u0161ke komplikacije i jatrogene lezije odr\u017eanog 11.10.2023 Univerzitetskom klini\u010dkom centru Srbije","breadcrumb":{"@id":"https:\/\/srses.org\/?page_id=2930#breadcrumb"},"inLanguage":"en-US","potentialAction":[{"@type":"ReadAction","target":["https:\/\/srses.org\/?page_id=2930"]}]},{"@type":"BreadcrumbList","@id":"https:\/\/srses.org\/?page_id=2930#breadcrumb","itemListElement":[{"@type":"ListItem","position":1,"name":"Home","item":"https:\/\/srses.org\/"},{"@type":"ListItem","position":2,"name":"Hirur\u0161ke komplikacije i jatrogene lezije"}]},{"@type":"WebSite","@id":"https:\/\/srses.org\/#website","url":"https:\/\/srses.org\/","name":"SSES","description":"Serbian Society of Emergency Surgery","publisher":{"@id":"https:\/\/srses.org\/#organization"},"potentialAction":[{"@type":"SearchAction","target":{"@type":"EntryPoint","urlTemplate":"https:\/\/srses.org\/?s={search_term_string}"},"query-input":{"@type":"PropertyValueSpecification","valueRequired":true,"valueName":"search_term_string"}}],"inLanguage":"en-US"},{"@type":"Organization","@id":"https:\/\/srses.org\/#organization","name":"SSES","alternateName":"Serbian Society of Emergency Surgery","url":"https:\/\/srses.org\/","logo":{"@type":"ImageObject","inLanguage":"en-US","@id":"https:\/\/srses.org\/#\/schema\/logo\/image\/","url":"https:\/\/srses.org\/wp-content\/uploads\/2023\/01\/crveni.png","contentUrl":"https:\/\/srses.org\/wp-content\/uploads\/2023\/01\/crveni.png","width":724,"height":328,"caption":"SSES"},"image":{"@id":"https:\/\/srses.org\/#\/schema\/logo\/image\/"},"sameAs":["https:\/\/www.facebook.com\/srbses"]}]}},"_links":{"self":[{"href":"https:\/\/srses.org\/index.php?rest_route=\/wp\/v2\/pages\/2930","targetHints":{"allow":["GET"]}}],"collection":[{"href":"https:\/\/srses.org\/index.php?rest_route=\/wp\/v2\/pages"}],"about":[{"href":"https:\/\/srses.org\/index.php?rest_route=\/wp\/v2\/types\/page"}],"author":[{"embeddable":true,"href":"https:\/\/srses.org\/index.php?rest_route=\/wp\/v2\/users\/2"}],"replies":[{"embeddable":true,"href":"https:\/\/srses.org\/index.php?rest_route=%2Fwp%2Fv2%2Fcomments&post=2930"}],"version-history":[{"count":86,"href":"https:\/\/srses.org\/index.php?rest_route=\/wp\/v2\/pages\/2930\/revisions"}],"predecessor-version":[{"id":5037,"href":"https:\/\/srses.org\/index.php?rest_route=\/wp\/v2\/pages\/2930\/revisions\/5037"}],"wp:attachment":[{"href":"https:\/\/srses.org\/index.php?rest_route=%2Fwp%2Fv2%2Fmedia&parent=2930"}],"curies":[{"name":"wp","href":"https:\/\/api.w.org\/{rel}","templated":true}]}}