{"id":37,"date":"2023-01-17T22:34:56","date_gmt":"2023-01-17T22:34:56","guid":{"rendered":"https:\/\/srses.org\/?page_id=37"},"modified":"2023-11-25T23:41:51","modified_gmt":"2023-11-25T22:41:51","slug":"edukacija","status":"publish","type":"page","link":"https:\/\/srses.org\/?page_id=37","title":{"rendered":"Edukacija"},"content":{"rendered":"\t\t<div data-elementor-type=\"wp-page\" data-elementor-id=\"37\" class=\"elementor elementor-37\">\n\t\t\t\t\t\t<section class=\"elementor-section elementor-top-section elementor-element elementor-element-28be68e elementor-section-boxed elementor-section-height-default elementor-section-height-default\" data-id=\"28be68e\" data-element_type=\"section\" data-e-type=\"section\">\n\t\t\t\t\t\t<div class=\"elementor-container elementor-column-gap-default\">\n\t\t\t\t\t<div class=\"elementor-column elementor-col-100 elementor-top-column elementor-element elementor-element-5d47555\" data-id=\"5d47555\" data-element_type=\"column\" data-e-type=\"column\">\n\t\t\t<div class=\"elementor-widget-wrap elementor-element-populated\">\n\t\t\t\t\t\t<section class=\"elementor-section elementor-inner-section elementor-element elementor-element-5eac251 elementor-section-boxed elementor-section-height-default elementor-section-height-default\" data-id=\"5eac251\" data-element_type=\"section\" data-e-type=\"section\">\n\t\t\t\t\t\t<div class=\"elementor-container elementor-column-gap-default\">\n\t\t\t\t\t<div class=\"elementor-column elementor-col-50 elementor-inner-column elementor-element elementor-element-49422f3\" data-id=\"49422f3\" data-element_type=\"column\" data-e-type=\"column\">\n\t\t\t<div class=\"elementor-widget-wrap elementor-element-populated\">\n\t\t\t\t\t\t<div class=\"elementor-element elementor-element-005dfb9 elementor-widget elementor-widget-text-editor\" data-id=\"005dfb9\" data-element_type=\"widget\" data-e-type=\"widget\" data-widget_type=\"text-editor.default\">\n\t\t\t\t<div class=\"elementor-widget-container\">\n\t\t\t\t\t\t\t\t\t<p>SUUH sprovodi edukaciju lekara, medicinskih tehni\u010dara i ostalih profesionalaca koji se bave le\u010denjem i negom urgentnih abdominalnih hirur\u0161kih bolesnika i pacijenata sa te\u0161kom abdominalnom traumom i politraumom.<br \/>Udru\u017eenje promovi\u0161e najbolju klini\u010dku praksu, u skladu sa savremenim vodi\u010dima za le\u010denje urgentnih hirur\u0161kih pacijenta sa ciljem da se unapredi le\u010denje i postigne najbolji ishod.<\/p>\t\t\t\t\t\t\t\t<\/div>\n\t\t\t\t<\/div>\n\t\t\t\t\t<\/div>\n\t\t<\/div>\n\t\t\t\t<div class=\"elementor-column elementor-col-50 elementor-inner-column elementor-element elementor-element-b87e1f1\" data-id=\"b87e1f1\" data-element_type=\"column\" data-e-type=\"column\">\n\t\t\t<div class=\"elementor-widget-wrap elementor-element-populated\">\n\t\t\t\t\t\t<div class=\"elementor-element elementor-element-12b4cf2 elementor-widget elementor-widget-image\" data-id=\"12b4cf2\" data-element_type=\"widget\" data-e-type=\"widget\" data-widget_type=\"image.default\">\n\t\t\t\t<div class=\"elementor-widget-container\">\n\t\t\t\t\t\t\t\t\t\t\t\t\t\t\t<img fetchpriority=\"high\" decoding=\"async\" width=\"1024\" height=\"1024\" src=\"https:\/\/srses.org\/wp-content\/uploads\/2023\/01\/IMG_20221222_112256.jpg\" class=\"attachment-large size-large wp-image-980\" alt=\"\" srcset=\"https:\/\/srses.org\/wp-content\/uploads\/2023\/01\/IMG_20221222_112256.jpg 1024w, https:\/\/srses.org\/wp-content\/uploads\/2023\/01\/IMG_20221222_112256-300x300.jpg 300w, https:\/\/srses.org\/wp-content\/uploads\/2023\/01\/IMG_20221222_112256-150x150.jpg 150w, https:\/\/srses.org\/wp-content\/uploads\/2023\/01\/IMG_20221222_112256-768x768.jpg 768w, https:\/\/srses.org\/wp-content\/uploads\/2023\/01\/IMG_20221222_112256-1000x1000.jpg 1000w, https:\/\/srses.org\/wp-content\/uploads\/2023\/01\/IMG_20221222_112256-230x230.jpg 230w, https:\/\/srses.org\/wp-content\/uploads\/2023\/01\/IMG_20221222_112256-350x350.jpg 350w, https:\/\/srses.org\/wp-content\/uploads\/2023\/01\/IMG_20221222_112256-480x480.jpg 480w\" sizes=\"(max-width: 1024px) 100vw, 1024px\" \/>\t\t\t\t\t\t\t\t\t\t\t\t\t\t\t<\/div>\n\t\t\t\t<\/div>\n\t\t\t\t\t<\/div>\n\t\t<\/div>\n\t\t\t\t\t<\/div>\n\t\t<\/section>\n\t\t\t\t\t<\/div>\n\t\t<\/div>\n\t\t\t\t\t<\/div>\n\t\t<\/section>\n\t\t\t\t<section class=\"elementor-section elementor-top-section elementor-element elementor-element-8753f25 elementor-section-boxed elementor-section-height-default elementor-section-height-default\" data-id=\"8753f25\" data-element_type=\"section\" data-e-type=\"section\">\n\t\t\t\t\t\t<div class=\"elementor-container elementor-column-gap-default\">\n\t\t\t\t\t<div class=\"elementor-column elementor-col-100 elementor-top-column elementor-element elementor-element-1e1f326\" data-id=\"1e1f326\" data-element_type=\"column\" data-e-type=\"column\">\n\t\t\t<div class=\"elementor-widget-wrap elementor-element-populated\">\n\t\t\t\t\t\t<div class=\"elementor-element elementor-element-10bce20 elementor-widget elementor-widget-text-editor\" data-id=\"10bce20\" data-element_type=\"widget\" data-e-type=\"widget\" data-widget_type=\"text-editor.default\">\n\t\t\t\t<div class=\"elementor-widget-container\">\n\t\t\t\t\t\t\t\t\t<p>Sticanje znanja o zbrinjavanju hitnih hirur\u0161kih pacijenata, septi\u010dnih i te\u0161ko povre\u0111enih, sprovodi se kroz kurseve koji obuhvataju sve etape le\u010denja:<\/p>\n<p><!-- \/wp:paragraph --><!-- wp:paragraph --><\/p>\n<ol>\n<li>pre-hospitalno zbrinjavanje urgentnih hirur\u0161kih pacijenata i traume<\/li>\n<li>dijagnosti\u010dke metode u urgentnoj hirurgiji i traumi<\/li>\n<li>bolnicko hirur\u0161ko le\u010denje, nehirur\u0161ke invazivne i konzervativne metode le\u010denja<\/li>\n<li>tretman u jedinicama intezivne nege<\/li>\n<li><!-- \/wp:paragraph --><!-- wp:paragraph --><!-- \/wp:paragraph --><!-- wp:paragraph -->postoperativna nega i rehabilitacija<\/li>\n<li><!-- \/wp:paragraph --><!-- wp:paragraph -->ishrana, eneteralna i parenteralna nutricija hitnih hirur\u0161kih pacijenata, septi\u010dnih i te\u0161ko povre\u0111enih<\/li>\n<li>hirur\u0161ke komplikacije<\/li>\n<\/ol>\t\t\t\t\t\t\t\t<\/div>\n\t\t\t\t<\/div>\n\t\t\t\t\t<\/div>\n\t\t<\/div>\n\t\t\t\t\t<\/div>\n\t\t<\/section>\n\t\t\t\t<section class=\"elementor-section elementor-top-section elementor-element elementor-element-8703d1c elementor-section-boxed elementor-section-height-default elementor-section-height-default\" data-id=\"8703d1c\" data-element_type=\"section\" data-e-type=\"section\">\n\t\t\t\t\t\t<div class=\"elementor-container elementor-column-gap-default\">\n\t\t\t\t\t<div class=\"elementor-column elementor-col-100 elementor-top-column elementor-element elementor-element-f7c8145\" data-id=\"f7c8145\" data-element_type=\"column\" data-e-type=\"column\">\n\t\t\t<div class=\"elementor-widget-wrap elementor-element-populated\">\n\t\t\t\t\t\t<section class=\"elementor-section elementor-inner-section elementor-element elementor-element-9f3616a elementor-section-boxed elementor-section-height-default elementor-section-height-default\" data-id=\"9f3616a\" data-element_type=\"section\" data-e-type=\"section\">\n\t\t\t\t\t\t<div class=\"elementor-container elementor-column-gap-default\">\n\t\t\t\t\t<div class=\"elementor-column elementor-col-50 elementor-inner-column elementor-element elementor-element-f87d96b\" data-id=\"f87d96b\" data-element_type=\"column\" data-e-type=\"column\">\n\t\t\t<div class=\"elementor-widget-wrap elementor-element-populated\">\n\t\t\t\t\t\t<div class=\"elementor-element elementor-element-a364909 elementor-widget elementor-widget-image\" data-id=\"a364909\" data-element_type=\"widget\" data-e-type=\"widget\" data-widget_type=\"image.default\">\n\t\t\t\t<div class=\"elementor-widget-container\">\n\t\t\t\t\t\t\t\t\t\t\t\t\t\t\t<img decoding=\"async\" width=\"1024\" height=\"1024\" src=\"https:\/\/srses.org\/wp-content\/uploads\/2023\/01\/3333-2.jpg\" class=\"attachment-large size-large wp-image-1427\" alt=\"\" srcset=\"https:\/\/srses.org\/wp-content\/uploads\/2023\/01\/3333-2.jpg 1024w, https:\/\/srses.org\/wp-content\/uploads\/2023\/01\/3333-2-300x300.jpg 300w, https:\/\/srses.org\/wp-content\/uploads\/2023\/01\/3333-2-150x150.jpg 150w, https:\/\/srses.org\/wp-content\/uploads\/2023\/01\/3333-2-768x768.jpg 768w, https:\/\/srses.org\/wp-content\/uploads\/2023\/01\/3333-2-1000x1000.jpg 1000w, https:\/\/srses.org\/wp-content\/uploads\/2023\/01\/3333-2-230x230.jpg 230w, https:\/\/srses.org\/wp-content\/uploads\/2023\/01\/3333-2-350x350.jpg 350w, https:\/\/srses.org\/wp-content\/uploads\/2023\/01\/3333-2-480x480.jpg 480w\" sizes=\"(max-width: 1024px) 100vw, 1024px\" \/>\t\t\t\t\t\t\t\t\t\t\t\t\t\t\t<\/div>\n\t\t\t\t<\/div>\n\t\t\t\t\t<\/div>\n\t\t<\/div>\n\t\t\t\t<div class=\"elementor-column elementor-col-50 elementor-inner-column elementor-element elementor-element-4fbad36\" data-id=\"4fbad36\" data-element_type=\"column\" data-e-type=\"column\">\n\t\t\t<div class=\"elementor-widget-wrap elementor-element-populated\">\n\t\t\t\t\t\t<div class=\"elementor-element elementor-element-48601fb elementor-widget elementor-widget-text-editor\" data-id=\"48601fb\" data-element_type=\"widget\" data-e-type=\"widget\" data-widget_type=\"text-editor.default\">\n\t\t\t\t<div class=\"elementor-widget-container\">\n\t\t\t\t\t\t\t\t\t<p>Edukaciju sprovede eksperti urgentne hirurgije iz zemlje i inostranstva. U zavisnosti od oblasti od interesa u edukaciju su uklju\u010deni i drugi specijalisti sa kojima je urgentna hirurgija multidisciplinarno umre\u017eena u zbrinjavanju kriti\u010dno obolelih hirur\u0161kih pacijenata i te\u0161ke traume. SUUH pru\u017ea mogu\u0107nost sticanja znanja i ve\u0161tina iz urgentne hirurgije, interventne radiologije i endoskopije.<\/p>\t\t\t\t\t\t\t\t<\/div>\n\t\t\t\t<\/div>\n\t\t\t\t\t<\/div>\n\t\t<\/div>\n\t\t\t\t\t<\/div>\n\t\t<\/section>\n\t\t\t\t\t<\/div>\n\t\t<\/div>\n\t\t\t\t\t<\/div>\n\t\t<\/section>\n\t\t\t\t<section class=\"elementor-section elementor-top-section elementor-element elementor-element-7f88922 elementor-section-boxed elementor-section-height-default elementor-section-height-default\" data-id=\"7f88922\" data-element_type=\"section\" data-e-type=\"section\">\n\t\t\t\t\t\t<div class=\"elementor-container elementor-column-gap-default\">\n\t\t\t\t\t<div class=\"elementor-column elementor-col-100 elementor-top-column elementor-element elementor-element-4bd9b82\" data-id=\"4bd9b82\" data-element_type=\"column\" data-e-type=\"column\">\n\t\t\t<div class=\"elementor-widget-wrap elementor-element-populated\">\n\t\t\t\t\t\t<div class=\"elementor-element elementor-element-31186c2 elementor-widget elementor-widget-text-editor\" data-id=\"31186c2\" data-element_type=\"widget\" data-e-type=\"widget\" data-widget_type=\"text-editor.default\">\n\t\t\t\t<div class=\"elementor-widget-container\">\n\t\t\t\t\t\t\t\t\t<p>SUUH ima za cilj \u0161irenje znanja, sprovo\u0111enje istra\u017eivanja i podsticanje na u\u010denje specifi\u010dnih hirur\u0161kih metoda u urgentnoj hirurgiji i zbrinjavanju traume. Kursevi za specifi\u010dne hirur\u0161ke metode sa osvrtom na indikacije, na\u010din izvo\u0111enja, hirur\u0161ku tehniku, postoperativno pra\u0107enje i komplikacije su:<\/p>\n<ol>\n<li>\u201eOtvoreni trbuh\u201c i Tehnike Privremenog Zatvaranje Trbuha<\/li>\n<li>Le\u010denje intra-abdominalne infekcije &#8211; kontrola izvora infekcije<\/li>\n<li>Hirur\u0161ka kontrola o\u0161te\u0107enja<\/li>\n<li>Kontrola krvarenja u traumi<\/li>\n<li>Metode hemostaze kod nehirur\u0161kog gastrointestinalnog krvarenja<\/li>\n<li>Otvorena hirurgija-sa aspekta urgentne hirurgije<\/li>\n<li>Laparoskopska hirurgija u urgentnoj hirurgiji i traumi<\/li>\n<li>Hibridni tretman traume<\/li>\n<\/ol>\t\t\t\t\t\t\t\t<\/div>\n\t\t\t\t<\/div>\n\t\t\t\t\t<\/div>\n\t\t<\/div>\n\t\t\t\t\t<\/div>\n\t\t<\/section>\n\t\t\t\t<\/div>\n\t\t","protected":false},"excerpt":{"rendered":"<p>SUUH sprovodi edukaciju lekara, medicinskih tehni\u010dara i ostalih profesionalaca koji se bave le\u010denjem i negom urgentnih abdominalnih hirur\u0161kih bolesnika i pacijenata sa [&hellip;]<\/p>\n","protected":false},"author":2,"featured_media":0,"parent":0,"menu_order":0,"comment_status":"closed","ping_status":"closed","template":"","meta":{"footnotes":""},"class_list":["post-37","page","type-page","status-publish","hentry"],"yoast_head":"<!-- This site is optimized with the Yoast SEO plugin v27.6 - https:\/\/yoast.com\/product\/yoast-seo-wordpress\/ -->\n<title>SSES - Edukacija<\/title>\n<meta name=\"robots\" content=\"index, follow, max-snippet:-1, max-image-preview:large, max-video-preview:-1\" \/>\n<link rel=\"canonical\" href=\"https:\/\/srses.org\/?page_id=37\" \/>\n<meta property=\"og:locale\" content=\"en_US\" \/>\n<meta property=\"og:type\" content=\"article\" \/>\n<meta property=\"og:title\" content=\"SSES - Edukacija\" \/>\n<meta property=\"og:description\" content=\"SUUH sprovodi edukaciju lekara, medicinskih tehni\u010dara i ostalih profesionalaca koji se bave le\u010denjem i negom urgentnih abdominalnih hirur\u0161kih bolesnika i pacijenata sa [&hellip;]\" \/>\n<meta property=\"og:url\" content=\"https:\/\/srses.org\/?page_id=37\" \/>\n<meta property=\"og:site_name\" content=\"SSES\" \/>\n<meta property=\"article:publisher\" content=\"https:\/\/www.facebook.com\/srbses\" \/>\n<meta property=\"article:modified_time\" content=\"2023-11-25T22:41:51+00:00\" \/>\n<meta property=\"og:image\" content=\"https:\/\/srses.org\/wp-content\/uploads\/2023\/01\/IMG_20221222_112256.jpg\" \/>\n<meta name=\"twitter:card\" content=\"summary_large_image\" \/>\n<meta name=\"twitter:label1\" content=\"Est. reading time\" \/>\n\t<meta name=\"twitter:data1\" content=\"2 minutes\" \/>\n<script type=\"application\/ld+json\" class=\"yoast-schema-graph\">{\"@context\":\"https:\\\/\\\/schema.org\",\"@graph\":[{\"@type\":\"WebPage\",\"@id\":\"https:\\\/\\\/srses.org\\\/?page_id=37\",\"url\":\"https:\\\/\\\/srses.org\\\/?page_id=37\",\"name\":\"SSES - Edukacija\",\"isPartOf\":{\"@id\":\"https:\\\/\\\/srses.org\\\/#website\"},\"primaryImageOfPage\":{\"@id\":\"https:\\\/\\\/srses.org\\\/?page_id=37#primaryimage\"},\"image\":{\"@id\":\"https:\\\/\\\/srses.org\\\/?page_id=37#primaryimage\"},\"thumbnailUrl\":\"https:\\\/\\\/srses.org\\\/wp-content\\\/uploads\\\/2023\\\/01\\\/IMG_20221222_112256.jpg\",\"datePublished\":\"2023-01-17T22:34:56+00:00\",\"dateModified\":\"2023-11-25T22:41:51+00:00\",\"breadcrumb\":{\"@id\":\"https:\\\/\\\/srses.org\\\/?page_id=37#breadcrumb\"},\"inLanguage\":\"en-US\",\"potentialAction\":[{\"@type\":\"ReadAction\",\"target\":[\"https:\\\/\\\/srses.org\\\/?page_id=37\"]}]},{\"@type\":\"ImageObject\",\"inLanguage\":\"en-US\",\"@id\":\"https:\\\/\\\/srses.org\\\/?page_id=37#primaryimage\",\"url\":\"https:\\\/\\\/srses.org\\\/wp-content\\\/uploads\\\/2023\\\/01\\\/IMG_20221222_112256.jpg\",\"contentUrl\":\"https:\\\/\\\/srses.org\\\/wp-content\\\/uploads\\\/2023\\\/01\\\/IMG_20221222_112256.jpg\",\"width\":1024,\"height\":1024},{\"@type\":\"BreadcrumbList\",\"@id\":\"https:\\\/\\\/srses.org\\\/?page_id=37#breadcrumb\",\"itemListElement\":[{\"@type\":\"ListItem\",\"position\":1,\"name\":\"Home\",\"item\":\"https:\\\/\\\/srses.org\\\/\"},{\"@type\":\"ListItem\",\"position\":2,\"name\":\"Edukacija\"}]},{\"@type\":\"WebSite\",\"@id\":\"https:\\\/\\\/srses.org\\\/#website\",\"url\":\"https:\\\/\\\/srses.org\\\/\",\"name\":\"SSES\",\"description\":\"Serbian Society of Emergency Surgery\",\"publisher\":{\"@id\":\"https:\\\/\\\/srses.org\\\/#organization\"},\"potentialAction\":[{\"@type\":\"SearchAction\",\"target\":{\"@type\":\"EntryPoint\",\"urlTemplate\":\"https:\\\/\\\/srses.org\\\/?s={search_term_string}\"},\"query-input\":{\"@type\":\"PropertyValueSpecification\",\"valueRequired\":true,\"valueName\":\"search_term_string\"}}],\"inLanguage\":\"en-US\"},{\"@type\":\"Organization\",\"@id\":\"https:\\\/\\\/srses.org\\\/#organization\",\"name\":\"SSES\",\"alternateName\":\"Serbian Society of Emergency Surgery\",\"url\":\"https:\\\/\\\/srses.org\\\/\",\"logo\":{\"@type\":\"ImageObject\",\"inLanguage\":\"en-US\",\"@id\":\"https:\\\/\\\/srses.org\\\/#\\\/schema\\\/logo\\\/image\\\/\",\"url\":\"https:\\\/\\\/srses.org\\\/wp-content\\\/uploads\\\/2023\\\/01\\\/crveni.png\",\"contentUrl\":\"https:\\\/\\\/srses.org\\\/wp-content\\\/uploads\\\/2023\\\/01\\\/crveni.png\",\"width\":724,\"height\":328,\"caption\":\"SSES\"},\"image\":{\"@id\":\"https:\\\/\\\/srses.org\\\/#\\\/schema\\\/logo\\\/image\\\/\"},\"sameAs\":[\"https:\\\/\\\/www.facebook.com\\\/srbses\"]}]}<\/script>\n<!-- \/ Yoast SEO plugin. -->","yoast_head_json":{"title":"SSES - Edukacija","robots":{"index":"index","follow":"follow","max-snippet":"max-snippet:-1","max-image-preview":"max-image-preview:large","max-video-preview":"max-video-preview:-1"},"canonical":"https:\/\/srses.org\/?page_id=37","og_locale":"en_US","og_type":"article","og_title":"SSES - Edukacija","og_description":"SUUH sprovodi edukaciju lekara, medicinskih tehni\u010dara i ostalih profesionalaca koji se bave le\u010denjem i negom urgentnih abdominalnih hirur\u0161kih bolesnika i pacijenata sa [&hellip;]","og_url":"https:\/\/srses.org\/?page_id=37","og_site_name":"SSES","article_publisher":"https:\/\/www.facebook.com\/srbses","article_modified_time":"2023-11-25T22:41:51+00:00","og_image":[{"url":"https:\/\/srses.org\/wp-content\/uploads\/2023\/01\/IMG_20221222_112256.jpg","type":"","width":"","height":""}],"twitter_card":"summary_large_image","twitter_misc":{"Est. reading time":"2 minutes"},"schema":{"@context":"https:\/\/schema.org","@graph":[{"@type":"WebPage","@id":"https:\/\/srses.org\/?page_id=37","url":"https:\/\/srses.org\/?page_id=37","name":"SSES - Edukacija","isPartOf":{"@id":"https:\/\/srses.org\/#website"},"primaryImageOfPage":{"@id":"https:\/\/srses.org\/?page_id=37#primaryimage"},"image":{"@id":"https:\/\/srses.org\/?page_id=37#primaryimage"},"thumbnailUrl":"https:\/\/srses.org\/wp-content\/uploads\/2023\/01\/IMG_20221222_112256.jpg","datePublished":"2023-01-17T22:34:56+00:00","dateModified":"2023-11-25T22:41:51+00:00","breadcrumb":{"@id":"https:\/\/srses.org\/?page_id=37#breadcrumb"},"inLanguage":"en-US","potentialAction":[{"@type":"ReadAction","target":["https:\/\/srses.org\/?page_id=37"]}]},{"@type":"ImageObject","inLanguage":"en-US","@id":"https:\/\/srses.org\/?page_id=37#primaryimage","url":"https:\/\/srses.org\/wp-content\/uploads\/2023\/01\/IMG_20221222_112256.jpg","contentUrl":"https:\/\/srses.org\/wp-content\/uploads\/2023\/01\/IMG_20221222_112256.jpg","width":1024,"height":1024},{"@type":"BreadcrumbList","@id":"https:\/\/srses.org\/?page_id=37#breadcrumb","itemListElement":[{"@type":"ListItem","position":1,"name":"Home","item":"https:\/\/srses.org\/"},{"@type":"ListItem","position":2,"name":"Edukacija"}]},{"@type":"WebSite","@id":"https:\/\/srses.org\/#website","url":"https:\/\/srses.org\/","name":"SSES","description":"Serbian Society of Emergency Surgery","publisher":{"@id":"https:\/\/srses.org\/#organization"},"potentialAction":[{"@type":"SearchAction","target":{"@type":"EntryPoint","urlTemplate":"https:\/\/srses.org\/?s={search_term_string}"},"query-input":{"@type":"PropertyValueSpecification","valueRequired":true,"valueName":"search_term_string"}}],"inLanguage":"en-US"},{"@type":"Organization","@id":"https:\/\/srses.org\/#organization","name":"SSES","alternateName":"Serbian Society of Emergency Surgery","url":"https:\/\/srses.org\/","logo":{"@type":"ImageObject","inLanguage":"en-US","@id":"https:\/\/srses.org\/#\/schema\/logo\/image\/","url":"https:\/\/srses.org\/wp-content\/uploads\/2023\/01\/crveni.png","contentUrl":"https:\/\/srses.org\/wp-content\/uploads\/2023\/01\/crveni.png","width":724,"height":328,"caption":"SSES"},"image":{"@id":"https:\/\/srses.org\/#\/schema\/logo\/image\/"},"sameAs":["https:\/\/www.facebook.com\/srbses"]}]}},"_links":{"self":[{"href":"https:\/\/srses.org\/index.php?rest_route=\/wp\/v2\/pages\/37","targetHints":{"allow":["GET"]}}],"collection":[{"href":"https:\/\/srses.org\/index.php?rest_route=\/wp\/v2\/pages"}],"about":[{"href":"https:\/\/srses.org\/index.php?rest_route=\/wp\/v2\/types\/page"}],"author":[{"embeddable":true,"href":"https:\/\/srses.org\/index.php?rest_route=\/wp\/v2\/users\/2"}],"replies":[{"embeddable":true,"href":"https:\/\/srses.org\/index.php?rest_route=%2Fwp%2Fv2%2Fcomments&post=37"}],"version-history":[{"count":56,"href":"https:\/\/srses.org\/index.php?rest_route=\/wp\/v2\/pages\/37\/revisions"}],"predecessor-version":[{"id":1888,"href":"https:\/\/srses.org\/index.php?rest_route=\/wp\/v2\/pages\/37\/revisions\/1888"}],"wp:attachment":[{"href":"https:\/\/srses.org\/index.php?rest_route=%2Fwp%2Fv2%2Fmedia&parent=37"}],"curies":[{"name":"wp","href":"https:\/\/api.w.org\/{rel}","templated":true}]}}