{"id":771,"date":"2023-01-20T17:28:00","date_gmt":"2023-01-20T17:28:00","guid":{"rendered":"https:\/\/srses.org\/?page_id=771"},"modified":"2026-01-12T14:43:40","modified_gmt":"2026-01-12T13:43:40","slug":"clanstvo","status":"publish","type":"page","link":"https:\/\/srses.org\/?page_id=771","title":{"rendered":"\u010clanstvo"},"content":{"rendered":"\t\t<div data-elementor-type=\"wp-page\" data-elementor-id=\"771\" class=\"elementor elementor-771\">\n\t\t\t\t\t\t<section class=\"elementor-section elementor-top-section elementor-element elementor-element-929bed1 elementor-section-boxed elementor-section-height-default elementor-section-height-default\" data-id=\"929bed1\" data-element_type=\"section\" data-e-type=\"section\">\n\t\t\t\t\t\t<div class=\"elementor-container elementor-column-gap-default\">\n\t\t\t\t\t<div class=\"elementor-column elementor-col-100 elementor-top-column elementor-element elementor-element-850cc6c\" data-id=\"850cc6c\" data-element_type=\"column\" data-e-type=\"column\">\n\t\t\t<div class=\"elementor-widget-wrap elementor-element-populated\">\n\t\t\t\t\t\t<div class=\"elementor-element elementor-element-9d74bbf elementor-widget elementor-widget-text-editor\" data-id=\"9d74bbf\" data-element_type=\"widget\" data-e-type=\"widget\" data-widget_type=\"text-editor.default\">\n\t\t\t\t<div class=\"elementor-widget-container\">\n\t\t\t\t\t\t\t\t\t<p>Ukoliko \u017eelite dodatne informacije o udru\u017eenju, molimo da nas kontaktirate na email <a href=\"mailto:sses@srses.org\"><span style=\"color: #ff0000;\">sses@srses.org<\/span><\/a><\/p>\n<p><span style=\"color: #000000;\">\u010cLANOVI UDRU\u017dENJA SE <\/span><span style=\"color: #0000ff;\">REGISTRUJU NA SAJTU<\/span><span style=\"color: #000000;\"> I UPLA\u0106UJU redovno <\/span><span style=\"color: #0000ff;\">GODI\u0160NJU \u010cLANARINU<\/span><span style=\"color: #000000;\">&nbsp;ZA SUUH<\/span><\/p>\n<p><span style=\"color: #000000;\">\u010cLANSTVO PRESTAJE&nbsp; SA PRESTANKOM OBNAVLJANJA GODI\u0160NJE \u010cLANARINE.<\/span><\/p>\n<p><strong>GODI\u0160NJA \u010cLANARINA za 2026<\/strong>. iznosi:<\/p>\n<p>za specijaliste:&nbsp; &nbsp; &nbsp;6.000 din<\/p>\n<p>za specijalizante: 2.500 din<\/p>\n<p>za&nbsp; \u010dlanove iz inostranstva: 60 EUR<\/p>\t\t\t\t\t\t\t\t<\/div>\n\t\t\t\t<\/div>\n\t\t\t\t\t<\/div>\n\t\t<\/div>\n\t\t\t\t\t<\/div>\n\t\t<\/section>\n\t\t<div class=\"elementor-element elementor-element-2b8162e e-flex e-con-boxed e-con e-parent\" data-id=\"2b8162e\" data-element_type=\"container\" data-e-type=\"container\">\n\t\t\t\t\t<div class=\"e-con-inner\">\n\t\t\t\t<div class=\"elementor-element elementor-element-99c7082 elementor-align-center elementor-widget elementor-widget-button\" data-id=\"99c7082\" data-element_type=\"widget\" data-e-type=\"widget\" data-widget_type=\"button.default\">\n\t\t\t\t<div class=\"elementor-widget-container\">\n\t\t\t\t\t\t\t\t\t<div class=\"elementor-button-wrapper\">\n\t\t\t\t\t<a class=\"elementor-button elementor-button-link elementor-size-sm\" href=\"https:\/\/shop.srses.org\/\" target=\"_blank\">\n\t\t\t\t\t\t<span class=\"elementor-button-content-wrapper\">\n\t\t\t\t\t\t\t\t\t<span class=\"elementor-button-text\">PLATITE ONLINE<\/span>\n\t\t\t\t\t<\/span>\n\t\t\t\t\t<\/a>\n\t\t\t\t<\/div>\n\t\t\t\t\t\t\t\t<\/div>\n\t\t\t\t<\/div>\n\t\t\t\t\t<\/div>\n\t\t\t\t<\/div>\n\t\t\t\t<section class=\"elementor-section elementor-top-section elementor-element elementor-element-627d879 elementor-section-boxed elementor-section-height-default elementor-section-height-default\" data-id=\"627d879\" data-element_type=\"section\" data-e-type=\"section\">\n\t\t\t\t\t\t<div class=\"elementor-container elementor-column-gap-default\">\n\t\t\t\t\t<div class=\"elementor-column elementor-col-100 elementor-top-column elementor-element elementor-element-8c81830\" data-id=\"8c81830\" data-element_type=\"column\" data-e-type=\"column\">\n\t\t\t<div class=\"elementor-widget-wrap elementor-element-populated\">\n\t\t\t\t\t\t<div class=\"elementor-element elementor-element-ee0f300 elementor-widget elementor-widget-text-editor\" data-id=\"ee0f300\" data-element_type=\"widget\" data-e-type=\"widget\" data-widget_type=\"text-editor.default\">\n\t\t\t\t<div class=\"elementor-widget-container\">\n\t\t\t\t\t\t\t\t\t<p><span style=\"color: #000000;\"><b>I<u>NSTRUKCIJA ZA UPLATU U DINARIMA <\/u><\/b><\/span><\/p><p>Uplatu prima:\u00a0Srpsko Udru\u017eenje Urgentne Hirurgije<br \/>Svrha uplate: \u010cLANARINA SUUH ZA 2026<br \/>na ra\u010dun: 265330000000237162<br \/><b><u><\/u><\/b><\/p><p><b><u><span style=\"color: #00ff00;\"><span style=\"color: #000000;\">INSTRUKCIJA ZA UPLATU IZ INOSTRANSTVA U EURIMA<\/span><br \/><\/span><\/u><\/b><\/p><div><div>Beneficiary: SRPSKO UDRU\u017dENJE URGENTNE HIRURGIJE<br \/>Address: PASTEROVA 2, BEOGRAD-SAVSKI VENAC<br \/>Bank Name Raiffeisen banka ad Beograd<\/div><div>Beneficiary IBAN RS35265330000000997351<br \/>SWIFT (BIC): RZBSRSBG<br \/>Correspondent Bank: \u00a0 \u00a0Raiffeisen Bank International AG, Vienna, Austria,<br \/>SWIFT\/BIC RZBAATWW<br \/>Svrha pla\u0107anja: MEMBERSHIP FOR SSES FOR YEAR 2026<\/div><div>\u00a0<\/div><div><strong>U\u010dlanjivanjem u Udru\u017eenje dobijate:<\/strong><\/div><\/div><ol><li><strong>SERTIFIKAT O \u010cLANSTVU U SUUH<\/strong><\/li><li><strong>SERTIFIKAT O INSTITUCIONALNOM \u010cLANSTVU U\u00a0<\/strong><strong>European Society of Trauma and Emergency Surgery ESTES<\/strong><\/li><li><strong>MOGU\u0106NOST U\u010cE\u0160\u0106A U STUDIJAMA, PROJEKTIMA I EDUKACIJI KOJU SPROVODI SUUH<\/strong><\/li><li><strong> UKLJU\u010cIVANJE U EVROPSKE STUDIJE ESTES<\/strong><\/li><li><strong> UMANJENE\u00a0 KOTIZACIJE\u00a0ZA DOGA\u0110AJE I KONGRESE KOJE ORGANIZUJU SUUH I ESTES<\/strong><\/li><li><strong> SARADNJA SA World Society of Emergency Surgery WSES<\/strong><\/li><\/ol><p>\u010clan Udru\u017eenja mo\u017ee biti svaki lekar koji prihvata ciljeve Udru\u017eenja i Statut i \u00a0na poziv Upravnog \u00a0odbora \u00a0Udru\u017eenja potpi\u0161e prijavu o pristupanju Udru\u017eenju.<\/p><p>Pored redovnih \u010dlanova, Udru\u017eenje mo\u017ee imati i pridru\u017eene i po\u010dasne \u010dlanove, koji ne pla\u0107aju \u010dlanarinu i nemaju druge obaveze niti prava koja ostvaruju redovni \u010dlanovi Udru\u017eenja u skladu sa zakonom.<\/p><p>Pridru\u017eeni \u010dlan mo\u017ee biti drugi profesionalac medicinske i nemedicinske struke koji svojim anga\u017eovanjem mo\u017ee da doprinese radu i razvoju Udru\u017eenja, nakon \u0161to na poziv \u00a0Upravnog \u00a0odbora \u00a0potpi\u0161e prijavu o pristupanju Udru\u017eenju u tom svojstvu.<\/p><p>Po\u010dasni \u010dlan mo\u017ee biti svako lice koje je dalo zna\u010dajan doprinos radu Udru\u017eenja. Odluku o izboru u \u00a0po\u010dasno \u010dlanstvo \u00a0donosi Upravni odbor, na predlog najmanje \u00a0tri \u010dlana Udru\u017eenja.<\/p><p>\u010clanovi Skup\u0161tine Udru\u017eenja sa pravom glasa su samo redovni \u010dlanovi, dok pridru\u017eeni i po\u010dasni \u010dlanovi mogu prisustvovati sednicama Skup\u0161tine na poziv Upravnog odbora i na njima iznositi stavove, ali nemaju pravo glasa.<\/p><p>Redovni \u010dlan Udru\u017eenja ima pravo da:<\/p><ul><li>ravnopravno sa drugim \u010dlanovima u\u010destvuje u ostvarivanju ciljeva Udru\u017eenja;<\/li><li>neposredno u\u010destvuje u odlu\u010divanju na Skup\u0161tini Udru\u017eenja, kao i preko organa Udru\u017eenja;<\/li><li>bira i bude biran u organe Udru\u017eenja;<\/li><li>bude blagovremeno i potpuno informisan o radu i aktivnostima Udru\u017eenja.<\/li><\/ul><p>Redovni \u010dlan je du\u017ean da:<\/p><ul><li>aktivno doprinosi ostvarivanju ciljeva Udru\u017eenja;<\/li><li>u\u010destvuje , u skladu sa interesovanjem, u aktivnostima Udru\u017eenja;<\/li><li>pla\u0107a \u010dlanarinu;<\/li><li>obavlja druge poslove koje mu poveri Upravni odbor.<\/li><\/ul><p>Pridru\u017eeni \u010dlan u\u010destvuje u aktivnostima Udru\u017eenja \u00a0i na dru\u010di na\u010din doprinosi ispunjenju ciljeva Udru\u017eenja \u00a0u skladu sa \u00a0specifi\u010dnim znanjima i iskustvom zbog koga je pozvan u pridru\u017eeno \u010dlanstvo. Pridru\u017eeni \u010dlan \u00a0ima pravo da \u00a0bude blagovremeno i potpuno informisan o radu i aktivnostima Udru\u017eenja.<\/p>\t\t\t\t\t\t\t\t<\/div>\n\t\t\t\t<\/div>\n\t\t\t\t\t<\/div>\n\t\t<\/div>\n\t\t\t\t\t<\/div>\n\t\t<\/section>\n\t\t\t\t<\/div>\n\t\t","protected":false},"excerpt":{"rendered":"<p>Ukoliko \u017eelite dodatne informacije o udru\u017eenju, molimo da nas kontaktirate na email sses@srses.org \u010cLANOVI UDRU\u017dENJA SE REGISTRUJU NA SAJTU I UPLA\u0106UJU redovno [&hellip;]<\/p>\n","protected":false},"author":2,"featured_media":0,"parent":0,"menu_order":0,"comment_status":"closed","ping_status":"closed","template":"","meta":{"footnotes":""},"class_list":["post-771","page","type-page","status-publish","hentry"],"yoast_head":"<!-- This site is optimized with the Yoast SEO plugin v27.6 - https:\/\/yoast.com\/product\/yoast-seo-wordpress\/ -->\n<title>SSES - \u010clanstvo<\/title>\n<meta name=\"robots\" content=\"index, follow, max-snippet:-1, max-image-preview:large, max-video-preview:-1\" \/>\n<link rel=\"canonical\" href=\"https:\/\/srses.org\/?page_id=771\" \/>\n<meta property=\"og:locale\" content=\"en_US\" \/>\n<meta property=\"og:type\" content=\"article\" \/>\n<meta property=\"og:title\" content=\"SSES - \u010clanstvo\" \/>\n<meta property=\"og:description\" content=\"Ukoliko \u017eelite dodatne informacije o udru\u017eenju, molimo da nas kontaktirate na email sses@srses.org \u010cLANOVI UDRU\u017dENJA SE REGISTRUJU NA SAJTU I UPLA\u0106UJU redovno [&hellip;]\" \/>\n<meta property=\"og:url\" content=\"https:\/\/srses.org\/?page_id=771\" \/>\n<meta property=\"og:site_name\" content=\"SSES\" \/>\n<meta property=\"article:publisher\" content=\"https:\/\/www.facebook.com\/srbses\" \/>\n<meta property=\"article:modified_time\" content=\"2026-01-12T13:43:40+00:00\" \/>\n<meta name=\"twitter:card\" content=\"summary_large_image\" \/>\n<meta name=\"twitter:label1\" content=\"Est. reading time\" \/>\n\t<meta name=\"twitter:data1\" content=\"2 minutes\" \/>\n<script type=\"application\/ld+json\" class=\"yoast-schema-graph\">{\"@context\":\"https:\\\/\\\/schema.org\",\"@graph\":[{\"@type\":\"WebPage\",\"@id\":\"https:\\\/\\\/srses.org\\\/?page_id=771\",\"url\":\"https:\\\/\\\/srses.org\\\/?page_id=771\",\"name\":\"SSES - \u010clanstvo\",\"isPartOf\":{\"@id\":\"https:\\\/\\\/srses.org\\\/#website\"},\"datePublished\":\"2023-01-20T17:28:00+00:00\",\"dateModified\":\"2026-01-12T13:43:40+00:00\",\"breadcrumb\":{\"@id\":\"https:\\\/\\\/srses.org\\\/?page_id=771#breadcrumb\"},\"inLanguage\":\"en-US\",\"potentialAction\":[{\"@type\":\"ReadAction\",\"target\":[\"https:\\\/\\\/srses.org\\\/?page_id=771\"]}]},{\"@type\":\"BreadcrumbList\",\"@id\":\"https:\\\/\\\/srses.org\\\/?page_id=771#breadcrumb\",\"itemListElement\":[{\"@type\":\"ListItem\",\"position\":1,\"name\":\"Home\",\"item\":\"https:\\\/\\\/srses.org\\\/\"},{\"@type\":\"ListItem\",\"position\":2,\"name\":\"\u010clanstvo\"}]},{\"@type\":\"WebSite\",\"@id\":\"https:\\\/\\\/srses.org\\\/#website\",\"url\":\"https:\\\/\\\/srses.org\\\/\",\"name\":\"SSES\",\"description\":\"Serbian Society of Emergency Surgery\",\"publisher\":{\"@id\":\"https:\\\/\\\/srses.org\\\/#organization\"},\"potentialAction\":[{\"@type\":\"SearchAction\",\"target\":{\"@type\":\"EntryPoint\",\"urlTemplate\":\"https:\\\/\\\/srses.org\\\/?s={search_term_string}\"},\"query-input\":{\"@type\":\"PropertyValueSpecification\",\"valueRequired\":true,\"valueName\":\"search_term_string\"}}],\"inLanguage\":\"en-US\"},{\"@type\":\"Organization\",\"@id\":\"https:\\\/\\\/srses.org\\\/#organization\",\"name\":\"SSES\",\"alternateName\":\"Serbian Society of Emergency Surgery\",\"url\":\"https:\\\/\\\/srses.org\\\/\",\"logo\":{\"@type\":\"ImageObject\",\"inLanguage\":\"en-US\",\"@id\":\"https:\\\/\\\/srses.org\\\/#\\\/schema\\\/logo\\\/image\\\/\",\"url\":\"https:\\\/\\\/srses.org\\\/wp-content\\\/uploads\\\/2023\\\/01\\\/crveni.png\",\"contentUrl\":\"https:\\\/\\\/srses.org\\\/wp-content\\\/uploads\\\/2023\\\/01\\\/crveni.png\",\"width\":724,\"height\":328,\"caption\":\"SSES\"},\"image\":{\"@id\":\"https:\\\/\\\/srses.org\\\/#\\\/schema\\\/logo\\\/image\\\/\"},\"sameAs\":[\"https:\\\/\\\/www.facebook.com\\\/srbses\"]}]}<\/script>\n<!-- \/ Yoast SEO plugin. -->","yoast_head_json":{"title":"SSES - \u010clanstvo","robots":{"index":"index","follow":"follow","max-snippet":"max-snippet:-1","max-image-preview":"max-image-preview:large","max-video-preview":"max-video-preview:-1"},"canonical":"https:\/\/srses.org\/?page_id=771","og_locale":"en_US","og_type":"article","og_title":"SSES - \u010clanstvo","og_description":"Ukoliko \u017eelite dodatne informacije o udru\u017eenju, molimo da nas kontaktirate na email sses@srses.org \u010cLANOVI UDRU\u017dENJA SE REGISTRUJU NA SAJTU I UPLA\u0106UJU redovno [&hellip;]","og_url":"https:\/\/srses.org\/?page_id=771","og_site_name":"SSES","article_publisher":"https:\/\/www.facebook.com\/srbses","article_modified_time":"2026-01-12T13:43:40+00:00","twitter_card":"summary_large_image","twitter_misc":{"Est. reading time":"2 minutes"},"schema":{"@context":"https:\/\/schema.org","@graph":[{"@type":"WebPage","@id":"https:\/\/srses.org\/?page_id=771","url":"https:\/\/srses.org\/?page_id=771","name":"SSES - \u010clanstvo","isPartOf":{"@id":"https:\/\/srses.org\/#website"},"datePublished":"2023-01-20T17:28:00+00:00","dateModified":"2026-01-12T13:43:40+00:00","breadcrumb":{"@id":"https:\/\/srses.org\/?page_id=771#breadcrumb"},"inLanguage":"en-US","potentialAction":[{"@type":"ReadAction","target":["https:\/\/srses.org\/?page_id=771"]}]},{"@type":"BreadcrumbList","@id":"https:\/\/srses.org\/?page_id=771#breadcrumb","itemListElement":[{"@type":"ListItem","position":1,"name":"Home","item":"https:\/\/srses.org\/"},{"@type":"ListItem","position":2,"name":"\u010clanstvo"}]},{"@type":"WebSite","@id":"https:\/\/srses.org\/#website","url":"https:\/\/srses.org\/","name":"SSES","description":"Serbian Society of Emergency Surgery","publisher":{"@id":"https:\/\/srses.org\/#organization"},"potentialAction":[{"@type":"SearchAction","target":{"@type":"EntryPoint","urlTemplate":"https:\/\/srses.org\/?s={search_term_string}"},"query-input":{"@type":"PropertyValueSpecification","valueRequired":true,"valueName":"search_term_string"}}],"inLanguage":"en-US"},{"@type":"Organization","@id":"https:\/\/srses.org\/#organization","name":"SSES","alternateName":"Serbian Society of Emergency Surgery","url":"https:\/\/srses.org\/","logo":{"@type":"ImageObject","inLanguage":"en-US","@id":"https:\/\/srses.org\/#\/schema\/logo\/image\/","url":"https:\/\/srses.org\/wp-content\/uploads\/2023\/01\/crveni.png","contentUrl":"https:\/\/srses.org\/wp-content\/uploads\/2023\/01\/crveni.png","width":724,"height":328,"caption":"SSES"},"image":{"@id":"https:\/\/srses.org\/#\/schema\/logo\/image\/"},"sameAs":["https:\/\/www.facebook.com\/srbses"]}]}},"_links":{"self":[{"href":"https:\/\/srses.org\/index.php?rest_route=\/wp\/v2\/pages\/771","targetHints":{"allow":["GET"]}}],"collection":[{"href":"https:\/\/srses.org\/index.php?rest_route=\/wp\/v2\/pages"}],"about":[{"href":"https:\/\/srses.org\/index.php?rest_route=\/wp\/v2\/types\/page"}],"author":[{"embeddable":true,"href":"https:\/\/srses.org\/index.php?rest_route=\/wp\/v2\/users\/2"}],"replies":[{"embeddable":true,"href":"https:\/\/srses.org\/index.php?rest_route=%2Fwp%2Fv2%2Fcomments&post=771"}],"version-history":[{"count":83,"href":"https:\/\/srses.org\/index.php?rest_route=\/wp\/v2\/pages\/771\/revisions"}],"predecessor-version":[{"id":5136,"href":"https:\/\/srses.org\/index.php?rest_route=\/wp\/v2\/pages\/771\/revisions\/5136"}],"wp:attachment":[{"href":"https:\/\/srses.org\/index.php?rest_route=%2Fwp%2Fv2%2Fmedia&parent=771"}],"curies":[{"name":"wp","href":"https:\/\/api.w.org\/{rel}","templated":true}]}}